{"id":8090,"date":"2018-09-28T18:10:24","date_gmt":"2018-09-28T18:10:24","guid":{"rendered":"https:\/\/gsgrupo.com\/quienes-somos\/"},"modified":"2018-11-29T16:28:59","modified_gmt":"2018-11-29T16:28:59","slug":"uber-uns","status":"publish","type":"page","link":"https:\/\/gsgrupo.com\/de\/uber-uns","title":{"rendered":"\u00dcber uns"},"content":{"rendered":"<div id=\"pl-8090\"  class=\"panel-layout\" ><div id=\"pg-8090-0\"  class=\"panel-grid panel-no-style\" ><div id=\"pgc-8090-0-0\"  class=\"panel-grid-cell\" >              <div id=\"panel-8090-0-0-0\" class=\"so-panel widget widget_modulo_cabecera panel-first-child\" data-index=\"0\" >              <div class=\"modulo cabecera externa\">\n                                <div class=\"titulo columna\">\n                    <h1>\n                        <span class=\"azul fs26 light efecto\" data-aos=\"sube\" data-aos-duration=\"800\">\n                            \u00dcber uns                        <\/span>\n                    <\/h1>\n                     \n                <\/div>\n                 \n                <div class=\"contenido columna efecto\" data-aos=\"sube-parrafo\" data-aos-duration=\"800\" data-aos-delay=\"100\">\n                                 <h2 class=\"azul fs26 bold\">Wir sind ein 1952 gegr\u00fcndetes Familienunternehmen, das schon immer auf die Bereitstellung hochwertiger Obst- und Gem\u00fcseerzeugnisse ausgerichtet gewesen ist.\n<\/h2>\n                 \n                <\/div>\n             <\/div>\n              <\/div>              <div id=\"panel-8090-0-0-1\" class=\"so-panel widget widget_modulo_articulo_2fotos_icono\" data-index=\"1\" >                <div class=\"modulo articulo11 tieneparrafo\">\n                    <div class=\"contenido\">\n                        <div class=\"capa efecto\" data-aos=\"capa-izquierda\" data-aos-delay=\"800\" data-aos-easing=\"new-easing\"><\/div>\n                        <div class=\"fotos\">\n                            <div class=\"cortina\">\n                            <\/div>\n                            <div class=\"foto big cover w480\" style=\"background-image:url('https:\/\/gsgrupo.com\/wp-content\/uploads\/2018\/10\/GES_conocenos_fundador.jpg');\">\n                                <div class=\"cortina efecto\" data-aos=\"barre-foto\" data-aos-easing=\"new-easing\">\n                                <\/div>\n                            <\/div>\n                            <div class=\"foto small cover w268\" style=\"background-image:url('https:\/\/gsgrupo.com\/wp-content\/uploads\/2018\/10\/GES_conocenos_David_abram.jpg');\">\n                                <div class=\"cortina efecto\" data-aos=\"barre-foto\" data-aos-easing=\"new-easing\" data-aos-delay=\"300\">\n                                <\/div>\n                            <\/div>\n                                                    <\/div>\n                        <div class=\"texto\">\n                                                                                    <h2 class=\"azul fs26 bold efecto\" data-aos=\"sube-parrafo\"  data-aos-delay=\"150\" data-aos-easing=\"easing-texto\" data-aos-duration='800'>\n                                Ohne Tradition gibt es keine Moderne.                            <\/h2>\n                                                                                    <p class=\"azul fs16 light efecto\" data-aos=\"sube-parrafo\"  data-aos-delay=\"200\" data-aos-easing=\"easing-texto\" data-aos-duration='800'>\n                            Unser Familienunternehmen wurde 1952 von Guy Shropshire in der britischen Region East Anglia gegr\u00fcndet. 1985 er\u00f6ffnete David Abram die spanische Tochtergesellschaft G's Espa\u00f1a mit Sitz in der Region Murcia.\n                            <\/p>\n                                                    <\/div>\n                    <\/div>\n                \n                <\/div>\n              <\/div>              <div id=\"panel-8090-0-0-2\" class=\"so-panel widget widget_modulo_articulo_foto_grande_derecha\" data-index=\"2\" >                <div class=\"modulo articulo17 tieneparrafo\">\n                    <!--Si tiene cabecera-->\n                     \n                    <!--- -->\n                    <div class=\"contenido\">\n                        <div class=\"texto\">\n                                                                                    <h2 class=\"azul fs26 bold efecto\" data-aos=\"sube-parrafo\"  data-aos-delay=\"150\" data-aos-easing=\"easing-texto\" data-aos-duration='800'>\n                                Unser Schwerpunkt ist der Anbau und Vertrieb frischer Erzeugnisse von h\u00f6chster Qualit\u00e4t in Europa.                            <\/h2>\n                                                                                   <p class=\"azul fs16 light efecto\" data-aos=\"sube-parrafo\"  data-aos-delay=\"200\" data-aos-easing=\"easing-texto\" data-aos-duration='800'>\n                            Wir z\u00e4hlen zu den europ\u00e4ischen Marktf\u00fchrern in puncto Herstellung und Vertrieb eines breiten Sortiments an Obst- und Gem\u00fcsesorten der Premium-Klasse. Im Rahmen der aktuellen Markttrends und -bed\u00fcrfnisse begannen wir 2017 mit der Herstellung von Mehrwertprodukten.&nbsp;\n                            <\/p>\n                                                                                <\/div>\n                        <div class=\"capa\" data-aos=\"capa-derecha\" data-aos-easing=\"new-easing\"><\/div>\n                        <div class=\"fotos\">\n                            <div class=\"foto big cover w577\" style=\"background-image:url('https:\/\/gsgrupo.com\/wp-content\/uploads\/2018\/10\/GES_conocenos_campo.jpg');\">\n                                <div class=\"cortina\" data-aos=\"barre-foto\" data-aos-easing=\"new-easing\">\n                                <\/div>\n                            <\/div>\n                            \n\n                        <\/div>\n                        \n                    <\/div>\n                \n                <\/div>\n              <\/div>              <div id=\"panel-8090-0-0-3\" class=\"so-panel widget widget_modulo_articulo_foto_grande_izquierda\" data-index=\"3\" >                <div class=\"modulo articulo16 tieneparrafo\">\n                    <!--Si tiene cabecera-->\n                     \n                    <!--- -->\n                    <div class=\"contenido\">\n                        <div class=\"capa efecto\" data-aos=\"capa-vertical\" data-aos-delay=\"800\" data-aos-easing=\"new-easing\"><\/div>\n                        <div class=\"fotos\">\n                            <div class=\"cortina\">\n                            <\/div>\n                            <div class=\"foto big cover w654\" style=\"background-image:url('https:\/\/gsgrupo.com\/wp-content\/uploads\/2018\/10\/GES_conocenos_agua.jpg');\">\n                                <div class=\"cortina efecto\" data-aos=\"barre-foto\" data-aos-easing=\"new-easing\">\n                                <\/div>\n                            <\/div>\n                                                    <\/div>\n                        <div class=\"texto\">\n                                                                                    <h2 class=\"azul fs26 bold efecto\" data-aos=\"sube-parrafo\"  data-aos-delay=\"150\" data-aos-easing=\"easing-texto\" data-aos-duration='800'>\n                                Eine Gruppe in Expansion.                            <\/h2>\n                                                                                    <p class=\"azul fs16 light efecto\" data-aos=\"sube-parrafo\"  data-aos-delay=\"200\" data-aos-easing=\"easing-texto\" data-aos-duration='800'>\n                            Seit seiner Gr\u00fcndung im Jahr 1985 ist G's Espa\u00f1a dank erheblicher Investitionen in neue Erzeugnisse, Anbaufl\u00e4chen und Wasserressourcen signifikant gewachsen.\n                            <\/p>\n                                                    <\/div>\n                    <\/div>\n                \n                <\/div>\n              <\/div>              <div id=\"panel-8090-0-0-4\" class=\"so-panel widget widget_modulo_articulo_2fotos_derecha_texto\" data-index=\"4\" >                <div class=\"modulo articulo9 horizontal \">\n                    <!--Si tiene cabecera-->\n                     \n                    <!--- -->\n                    <div class=\"contenido centrado\">\n                        <div class=\"texto\">\n                                                                                    <h2 class=\"azul fs26 bold efecto\" data-aos=\"sube-parrafo\">\n                                Gemeinsam wachsen.                            <\/h2>\n                                                                                    <p class=\"azul fs16 light efecto\" data-aos=\"sube-parrafo\">\n                            Mit unserer vertikal integrierten Produktion sind wir in der gesamten Lieferkette pr\u00e4sent. Vom Samen bis hin zum Versand der Erzeugnisse.&nbsp;\n                            <\/p>\n                                                    <\/div>\n                        <div class=\"capa horizontal\" data-aos=\"capa-derecha\"  data-aos-delay=\"600\" data-aos-easing=\"new-easing\"><\/div>\n                        <div class=\"fotos\">\n                            <div class=\"foto big cover w577 efecto\" style=\"background-image:url('https:\/\/gsgrupo.com\/wp-content\/uploads\/2018\/10\/GES_conocenos_desarrollo-1.jpg');\">\n                                <div class=\"cortina efecto\" data-aos=\"barre-foto\" data-aos-easing=\"new-easing\">\n                                <\/div>\n                            <\/div>\n                            <div class=\"foto small cover w382\" style=\"background-image:url('https:\/\/gsgrupo.com\/wp-content\/uploads\/2018\/10\/GES_conocenos_camion.jpg');\">\n                                <div class=\"cortina efecto\" data-aos=\"barre-foto\" data-aos-easing=\"new-easing\" data-aos-delay=\"300\">\n                                <\/div>\n                            <\/div>\n                            \n                        <\/div>\n                        \n                    <\/div>\n                \n                <\/div>\n              <\/div>              <div id=\"panel-8090-0-0-5\" class=\"so-panel widget widget_modulo_articulo_foto_icono panel-last-child\" data-index=\"5\" >                <div class=\"modulo articulo10 tieneparrafo\">\n                    <!--Si tiene cabecera-->\n                     \n                    <!--- -->\n                    <div class=\"contenido\">\n                        <div class=\"capa efecto\" data-aos=\"capa-izquierda\" data-aos-delay=\"800\" data-aos-easing=\"new-easing\"><\/div>\n                        <div class=\"fotos\">\n                            <div class=\"cortina\">\n                            <\/div>\n                            <div class=\"foto big cover w654\" style=\"background-image:url('https:\/\/gsgrupo.com\/wp-content\/uploads\/2018\/10\/GES_conocenos_sostenible.jpg');\">\n                                <div class=\"cortina efecto\" data-aos=\"barre-foto\" data-aos-easing=\"new-easing\">\n                                <\/div>\n                            <\/div>\n                                                    <\/div>\n                        <div class=\"texto\">\n                                                                                    <h2 class=\"azul fs26 bold efecto\" data-aos=\"sube-parrafo\"  data-aos-delay=\"150\" data-aos-easing=\"easing-texto\" data-aos-duration='800'>\n                                Engagement f\u00fcr nachhaltige Entwicklung und Umweltschutz.                            <\/h2>\n                                                                                    <p class=\"azul fs16 light efecto\" data-aos=\"sube-parrafo\"  data-aos-delay=\"200\" data-aos-easing=\"easing-texto\" data-aos-duration='800'>\n                            Die Umwelt ist unsere gr\u00f6\u00dfte Ressource. Daher f\u00fchren wir verschiedene Projekte zu deren Erhaltung, Schutz und Weiterentwicklung durch, beispielsweise die Anpflanzung nat\u00fcrlicher Lebensr\u00e4ume in unseren Betrieben.\n                            <\/p>\n                                                    <\/div>\n                    <\/div>\n                \n                <\/div>\n              <\/div><\/div><\/div><\/div>","protected":false},"excerpt":{"rendered":"<p>\u00dcber uns Wir sind ein 1952 gegr\u00fcndetes Familienunternehmen, das schon immer auf die Bereitstellung hochwertiger Obst- und Gem\u00fcseerzeugnisse ausgerichtet gewesen ist. Ohne Tradition gibt es keine Moderne. Unser Familienunternehmen wurde 1952 von Guy Shropshire in der britischen Region East Anglia gegr\u00fcndet. 1985 er\u00f6ffnete David Abram die spanische Tochtergesellschaft G&#8217;s Espa\u00f1a mit Sitz in der Region [&hellip;]<\/p>\n","protected":false},"author":1,"featured_media":0,"parent":0,"menu_order":0,"comment_status":"closed","ping_status":"closed","template":"","meta":{"_acf_changed":false,"footnotes":""},"class_list":["post-8090","page","type-page","status-publish","hentry"],"acf":[],"_links":{"self":[{"href":"https:\/\/gsgrupo.com\/de\/wp-json\/wp\/v2\/pages\/8090","targetHints":{"allow":["GET"]}}],"collection":[{"href":"https:\/\/gsgrupo.com\/de\/wp-json\/wp\/v2\/pages"}],"about":[{"href":"https:\/\/gsgrupo.com\/de\/wp-json\/wp\/v2\/types\/page"}],"author":[{"embeddable":true,"href":"https:\/\/gsgrupo.com\/de\/wp-json\/wp\/v2\/users\/1"}],"replies":[{"embeddable":true,"href":"https:\/\/gsgrupo.com\/de\/wp-json\/wp\/v2\/comments?post=8090"}],"version-history":[{"count":2,"href":"https:\/\/gsgrupo.com\/de\/wp-json\/wp\/v2\/pages\/8090\/revisions"}],"predecessor-version":[{"id":8092,"href":"https:\/\/gsgrupo.com\/de\/wp-json\/wp\/v2\/pages\/8090\/revisions\/8092"}],"wp:attachment":[{"href":"https:\/\/gsgrupo.com\/de\/wp-json\/wp\/v2\/media?parent=8090"}],"curies":[{"name":"wp","href":"https:\/\/api.w.org\/{rel}","templated":true}]}}