{"id":8108,"date":"2018-09-28T18:04:21","date_gmt":"2018-09-28T18:04:21","guid":{"rendered":"https:\/\/gsgrupo.com\/gs-en-espana\/"},"modified":"2019-03-11T12:25:09","modified_gmt":"2019-03-11T12:25:09","slug":"gs-in-spanien","status":"publish","type":"page","link":"https:\/\/gsgrupo.com\/de\/gs-in-spanien","title":{"rendered":"G\u2019s in Spanien"},"content":{"rendered":"<div id=\"pl-8108\"  class=\"panel-layout\" ><div id=\"pg-8108-0\"  class=\"panel-grid panel-no-style\" ><div id=\"pgc-8108-0-0\"  class=\"panel-grid-cell\" >              <div id=\"panel-8108-0-0-0\" class=\"so-panel widget widget_modulo_cabecera panel-first-child\" data-index=\"0\" >              <div class=\"modulo cabecera externa\">\n                                <div class=\"titulo columna\">\n                    <h1>\n                        <span class=\"azul fs26 light efecto\" data-aos=\"sube\" data-aos-duration=\"800\">\n                            G\u2019s in Spanien                        <\/span>\n                    <\/h1>\n                     \n                <\/div>\n                 \n                <div class=\"contenido columna efecto\" data-aos=\"sube-parrafo\" data-aos-duration=\"800\" data-aos-delay=\"100\">\n                                 <h2 class=\"azul fs26 bold\">Die Gruppe G's ist ein 1952 von Guy Shropshire in der britischen Region East Anglia gegr\u00fcndetes Familienunternehmen. 1985 wurde die spanische Tochtergesellschaft G's Espa\u00f1a mit Sitz in der Region Murcia er\u00f6ffnet.\n<\/h2>\n                 \n                <\/div>\n             <\/div>\n              <\/div>              <div id=\"panel-8108-0-0-1\" class=\"so-panel widget widget_modulo_timeline panel-last-child\" data-index=\"1\" >              <div class=\"modulo timeline\">\n                <div class=\"indicador\">\n                    <span class=\"azul fs26 light\" data-aos=\"sube-parrafo\" data-aos-duration=\"800\">\n                    Durchsuchen                    <\/span>\n                    <div class=\"raya\" data-aos=\"capa-vertical\" data-aos-duration=\"1000\">\n                    <\/div>\n                <\/div>\n                                <div class=\"fecha\">\n                        <div class=\"btn-timeline\" data-aos=\"sube-parrafo\" >\n                        <h4 class=\"azul-claro bold fs55 link\">1949<\/h4>\n                        <\/div>\n                        <div class=\"contenedor\">\n                            <div class=\"img\" style=\"background-image:url('https:\/\/gsgrupo.com\/wp-content\/uploads\/2018\/10\/GES_historia_1949.jpg');\">\n                                <div data-aos=\"barre-foto\" data-aos-delay=\"300\" class=\"capa\"><\/div>\n                            <\/div>\n                            <div class=\"texto\" data-aos=\"sube-parrafo\">\n                                <p class=\"azul bold fs26\">Gr\u00fcndung von Pascual Hermanos S.A.<\/p>\n                            <\/div>\n                       <\/div>\n                <\/div>\n                                                <div class=\"fecha\">\n                        <div class=\"btn-timeline\" data-aos=\"sube-parrafo\">\n                        <h4 class=\"azul-claro bold fs55 link\">1952<\/h4>\n                        <\/div>\n                        <div class=\"contenedor\">\n                            <div class=\"img\" style=\"background-image:url('https:\/\/gsgrupo.com\/wp-content\/uploads\/2018\/10\/GES_historia_1952.jpg');\">\n                                <div data-aos=\"barre-foto\" data-aos-delay=\"300\" class=\"capa\"><\/div>\n                            <\/div>\n                            <div class=\"texto\" data-aos=\"sube-parrafo\">\n                                <p class=\"azul bold fs26\">Guy Shropshire startet mit 120 ha im britischen Fordey (Cambridgeshire).<\/p>\n                            <\/div>\n                       <\/div>\n                <\/div>\n                                                <div class=\"fecha\">\n                        <div class=\"btn-timeline\" data-aos=\"sube-parrafo\">\n                        <h4 class=\"azul-claro bold fs55 link\">1957<\/h4>\n                        <\/div>\n                        <div class=\"contenedor\" data-aos=\"sube-parrafo\">\n                            <div class=\"img\" style=\"background-image:url('https:\/\/gsgrupo.com\/wp-content\/uploads\/2018\/10\/GES_conocenos_1957-4.jpg');\">\n                                <div data-aos=\"barre-foto\" data-aos-delay=\"300\" class=\"capa\"><\/div>\n                            <\/div>\n                            <div class=\"texto\" data-aos=\"sube-parrafo\">\n                                <p class=\"azul bold fs26\">Erstes Waschen und Verpacken von Sellerie.<\/p>\n                            <\/div>\n                       <\/div>\n                <\/div>\n                                \n                                <div class=\"fecha\">\n                        <div class=\"btn-timeline\" data-aos=\"sube-parrafo\">\n                        <h4 class=\"azul-claro bold fs55 link\">1960<\/h4>\n                        <\/div>\n                        <div class=\"contenedor\" data-aos=\"sube-parrafo\">\n                            <div class=\"img\" style=\"background-image:url('https:\/\/gsgrupo.com\/wp-content\/uploads\/2018\/10\/GES_historia_1960-1.jpg');\">\n                                <div data-aos=\"barre-foto\" data-aos-delay=\"300\" class=\"capa\"><\/div>\n                            <\/div>\n                            <div class=\"texto\" data-aos=\"sube-parrafo\">\n                                <p class=\"azul bold fs26\">Einf\u00fchrung der Marke G's.<\/p>\n                            <\/div>\n                       <\/div>\n                <\/div>\n                                                <div class=\"fecha\">\n                        <div class=\"btn-timeline\" data-aos=\"sube-parrafo\">\n                        <h4 class=\"azul-claro bold fs55 link\">1970<\/h4>\n                        <\/div>\n                        <div class=\"contenedor\" data-aos=\"sube-parrafo\">\n                            <div class=\"img\" style=\"background-image:url('https:\/\/gsgrupo.com\/wp-content\/uploads\/2018\/10\/GES_historia_1970.jpg');\">\n                                <div data-aos=\"barre-foto\" data-aos-delay=\"300\" class=\"capa\"><\/div>\n                            <\/div>\n                           <div class=\"texto\" data-aos=\"sube-parrafo\">\n                                <p class=\"azul bold fs26\">Die S\u00f6hne des Gr\u00fcnders Guy Shropshire treten in das Familienunternehmen ein.<\/p>\n                            <\/div>\n                       <\/div>\n                <\/div>\n                                                <div class=\"fecha\">\n                        <div class=\"btn-timeline\" data-aos=\"sube-parrafo\">\n                        <h4 class=\"azul-claro bold fs55 link\">1985<\/h4>\n                        <\/div>\n                        <div class=\"contenedor\" data-aos=\"sube-parrafo\">\n                            <div class=\"img\" style=\"background-image:url('https:\/\/gsgrupo.com\/wp-content\/uploads\/2018\/10\/GES_historia_1985.jpg');\">\n                                <div data-aos=\"barre-foto\" data-aos-delay=\"300\" class=\"capa\"><\/div>\n                            <\/div>\n                           <div class=\"texto\" data-aos=\"sube-parrafo\">\n                                <p class=\"azul bold fs26\">Gr\u00fcndung von G\u2019s Espa\u00f1a.<\/p>\n                            <\/div>\n                       <\/div>\n                <\/div>\n                                                <div class=\"fecha\">\n                        <div class=\"btn-timeline\" data-aos=\"sube-parrafo\">\n                        <h4 class=\"azul-claro bold fs55 link\">1990<\/h4>\n                        <\/div>\n                        <div class=\"contenedor\" data-aos=\"sube-parrafo\">\n                            <div class=\"img\" style=\"background-image:url('https:\/\/gsgrupo.com\/wp-content\/uploads\/2018\/10\/GES_historia_1990-1.jpg');\">\n                                <div data-aos=\"barre-foto\" data-aos-delay=\"300\" class=\"capa\"><\/div>\n                            <\/div>\n                            <div class=\"texto\" data-aos=\"sube-parrafo\">\n                                <p class=\"azul bold fs26\">Zu Beginn des Jahrzehnts erweitert G's seine Anbaufl\u00e4che und besch\u00e4ftigt mehr als 1.500 Mitarbeiter.<\/p>\n                            <\/div>\n                       <\/div>\n                <\/div>\n                                                <div class=\"fecha\">\n                        <div class=\"btn-timeline\" data-aos=\"sube-parrafo\">\n                        <h4 class=\"azul-claro bold fs55 link\">1994<\/h4>\n                        <\/div>\n                        <div class=\"contenedor\" data-aos=\"sube-parrafo\">\n                            <div class=\"img\" style=\"background-image:url('https:\/\/gsgrupo.com\/wp-content\/uploads\/2018\/10\/GES_historia_1994.jpg');\">\n                                <div data-aos=\"barre-foto\" data-aos-delay=\"300\" class=\"capa\"><\/div>\n                            <\/div>\n                            <div class=\"texto\" data-aos=\"sube-parrafo\">\n                                <p class=\"azul bold fs26\">G's erwirbt in Torre Pacheco (Murcia) das erste Erzeugnis Lager f\u00fcr Spanien.<\/p>\n                            <\/div>\n                       <\/div>\n                <\/div>\n                                                <div class=\"fecha\">\n                        <div class=\"btn-timeline\" data-aos=\"sube-parrafo\">\n                        <h4 class=\"azul-claro bold fs55 link\">2002<\/h4>\n                        <\/div>\n                        <div class=\"contenedor\" data-aos=\"sube-parrafo\">\n                            <div class=\"img\" style=\"background-image:url('https:\/\/gsgrupo.com\/wp-content\/uploads\/2018\/10\/GES_historia_2002.jpg');\">\n                                <div data-aos=\"barre-foto\" data-aos-delay=\"300\" class=\"capa\"><\/div>\n                            <\/div>\n                           <div class=\"texto\" data-aos=\"sube-parrafo\">\n                                <p class=\"azul bold fs26\">Kauf von Pascual Hermanos, S.A. Erweiterung unseres Produktangebots um Zitrusfr\u00fcchte und Tomaten. <\/p>\n                            <\/div>\n                       <\/div>\n                <\/div>\n                                                <div class=\"fecha\">\n                        <div class=\"btn-timeline\" data-aos=\"sube-parrafo\">\n                        <h4 class=\"azul-claro bold fs55 link\">2007<\/h4>\n                        <\/div>\n                        <div class=\"contenedor\" data-aos=\"sube-parrafo\">\n                            <div class=\"img\" style=\"background-image:url('https:\/\/gsgrupo.com\/wp-content\/uploads\/2018\/10\/GES_historia_2007-1.jpg');\">\n                                <div data-aos=\"barre-foto\" data-aos-delay=\"300\" class=\"capa\"><\/div>\n                            <\/div>\n                            <div class=\"texto\" data-aos=\"sube-parrafo\">\n                                <p class=\"azul bold fs26\">Gr\u00fcndung von Naturally Organic S.L.<\/p>\n                            <\/div>\n                       <\/div>\n                <\/div>\n                                                <div class=\"fecha\">\n                        <div class=\"btn-timeline\" data-aos=\"sube-parrafo\">\n                        <h4 class=\"azul-claro bold fs55 link\">2012<\/h4>\n                        <\/div>\n                        <div class=\"contenedor\" data-aos=\"sube-parrafo\">\n                            <div class=\"img\" style=\"background-image:url('https:\/\/gsgrupo.com\/wp-content\/uploads\/2018\/10\/GES_historia_2012-1.jpg');\">\n                                <div data-aos=\"barre-foto\" data-aos-delay=\"300\" class=\"capa\"><\/div>\n                            <\/div>\n                            <div class=\"texto\" data-aos=\"sube-parrafo\">\n                                <p class=\"azul bold fs26\">G's Fresh wird 60 Jahre alt.<\/p>\n                            <\/div>\n                       <\/div>\n                <\/div>\n                                                <div class=\"fecha\">\n                        <div class=\"btn-timeline\" data-aos=\"sube-parrafo\">\n                        <h4 class=\"azul-claro bold fs55 link\">2014<\/h4>\n                        <\/div>\n                        <div class=\"contenedor\" data-aos=\"sube-parrafo\">\n                            <div class=\"img\" style=\"background-image:url('https:\/\/gsgrupo.com\/wp-content\/uploads\/2019\/03\/GS_Historia_2014.jpg');\">\n                                <div data-aos=\"barre-foto\" data-aos-delay=\"300\" class=\"capa\"><\/div>\n                            <\/div>\n                            <div class=\"texto\" data-aos=\"sube-parrafo\">\n                                <p class=\"azul bold fs26\">Guy Shropshire schliesst sich als Generaldirektor in das Unternehmen in Spanien an.<\/p>\n                            <\/div>\n                       <\/div>\n                <\/div>\n                                                <div class=\"fecha\">\n                        <div class=\"btn-timeline\" data-aos=\"sube-parrafo\">\n                        <h4 class=\"azul-claro bold fs55 link\">2015<\/h4>\n                        <\/div>\n                        <div class=\"contenedor\" data-aos=\"sube-parrafo\">\n                            <div class=\"img\" style=\"background-image:url('https:\/\/gsgrupo.com\/wp-content\/uploads\/2018\/10\/GES_historia_2015-1.jpg');\">\n                                <div data-aos=\"barre-foto\" data-aos-delay=\"300\" class=\"capa\"><\/div>\n                            <\/div>\n                            <div class=\"texto\" data-aos=\"sube-parrafo\">\n                                <p class=\"azul bold fs26\">G's Espa\u00f1a wird 30 Jahre alt. Akquisition von Agr\u00edcola 92, S.L. in Spanien. Er\u00f6ffnung des Betriebs La Coronela f\u00fcr Bioerzeugnisse. Einf\u00fchrung von Love Beets in Spanien.<\/p>\n                            <\/div>\n                       <\/div>\n                <\/div>\n                                                <div class=\"fecha\">\n                        <div class=\"btn-timeline\" data-aos=\"sube-parrafo\">\n                        <h4 class=\"azul-claro bold fs55 link\">2016<\/h4>\n                        <\/div>\n                        <div class=\"contenedor\" data-aos=\"sube-parrafo\">\n                            <div class=\"img\" style=\"background-image:url('https:\/\/gsgrupo.com\/wp-content\/uploads\/2018\/10\/GES_historia_2016-1.jpg');\">\n                                <div data-aos=\"barre-foto\" data-aos-delay=\"300\" class=\"capa\"><\/div>\n                            <\/div>\n                            <div class=\"texto\" data-aos=\"sube-parrafo\">\n                                <p class=\"azul bold fs26\">Bau des neuen sanften Verarbeitungswerks auf dem Gel\u00e4nde von G's Espa\u00f1a in Torre Pacheco. <\/p>\n                            <\/div>\n                       <\/div>\n                <\/div>\n                                                \n                \n                \n                \n                \n                \n                \n                \n                \n                \n\n\n\n\n\n\n             <\/div>\n              <\/div><\/div><\/div><\/div>","protected":false},"excerpt":{"rendered":"<p>G\u2019s in Spanien Die Gruppe G&#8217;s ist ein 1952 von Guy Shropshire in der britischen Region East Anglia gegr\u00fcndetes Familienunternehmen. 1985 wurde die spanische Tochtergesellschaft G&#8217;s Espa\u00f1a mit Sitz in der Region Murcia er\u00f6ffnet. Durchsuchen 1949 Gr\u00fcndung von Pascual Hermanos S.A. 1952 Guy Shropshire startet mit 120 ha im britischen Fordey (Cambridgeshire). 1957 Erstes Waschen [&hellip;]<\/p>\n","protected":false},"author":1,"featured_media":0,"parent":0,"menu_order":0,"comment_status":"closed","ping_status":"closed","template":"","meta":{"_acf_changed":false,"footnotes":""},"class_list":["post-8108","page","type-page","status-publish","hentry"],"acf":[],"_links":{"self":[{"href":"https:\/\/gsgrupo.com\/de\/wp-json\/wp\/v2\/pages\/8108","targetHints":{"allow":["GET"]}}],"collection":[{"href":"https:\/\/gsgrupo.com\/de\/wp-json\/wp\/v2\/pages"}],"about":[{"href":"https:\/\/gsgrupo.com\/de\/wp-json\/wp\/v2\/types\/page"}],"author":[{"embeddable":true,"href":"https:\/\/gsgrupo.com\/de\/wp-json\/wp\/v2\/users\/1"}],"replies":[{"embeddable":true,"href":"https:\/\/gsgrupo.com\/de\/wp-json\/wp\/v2\/comments?post=8108"}],"version-history":[{"count":11,"href":"https:\/\/gsgrupo.com\/de\/wp-json\/wp\/v2\/pages\/8108\/revisions"}],"predecessor-version":[{"id":9408,"href":"https:\/\/gsgrupo.com\/de\/wp-json\/wp\/v2\/pages\/8108\/revisions\/9408"}],"wp:attachment":[{"href":"https:\/\/gsgrupo.com\/de\/wp-json\/wp\/v2\/media?parent=8108"}],"curies":[{"name":"wp","href":"https:\/\/api.w.org\/{rel}","templated":true}]}}