{"id":8113,"date":"2018-09-28T19:31:08","date_gmt":"2018-09-28T19:31:08","guid":{"rendered":"https:\/\/gsgrupo.com\/produccion-vertical-integrada\/"},"modified":"2021-10-26T10:33:56","modified_gmt":"2021-10-26T10:33:56","slug":"vertikal-integrierte-produktion","status":"publish","type":"page","link":"https:\/\/gsgrupo.com\/de\/vertikal-integrierte-produktion","title":{"rendered":"Vertikal integrierte produktion"},"content":{"rendered":"<div id=\"pl-8113\"  class=\"panel-layout\" ><div id=\"pg-8113-0\"  class=\"panel-grid panel-no-style\" ><div id=\"pgc-8113-0-0\"  class=\"panel-grid-cell\" >              <div id=\"panel-8113-0-0-0\" class=\"so-panel widget widget_modulo_cabecera panel-first-child\" data-index=\"0\" >              <div class=\"modulo cabecera externa\">\n                                <div class=\"titulo columna\">\n                    <h1>\n                        <span class=\"azul fs26 light efecto\" data-aos=\"sube\" data-aos-duration=\"800\">\n                            Vertikal integrierte produktion                        <\/span>\n                    <\/h1>\n                     \n                <\/div>\n                 \n                <div class=\"contenido columna efecto\" data-aos=\"sube-parrafo\" data-aos-duration=\"800\" data-aos-delay=\"100\">\n                                 <h2 class=\"azul fs26 bold\">Unsere Pr\u00e4senz erstreckt sich \u00fcber den gesamten Prozess, vom Samen bis hin zum Versand der Erzeugnisse.\n<\/h2>\n                 \n                <\/div>\n             <\/div>\n              <\/div>              <div id=\"panel-8113-0-0-1\" class=\"so-panel widget widget_modulo_articulo_2fotos_icono\" data-index=\"1\" >                <div class=\"modulo articulo11 tieneparrafo\">\n                    <div class=\"contenido\">\n                        <div class=\"capa efecto\" data-aos=\"capa-izquierda\" data-aos-delay=\"800\" data-aos-easing=\"new-easing\"><\/div>\n                        <div class=\"fotos\">\n                            <div class=\"cortina\">\n                            <\/div>\n                            <div class=\"foto big cover w480\" style=\"background-image:url('https:\/\/gsgrupo.com\/wp-content\/uploads\/2018\/10\/GES_semilleros_grande-5.jpg');\">\n                                <div class=\"cortina efecto\" data-aos=\"barre-foto\" data-aos-easing=\"new-easing\">\n                                <\/div>\n                            <\/div>\n                            <div class=\"foto small cover w268\" style=\"background-image:url('https:\/\/gsgrupo.com\/wp-content\/uploads\/2018\/10\/GES_semilleros_peque\u00f1a.jpg');\">\n                                <div class=\"cortina efecto\" data-aos=\"barre-foto\" data-aos-easing=\"new-easing\" data-aos-delay=\"300\">\n                                <\/div>\n                            <\/div>\n                                                    <\/div>\n                        <div class=\"texto\">\n                                                        <h3 class=\"fs14 azul light efecto\" data-aos=\"sube-parrafo\" data-aos-delay=\"100\" data-aos-easing=\"easing-texto\" data-aos-duration='800'>\n                                Saatbeet                            <\/h3>\n                                                                                    <h2 class=\"azul fs26 bold efecto\" data-aos=\"sube-parrafo\"  data-aos-delay=\"150\" data-aos-easing=\"easing-texto\" data-aos-duration='800'>\n                                Wir pflegen unsere Erzeugnisse vom Samen an                            <\/h2>\n                                                                                    <p class=\"azul fs16 light efecto\" data-aos=\"sube-parrafo\"  data-aos-delay=\"200\" data-aos-easing=\"easing-texto\" data-aos-duration='800'>\n                            Wir setzen uns ab dem Samen daf\u00fcr ein, dass unsere Erzeugnisse die h\u00f6chsten Qualit\u00e4tsanforderungen der Verbraucher erf\u00fcllen. Dieser Prozess findet in unseren Saatbeeten statt, die sich auf einer Fl\u00e4che von 10 ha befinden und eine Kapazit\u00e4t f\u00fcr 250 Mio. Pflanzen besitzen\n                            <\/p>\n                                                    <\/div>\n                    <\/div>\n                \n                <\/div>\n              <\/div>              <div id=\"panel-8113-0-0-2\" class=\"so-panel widget widget_modulo_datos\" data-index=\"2\" >              <div class=\"modulo datos\">\n                <div class=\"contenido derecha\" data-aos=\"sube-parrafo\" data-aos-easing=\"new-easing\" data-aos-duration=\"800\">\n                    <div class=\"capa\" data-aos=\"capa-derecha\" data-aos-delay=\"800\" data-aos-easing=\"new-easing\"><\/div>\n                    <div class=\"numeros\">\n                        <div class=\"row borde\">\n                            <div class=\"col-70\">\n                                <h2 class=\"bold fs26 azul\">Fl\u00e4che<\/h2>\n                            <\/div>\n                            <div class=\"col-30\">\n                                <h3 class=\"fs55 azul light\">10,4<span class=\"fs22\">ha<\/span><\/h3>\n                            <\/div>\n                        <\/div>\n                        <div class=\"row\">\n                            <div class=\"col-33\">\n                                <div class=\"row\">\n                                    <h4 class=\"fs12 light azul header\">\u00c1guilas<\/h4>\n                                <\/div>\n                                <div class=\"row\">\n                                    <p class=\"fs26 azul light\">3,3 ha<\/p>\n                                <\/div>\n                            <\/div>\n                            <div class=\"col-33\">\n                                <div class=\"row\">\n                                    <h4 class=\"fs12 light azul header\">Primicias<\/h4>\n                                <\/div>\n                                <div class=\"row\">\n                                    <p class=\"fs26 azul light\">4,7 ha<\/p>\n                                <\/div>\n                            <\/div>\n                            <div class=\"col-33\">\n                                <div class=\"row\">\n                                    <h4 class=\"fs12 light azul header\">Baza<\/h4>\n                                <\/div>\n                                <div class=\"row\">\n                                    <p class=\"fs26 azul light\">2,4 ha<\/p>\n                                <\/div>\n                            <\/div>\n                        <\/div>\n                    <\/div>\n                <\/div>\n             <\/div>\n              <\/div>              <div id=\"panel-8113-0-0-3\" class=\"so-panel widget widget_modulo_datos\" data-index=\"3\" >              <div class=\"modulo datos\">\n                <div class=\"contenido izquierda\" data-aos=\"sube-parrafo\" data-aos-easing=\"new-easing\" data-aos-duration=\"800\">\n                    <div class=\"capa\" data-aos=\"capa-izquierda\" data-aos-delay=\"800\" data-aos-easing=\"new-easing\"><\/div>\n                    <div class=\"numeros\">\n                        <div class=\"row borde\">\n                            <div class=\"col-70\">\n                                <h2 class=\"bold fs26 azul\">Pflanzen<\/h2>\n                            <\/div>\n                            <div class=\"col-30\">\n                                <h3 class=\"fs55 azul light\">250<span class=\"fs22\">mill<\/span><\/h3>\n                            <\/div>\n                        <\/div>\n                        <div class=\"row\">\n                            <div class=\"col-33\">\n                                <div class=\"row\">\n                                    <h4 class=\"fs12 light azul header\">\u00c1guilas<\/h4>\n                                <\/div>\n                                <div class=\"row\">\n                                    <p class=\"fs26 azul light\">82 mill<\/p>\n                                <\/div>\n                            <\/div>\n                            <div class=\"col-33\">\n                                <div class=\"row\">\n                                    <h4 class=\"fs12 light azul header\">Primicias<\/h4>\n                                <\/div>\n                                <div class=\"row\">\n                                    <p class=\"fs26 azul light\">150 mill<\/p>\n                                <\/div>\n                            <\/div>\n                            <div class=\"col-33\">\n                                <div class=\"row\">\n                                    <h4 class=\"fs12 light azul header\">Baza<\/h4>\n                                <\/div>\n                                <div class=\"row\">\n                                    <p class=\"fs26 azul light\">18 mill<\/p>\n                                <\/div>\n                            <\/div>\n                        <\/div>\n                    <\/div>\n                <\/div>\n             <\/div>\n              <\/div>              <div id=\"panel-8113-0-0-4\" class=\"so-panel widget widget_modulo_articulo_foto_grande_derecha\" data-index=\"4\" >                <div class=\"modulo articulo17 tieneparrafo\">\n                    <!--Si tiene cabecera-->\n                     \n                    <!--- -->\n                    <div class=\"contenido\">\n                        <div class=\"texto\">\n                                                        <h3 class=\"fs14 azul light efecto\" data-aos=\"sube-parrafo\" data-aos-delay=\"100\" data-aos-easing=\"easing-texto\" data-aos-duration='800'>\n                                Erzeugung                            <\/h3>\n                                                                                    <h2 class=\"azul fs26 bold efecto\" data-aos=\"sube-parrafo\"  data-aos-delay=\"150\" data-aos-easing=\"easing-texto\" data-aos-duration='800'>\n                                Ein Team mit mehr als 35 Jahren Erfahrung bei der Bodenvorbereitung und Ernte.                            <\/h2>\n                                                                                   <p class=\"azul fs16 light efecto\" data-aos=\"sube-parrafo\"  data-aos-delay=\"200\" data-aos-easing=\"easing-texto\" data-aos-duration='800'>\n                            Ein Team mit mehr als 35 Jahren Erfahrung und spezifischen Fachkenntnissen in Bezug auf die jeweiligen Erzeugnisse \u00fcberwacht s\u00e4mtliche T\u00e4tigkeiten des Produktionsprozesses, von der Bodenvorbereitung bis hin zur Ernte.&nbsp;\n                            <\/p>\n                                                                                    <img decoding=\"async\" class=\"icono\" src=\"https:\/\/gsgrupo.com\/wp-content\/uploads\/2018\/10\/produccion.svg\" data-aos=\"sube-parrafo\">\n                                                    <\/div>\n                        <div class=\"capa\" data-aos=\"capa-derecha\" data-aos-easing=\"new-easing\"><\/div>\n                        <div class=\"fotos\">\n                            <div class=\"foto big cover w577\" style=\"background-image:url('https:\/\/gsgrupo.com\/wp-content\/uploads\/2018\/10\/GES_equipo-1.jpg');\">\n                                <div class=\"cortina\" data-aos=\"barre-foto\" data-aos-easing=\"new-easing\">\n                                <\/div>\n                            <\/div>\n                            \n\n                        <\/div>\n                        \n                    <\/div>\n                \n                <\/div>\n              <\/div>              <div id=\"panel-8113-0-0-5\" class=\"so-panel widget widget_modulo_articulo_foto_icono\" data-index=\"5\" >                <div class=\"modulo articulo10 tieneparrafo\">\n                    <!--Si tiene cabecera-->\n                     \n                    <!--- -->\n                    <div class=\"contenido\">\n                        <div class=\"capa efecto\" data-aos=\"capa-izquierda\" data-aos-delay=\"800\" data-aos-easing=\"new-easing\"><\/div>\n                        <div class=\"fotos\">\n                            <div class=\"cortina\">\n                            <\/div>\n                            <div class=\"foto big cover w654\" style=\"background-image:url('https:\/\/gsgrupo.com\/wp-content\/uploads\/2018\/10\/GES_recoleccion-4.jpg');\">\n                                <div class=\"cortina efecto\" data-aos=\"barre-foto\" data-aos-easing=\"new-easing\">\n                                <\/div>\n                            <\/div>\n                                                        <img decoding=\"async\" class=\"icono\" src=\"https:\/\/gsgrupo.com\/wp-content\/uploads\/2018\/10\/recoleccion.svg\" data-aos=\"sube-parrafo\">\n                                                    <\/div>\n                        <div class=\"texto\">\n                                                        <h3 class=\"fs14 azul light efecto\" data-aos=\"sube-parrafo\" data-aos-delay=\"100\" data-aos-easing=\"easing-texto\" data-aos-duration='800'>\n                                Ernte und Verpackung                            <\/h3>\n                                                                                    <h2 class=\"azul fs26 bold efecto\" data-aos=\"sube-parrafo\"  data-aos-delay=\"150\" data-aos-easing=\"easing-texto\" data-aos-duration='800'>\n                                Ein rigoros durchgef\u00fchrter Prozess.                            <\/h2>\n                                                                                    <p class=\"azul fs16 light efecto\" data-aos=\"sube-parrafo\"  data-aos-delay=\"200\" data-aos-easing=\"easing-texto\" data-aos-duration='800'>\n                            Modernste Maschinen und in puncto Ernte und Qualit\u00e4t qualifizierte Personen f\u00fchren dazu, dass unsere Erzeugnisse alle erforderlichen Standards erf\u00fcllen. Ein rigoros durchgef\u00fchrter Prozess, um die Anforderungen unserer Kunden zu erf\u00fcllen.&nbsp;                            <\/p>\n                                                    <\/div>\n                    <\/div>\n                \n                <\/div>\n              <\/div>              <div id=\"panel-8113-0-0-6\" class=\"so-panel widget widget_modulo_articulo_2fotos_derecha_texto panel-last-child\" data-index=\"6\" >                <div class=\"modulo articulo9 vertical \">\n                    <!--Si tiene cabecera-->\n                     \n                    <!--- -->\n                    <div class=\"contenido centrado\">\n                        <div class=\"texto\">\n                                                        <h3 class=\"fs14 azul light efecto\" data-aos=\"sube-parrafo\">\n                                K\u00fchlung und Verteilung                            <\/h3>\n                                                                                    <h2 class=\"azul fs26 bold efecto\" data-aos=\"sube-parrafo\">\n                                Frisch und nat\u00fcrlich vom Feld auf den Tisch.                            <\/h2>\n                                                                                    <p class=\"azul fs16 light efecto\" data-aos=\"sube-parrafo\">\n                            Wir verf\u00fcgen \u00fcber 5 Betriebe an strategischen Standorten in der N\u00e4he unserer Anbaufl\u00e4chen. Das auf dem Feld verpackte Erzeugnis wird in unseren Logistikzentren gek\u00fchlt und von dort an den Kunden geliefert.\n                            <\/p>\n                                                    <\/div>\n                        <div class=\"capa vertical\" data-aos=\"capa-vertical\"  data-aos-delay=\"1000\" data-aos-easing=\"new-easing\"><\/div>\n                        <div class=\"fotos\">\n                            <div class=\"foto big cover w577 efecto\" style=\"background-image:url('https:\/\/gsgrupo.com\/wp-content\/uploads\/2018\/10\/GES_distribucion_grande.jpg');\">\n                                <div class=\"cortina efecto\" data-aos=\"barre-foto\" data-aos-easing=\"new-easing\">\n                                <\/div>\n                            <\/div>\n                            <div class=\"foto small cover w382\" style=\"background-image:url('https:\/\/gsgrupo.com\/wp-content\/uploads\/2018\/10\/GES_Slider_doble_apio_izq-1.jpg');\">\n                                <div class=\"cortina efecto\" data-aos=\"barre-foto\" data-aos-easing=\"new-easing\" data-aos-delay=\"300\">\n                                <\/div>\n                            <\/div>\n                                                        <img decoding=\"async\" class=\"icono efecto\" src=\"https:\/\/gsgrupo.com\/wp-content\/uploads\/2018\/10\/distribucion-1.svg\" data-aos=\"sube-parrafo\">\n                            \n                        <\/div>\n                        \n                    <\/div>\n                \n                <\/div>\n              <\/div><\/div><\/div><\/div>","protected":false},"excerpt":{"rendered":"<p>Vertikal integrierte produktion Unsere Pr\u00e4senz erstreckt sich \u00fcber den gesamten Prozess, vom Samen bis hin zum Versand der Erzeugnisse. Saatbeet Wir pflegen unsere Erzeugnisse vom Samen an Wir setzen uns ab dem Samen daf\u00fcr ein, dass unsere Erzeugnisse die h\u00f6chsten Qualit\u00e4tsanforderungen der Verbraucher erf\u00fcllen. Dieser Prozess findet in unseren Saatbeeten statt, die sich auf einer [&hellip;]<\/p>\n","protected":false},"author":1,"featured_media":0,"parent":0,"menu_order":0,"comment_status":"closed","ping_status":"closed","template":"","meta":{"_acf_changed":false,"footnotes":""},"class_list":["post-8113","page","type-page","status-publish","hentry"],"acf":[],"_links":{"self":[{"href":"https:\/\/gsgrupo.com\/de\/wp-json\/wp\/v2\/pages\/8113","targetHints":{"allow":["GET"]}}],"collection":[{"href":"https:\/\/gsgrupo.com\/de\/wp-json\/wp\/v2\/pages"}],"about":[{"href":"https:\/\/gsgrupo.com\/de\/wp-json\/wp\/v2\/types\/page"}],"author":[{"embeddable":true,"href":"https:\/\/gsgrupo.com\/de\/wp-json\/wp\/v2\/users\/1"}],"replies":[{"embeddable":true,"href":"https:\/\/gsgrupo.com\/de\/wp-json\/wp\/v2\/comments?post=8113"}],"version-history":[{"count":6,"href":"https:\/\/gsgrupo.com\/de\/wp-json\/wp\/v2\/pages\/8113\/revisions"}],"predecessor-version":[{"id":10749,"href":"https:\/\/gsgrupo.com\/de\/wp-json\/wp\/v2\/pages\/8113\/revisions\/10749"}],"wp:attachment":[{"href":"https:\/\/gsgrupo.com\/de\/wp-json\/wp\/v2\/media?parent=8113"}],"curies":[{"name":"wp","href":"https:\/\/api.w.org\/{rel}","templated":true}]}}