{"id":8126,"date":"2018-09-30T10:10:25","date_gmt":"2018-09-30T10:10:25","guid":{"rendered":"https:\/\/gsgrupo.com\/erzeugnisse\/apio\/"},"modified":"2018-12-03T14:47:18","modified_gmt":"2018-12-03T14:47:18","slug":"sellerie","status":"publish","type":"page","link":"https:\/\/gsgrupo.com\/de\/erzeugnisse\/sellerie","title":{"rendered":"Sellerie"},"content":{"rendered":"<div id=\"pl-8126\"  class=\"panel-layout\" ><div id=\"pg-8126-0\"  class=\"panel-grid panel-no-style\" ><div id=\"pgc-8126-0-0\"  class=\"panel-grid-cell\" >              <div id=\"panel-8126-0-0-0\" class=\"so-panel widget widget_modulo_cabecera panel-first-child\" data-index=\"0\" >              <div class=\"modulo cabecera externa\">\n                                <div class=\"titulo columna\">\n                    <h1>\n                        <span class=\"azul fs26 light efecto\" data-aos=\"sube\" data-aos-duration=\"800\">\n                            Sellerie                        <\/span>\n                    <\/h1>\n                                        <span class=\"s_enlace\">\n                            <a class=\"azul bold fs14 link efecto\" href=\"\/de\/erzeugnisse\/\" data-aos=\"sube\" data-aos-duration=\"800\" data-aos-delay=\"50\">Zur\u00fcck<\/a>   \n                    <\/span>\n                     \n                <\/div>\n                 \n                <div class=\"contenido columna efecto\" data-aos=\"sube-parrafo\" data-aos-duration=\"800\" data-aos-delay=\"100\">\n                                 <h2 class=\"azul fs26 bold\">Sellerie wird auf unseren Anbaufl\u00e4chen in Spanien, Gro\u00dfbritannien und Mitteleuropa angebaut. Wir sind der gr\u00f6\u00dfte Erzeuger und Vertreiber von Sellerie in Europa und bieten dieses Erzeugnis in verschiedenen Formaten an.\n\n<\/h2>\n                 \n                <\/div>\n             <\/div>\n              <\/div>              <div id=\"panel-8126-0-0-1\" class=\"so-panel widget widget_modulo_repostorio_productos_fixed panel-last-child\" data-index=\"1\" >                    <div class=\"relacionados\">\n                        <div class=\"capa\" data-aos=\"capa-izquierda\" data-aos-delay=\"1800\" data-aos-easing=\"new-easing\"><\/div>\n                        <div class=\"cabecera listado\">\n                                                        <h1>\n                                <span class=\"azul fs22 light\">\n                                    <a class=\"link efecto azul fs22 light\" data-aos=\"sube\" href=\"\/de\/produkt\/sellerieherzen\">\n                                        Sellerieherzen                                    <\/a>\n                                <\/span>\n                            <\/h1>\n                            \n                                                        <h1>\n                                <span class=\"azul fs22 light\">\n                                    <a class=\"link efecto azul fs22 light\" data-aos=\"sube\" href=\"\/de\/produkt\/stangensellerie\">\n                                        Stangensellerie                                    <\/a>\n                                <\/span>\n                            <\/h1>\n                            \n                                                        <h1>\n                                <span class=\"azul fs22 light\">\n                                    <a class=\"link efecto azul fs22 light\" data-aos=\"sube\" href=\"\/de\/erzeugnisse\/sellerie\/selleriesticks\/\">\n                                        Selleriesticks                                    <\/a>\n                                <\/span>\n                            <\/h1>\n                            \n                                                        <h1>\n                                <span class=\"azul fs22 light\">\n                                    <a class=\"link efecto azul fs22 light\" data-aos=\"sube\" href=\"\/de\/produkt\/sellerie-prepack\">\n                                        Sellerie Prepack                                    <\/a>\n                                <\/span>\n                            <\/h1>\n                            \n                            \n                            \n                            \n                            \n                            \n                            \n\n                        <\/div>\n                    <div class=\"contenido\">\n                                                <div class=\"relacionado item\">\n                            <div class=\"cortina\" data-aos=\"barre-foto\" data-aos-easing=\"new-easing\" data-aos-delay=\"200\"><\/div>\n                            <div class=\"img_fnd cover\" style=\"background-image: url('https:\/\/gsgrupo.com\/wp-content\/uploads\/2018\/10\/GES_thumbnail_Apio_corazones.jpg')\"><\/div>\n                            <a href=\"\/de\/produkt\/sellerieherzen\"><\/a>\n                            <h2>Sellerieherzen<\/h2>\n                        <\/div>     \n                                                                        <div class=\"relacionado item\">\n                            <div class=\"cortina\" data-aos=\"barre-foto\" data-aos-easing=\"new-easing\" data-aos-delay=\"300\"><\/div>\n                            <div class=\"img_fnd cover\" style=\"background-image: url('https:\/\/gsgrupo.com\/wp-content\/uploads\/2018\/10\/GES_thumbnail_Apio_largo.jpg')\"><\/div>\n                            <a href=\"\/de\/produkt\/stangensellerie\"><\/a>\n                            <h2>Stangensellerie<\/h2>\n                         <\/div>     \n                                                                        <div class=\"relacionado item\">\n                            <div class=\"cortina\" data-aos=\"barre-foto\" data-aos-easing=\"new-easing\" data-aos-delay=\"400\"><\/div>\n                            <div class=\"img_fnd cover\" style=\"background-image: url('https:\/\/gsgrupo.com\/wp-content\/uploads\/2018\/09\/GES_Slider_thumbnail_Apio_stick18.jpg')\"><\/div>\n                            <a href=\"\/de\/erzeugnisse\/sellerie\/selleriesticks\/\"><\/a>\n                            <h2>Selleriesticks<\/h2>\n                        <\/div>     \n\n                                                                        <div class=\"relacionado item\">\n                            <div class=\"cortina\" data-aos=\"barre-foto\" data-aos-easing=\"new-easing\" data-aos-delay=\"500\"><\/div>\n                            <div class=\"img_fnd cover\" style=\"background-image: url('https:\/\/gsgrupo.com\/wp-content\/uploads\/2018\/10\/GES_thumbnail_Apio_prepack-3.jpg')\"><\/div>\n                            <a href=\"\/de\/produkt\/sellerie-prepack\"><\/a>\n                            <h2>Sellerie Prepack<\/h2>\n                        <\/div>     \n                                                                        \n                        \n                                                                        \n                        \n                    <\/div>\n              <\/div><\/div><\/div><\/div>","protected":false},"excerpt":{"rendered":"<p>Sellerie Zur\u00fcck Sellerie wird auf unseren Anbaufl\u00e4chen in Spanien, Gro\u00dfbritannien und Mitteleuropa angebaut. Wir sind der gr\u00f6\u00dfte Erzeuger und Vertreiber von Sellerie in Europa und bieten dieses Erzeugnis in verschiedenen Formaten an. Sellerieherzen Stangensellerie Selleriesticks Sellerie Prepack Sellerieherzen Stangensellerie Selleriesticks Sellerie Prepack<\/p>\n","protected":false},"author":1,"featured_media":0,"parent":8121,"menu_order":0,"comment_status":"closed","ping_status":"closed","template":"","meta":{"_acf_changed":false,"footnotes":""},"class_list":["post-8126","page","type-page","status-publish","hentry"],"acf":[],"_links":{"self":[{"href":"https:\/\/gsgrupo.com\/de\/wp-json\/wp\/v2\/pages\/8126","targetHints":{"allow":["GET"]}}],"collection":[{"href":"https:\/\/gsgrupo.com\/de\/wp-json\/wp\/v2\/pages"}],"about":[{"href":"https:\/\/gsgrupo.com\/de\/wp-json\/wp\/v2\/types\/page"}],"author":[{"embeddable":true,"href":"https:\/\/gsgrupo.com\/de\/wp-json\/wp\/v2\/users\/1"}],"replies":[{"embeddable":true,"href":"https:\/\/gsgrupo.com\/de\/wp-json\/wp\/v2\/comments?post=8126"}],"version-history":[{"count":7,"href":"https:\/\/gsgrupo.com\/de\/wp-json\/wp\/v2\/pages\/8126\/revisions"}],"predecessor-version":[{"id":8184,"href":"https:\/\/gsgrupo.com\/de\/wp-json\/wp\/v2\/pages\/8126\/revisions\/8184"}],"up":[{"embeddable":true,"href":"https:\/\/gsgrupo.com\/de\/wp-json\/wp\/v2\/pages\/8121"}],"wp:attachment":[{"href":"https:\/\/gsgrupo.com\/de\/wp-json\/wp\/v2\/media?parent=8126"}],"curies":[{"name":"wp","href":"https:\/\/api.w.org\/{rel}","templated":true}]}}