{"id":8197,"date":"2018-10-11T08:30:25","date_gmt":"2018-10-11T08:30:25","guid":{"rendered":"https:\/\/gsgrupo.com\/erzeugnisse\/salat\/cogollos-de-lechuga\/"},"modified":"2018-12-03T15:09:07","modified_gmt":"2018-12-03T15:09:07","slug":"little-gem","status":"publish","type":"page","link":"https:\/\/gsgrupo.com\/de\/erzeugnisse\/salat\/little-gem","title":{"rendered":"Little Gem"},"content":{"rendered":"<div id=\"pl-8197\"  class=\"panel-layout\" ><div id=\"pg-8197-0\"  class=\"panel-grid panel-no-style\" ><div id=\"pgc-8197-0-0\"  class=\"panel-grid-cell\" >              <div id=\"panel-8197-0-0-0\" class=\"so-panel widget widget_modulo_cabecera panel-first-child\" data-index=\"0\" >              <div class=\"modulo cabecera externa\">\n                                <div class=\"titulo columna\">\n                    <h1>\n                        <span class=\"azul fs26 light efecto\" data-aos=\"sube\" data-aos-duration=\"800\">\n                            Little Gem                        <\/span>\n                    <\/h1>\n                                        <span class=\"s_enlace\">\n                            <a class=\"azul bold fs14 link efecto\" href=\"\/de\/erzeugnisse\/salat\" data-aos=\"sube\" data-aos-duration=\"800\" data-aos-delay=\"50\">Zur\u00fcck<\/a>   \n                    <\/span>\n                     \n                <\/div>\n                 \n                <div class=\"contenido columna efecto\" data-aos=\"sube-parrafo\" data-aos-duration=\"800\" data-aos-delay=\"100\">\n                                 <h2 class=\"azul fs26 bold\">Salatherzen voller Geschmack. Sie k\u00f6nnen zu Salaten hinzugef\u00fcgt oder auch einfach nur angemacht und so verzehrt werden.&nbsp;\n<\/h2>\n                 \n                <\/div>\n             <\/div>\n              <\/div>              <div id=\"panel-8197-0-0-1\" class=\"so-panel widget widget_modulo_repostorio_productos panel-last-child\" data-index=\"1\" >                    <div class=\"relacionados\">\n                        <div class=\"cabecera listado\">\n                                                                                                         <h1>\n                                            <span class=\"azul fs26 light\">\n                                                <a class=\"link efecto azul fs22 light\" data-aos=\"sube\" href=\"https:\/\/gsgrupo.com\/de\/produkt\/rotes-salatherz\">\n                                                     Rotes Salatherz                                                <\/a>\n                                            <\/span>\n                                        <\/h1>\n                                                                                                                                                     <h1>\n                                            <span class=\"azul fs26 light\">\n                                                <a class=\"link efecto azul fs22 light\" data-aos=\"sube\" href=\"https:\/\/gsgrupo.com\/de\/produkt\/grunes-salatherz\">\n                                                     Gr\u00fcnes Salatherz                                                <\/a>\n                                            <\/span>\n                                        <\/h1>\n                                                                                                                                                     <h1>\n                                            <span class=\"azul fs26 light\">\n                                                <a class=\"link efecto azul fs22 light\" data-aos=\"sube\" href=\"https:\/\/gsgrupo.com\/de\/produkt\/gemischte-salatherzen\">\n                                                     Gemischte Salatherzen                                                <\/a>\n                                            <\/span>\n                                        <\/h1>\n                                                                                            <\/div>\n                    <div class=\"contenido\">\n                                                                                                                        <div class=\"relacionado item\">\n                                    <div class=\"cortina\" data-aos=\"barre-foto\" data-aos-easing=\"new-easing\" data-aos-delay=\"200\"><\/div>\n                                    <div class=\"img_fnd cover\" style=\"background-image: url('https:\/\/gsgrupo.com\/wp-content\/uploads\/2018\/10\/GES_thumbnail_cogollo_rojo.jpg')\"><\/div>\n                                    <a href=\"https:\/\/gsgrupo.com\/de\/produkt\/rotes-salatherz\"><\/a>\n                                    <h2>Rotes Salatherz<\/h2>\n                                <\/div>\n                                                                                                                                                <div class=\"relacionado item\">\n                                    <div class=\"cortina\" data-aos=\"barre-foto\" data-aos-easing=\"new-easing\" data-aos-delay=\"200\"><\/div>\n                                    <div class=\"img_fnd cover\" style=\"background-image: url('https:\/\/gsgrupo.com\/wp-content\/uploads\/2018\/10\/GES_thumbnail_lechuga_cogollosverdes-1.jpg')\"><\/div>\n                                    <a href=\"https:\/\/gsgrupo.com\/de\/produkt\/grunes-salatherz\"><\/a>\n                                    <h2>Gr\u00fcnes Salatherz<\/h2>\n                                <\/div>\n                                                                                                                                                <div class=\"relacionado item\">\n                                    <div class=\"cortina\" data-aos=\"barre-foto\" data-aos-easing=\"new-easing\" data-aos-delay=\"200\"><\/div>\n                                    <div class=\"img_fnd cover\" style=\"background-image: url('https:\/\/gsgrupo.com\/wp-content\/uploads\/2018\/10\/GES_thumbnail_cogollosmix-1.jpg')\"><\/div>\n                                    <a href=\"https:\/\/gsgrupo.com\/de\/produkt\/gemischte-salatherzen\"><\/a>\n                                    <h2>Gemischte Salatherzen<\/h2>\n                                <\/div>\n                                                                        \n                <\/div>\n                <div class=\"capa\" data-aos=\"capa-izquierda\" data-aos-delay=\"800\" data-aos-easing=\"new-easing\"><\/div>\n             <\/div>\n              <\/div><\/div><\/div><\/div>","protected":false},"excerpt":{"rendered":"<p>Little Gem Zur\u00fcck Salatherzen voller Geschmack. Sie k\u00f6nnen zu Salaten hinzugef\u00fcgt oder auch einfach nur angemacht und so verzehrt werden.&nbsp; Rotes Salatherz Gr\u00fcnes Salatherz Gemischte Salatherzen Rotes Salatherz Gr\u00fcnes Salatherz Gemischte Salatherzen<\/p>\n","protected":false},"author":1,"featured_media":0,"parent":8192,"menu_order":0,"comment_status":"closed","ping_status":"closed","template":"","meta":{"_acf_changed":false,"footnotes":""},"class_list":["post-8197","page","type-page","status-publish","hentry"],"acf":[],"_links":{"self":[{"href":"https:\/\/gsgrupo.com\/de\/wp-json\/wp\/v2\/pages\/8197","targetHints":{"allow":["GET"]}}],"collection":[{"href":"https:\/\/gsgrupo.com\/de\/wp-json\/wp\/v2\/pages"}],"about":[{"href":"https:\/\/gsgrupo.com\/de\/wp-json\/wp\/v2\/types\/page"}],"author":[{"embeddable":true,"href":"https:\/\/gsgrupo.com\/de\/wp-json\/wp\/v2\/users\/1"}],"replies":[{"embeddable":true,"href":"https:\/\/gsgrupo.com\/de\/wp-json\/wp\/v2\/comments?post=8197"}],"version-history":[{"count":3,"href":"https:\/\/gsgrupo.com\/de\/wp-json\/wp\/v2\/pages\/8197\/revisions"}],"predecessor-version":[{"id":8200,"href":"https:\/\/gsgrupo.com\/de\/wp-json\/wp\/v2\/pages\/8197\/revisions\/8200"}],"up":[{"embeddable":true,"href":"https:\/\/gsgrupo.com\/de\/wp-json\/wp\/v2\/pages\/8192"}],"wp:attachment":[{"href":"https:\/\/gsgrupo.com\/de\/wp-json\/wp\/v2\/media?parent=8197"}],"curies":[{"name":"wp","href":"https:\/\/api.w.org\/{rel}","templated":true}]}}