{"id":8289,"date":"2018-10-15T15:28:00","date_gmt":"2018-10-15T15:28:00","guid":{"rendered":"https:\/\/gsgrupo.com\/erzeugnisse\/obst-der-saison\/wassermelonen\/sandia-rayada\/"},"modified":"2018-12-03T17:28:50","modified_gmt":"2018-12-03T17:28:50","slug":"weibe-wassermelonen","status":"publish","type":"page","link":"https:\/\/gsgrupo.com\/de\/erzeugnisse\/obst-der-saison\/wassermelonen\/weibe-wassermelonen","title":{"rendered":"Wei\u00dfe Wassermelonen"},"content":{"rendered":"<div id=\"pl-8289\"  class=\"panel-layout\" ><div id=\"pg-8289-0\"  class=\"panel-grid panel-no-style\" ><div id=\"pgc-8289-0-0\"  class=\"panel-grid-cell\" >              <div id=\"panel-8289-0-0-0\" class=\"so-panel widget widget_modulo_cabecera panel-first-child\" data-index=\"0\" >              <div class=\"modulo cabecera externa\">\n                                <div class=\"titulo columna\">\n                    <h1>\n                        <span class=\"azul fs26 light efecto\" data-aos=\"sube\" data-aos-duration=\"800\">\n                            Wei\u00dfe Wassermelonen                        <\/span>\n                    <\/h1>\n                                        <span class=\"s_enlace\">\n                            <a class=\"azul bold fs14 link efecto\" href=\"\/de\/erzeugnisse\/obst-der-saison\/wassermelonen\" data-aos=\"sube\" data-aos-duration=\"800\" data-aos-delay=\"50\">Zur\u00fcck<\/a>   \n                    <\/span>\n                     \n                <\/div>\n                 \n                <div class=\"contenido columna efecto\" data-aos=\"sube-parrafo\" data-aos-duration=\"800\" data-aos-delay=\"100\">\n                                 <h2 class=\"azul fs26 bold\">S\u00fc\u00df und saftig und daher perfekt f\u00fcr Obstsalate oder als Snack zwischendurch.<\/h2>\n                 \n                <\/div>\n             <\/div>\n              <\/div>              <div id=\"panel-8289-0-0-1\" class=\"so-panel widget widget_modulo_repostorio_productos_fixed panel-last-child\" data-index=\"1\" >                    <div class=\"relacionados\">\n                        <div class=\"capa\" data-aos=\"capa-izquierda\" data-aos-delay=\"1800\" data-aos-easing=\"new-easing\"><\/div>\n                        <div class=\"cabecera listado\">\n                                                        <h1>\n                                <span class=\"azul fs22 light\">\n                                    <a class=\"link efecto azul fs22 light\" data-aos=\"sube\" href=\"\/de\/produkt\/mit-kernen\">\n                                        Mit Kernen                                    <\/a>\n                                <\/span>\n                            <\/h1>\n                            \n                                                        <h1>\n                                <span class=\"azul fs22 light\">\n                                    <a class=\"link efecto azul fs22 light\" data-aos=\"sube\" href=\"\/de\/produkt\/ohne-kerne\">\n                                        Ohne Kerne                                    <\/a>\n                                <\/span>\n                            <\/h1>\n                            \n                            \n                            \n                            \n                            \n                            \n                            \n                            \n                            \n\n                        <\/div>\n                    <div class=\"contenido\">\n                                                <div class=\"relacionado item\">\n                            <div class=\"cortina\" data-aos=\"barre-foto\" data-aos-easing=\"new-easing\" data-aos-delay=\"200\"><\/div>\n                            <div class=\"img_fnd cover\" style=\"background-image: url('https:\/\/gsgrupo.com\/wp-content\/uploads\/2018\/10\/GES_thumbnail_rayada_con_semillas-5.jpg')\"><\/div>\n                            <a href=\"\/de\/produkt\/mit-kernen\"><\/a>\n                            <h2>Mit Kernen<\/h2>\n                        <\/div>     \n                                                                        <div class=\"relacionado item\">\n                            <div class=\"cortina\" data-aos=\"barre-foto\" data-aos-easing=\"new-easing\" data-aos-delay=\"300\"><\/div>\n                            <div class=\"img_fnd cover\" style=\"background-image: url('https:\/\/gsgrupo.com\/wp-content\/uploads\/2018\/10\/GES_thumbnail_fruta_sandia_rayada_sin_semillas.jpg')\"><\/div>\n                            <a href=\"\/de\/produkt\/ohne-kerne\"><\/a>\n                            <h2>Ohne Kerne<\/h2>\n                         <\/div>     \n                                                                                                                        \n                        \n                                                                        \n                        \n                    <\/div>\n              <\/div><\/div><\/div><\/div>","protected":false},"excerpt":{"rendered":"<p>Wei\u00dfe Wassermelonen Zur\u00fcck S\u00fc\u00df und saftig und daher perfekt f\u00fcr Obstsalate oder als Snack zwischendurch. Mit Kernen Ohne Kerne Mit Kernen Ohne Kerne<\/p>\n","protected":false},"author":1,"featured_media":0,"parent":8284,"menu_order":0,"comment_status":"closed","ping_status":"closed","template":"","meta":{"_acf_changed":false,"footnotes":""},"class_list":["post-8289","page","type-page","status-publish","hentry"],"acf":[],"_links":{"self":[{"href":"https:\/\/gsgrupo.com\/de\/wp-json\/wp\/v2\/pages\/8289","targetHints":{"allow":["GET"]}}],"collection":[{"href":"https:\/\/gsgrupo.com\/de\/wp-json\/wp\/v2\/pages"}],"about":[{"href":"https:\/\/gsgrupo.com\/de\/wp-json\/wp\/v2\/types\/page"}],"author":[{"embeddable":true,"href":"https:\/\/gsgrupo.com\/de\/wp-json\/wp\/v2\/users\/1"}],"replies":[{"embeddable":true,"href":"https:\/\/gsgrupo.com\/de\/wp-json\/wp\/v2\/comments?post=8289"}],"version-history":[{"count":3,"href":"https:\/\/gsgrupo.com\/de\/wp-json\/wp\/v2\/pages\/8289\/revisions"}],"predecessor-version":[{"id":8292,"href":"https:\/\/gsgrupo.com\/de\/wp-json\/wp\/v2\/pages\/8289\/revisions\/8292"}],"up":[{"embeddable":true,"href":"https:\/\/gsgrupo.com\/de\/wp-json\/wp\/v2\/pages\/8284"}],"wp:attachment":[{"href":"https:\/\/gsgrupo.com\/de\/wp-json\/wp\/v2\/media?parent=8289"}],"curies":[{"name":"wp","href":"https:\/\/api.w.org\/{rel}","templated":true}]}}