{"id":8368,"date":"2018-10-11T14:31:31","date_gmt":"2018-10-11T14:31:31","guid":{"rendered":"https:\/\/gsgrupo.com\/erzeugnisse\/bio\/lechugas\/"},"modified":"2018-12-04T12:44:07","modified_gmt":"2018-12-04T12:44:07","slug":"salat","status":"publish","type":"page","link":"https:\/\/gsgrupo.com\/de\/erzeugnisse\/bio\/salat","title":{"rendered":"Salat Bio"},"content":{"rendered":"<div id=\"pl-8368\"  class=\"panel-layout\" ><div id=\"pg-8368-0\"  class=\"panel-grid panel-no-style\" ><div id=\"pgc-8368-0-0\"  class=\"panel-grid-cell\" >              <div id=\"panel-8368-0-0-0\" class=\"so-panel widget widget_modulo_cabecera panel-first-child\" data-index=\"0\" >              <div class=\"modulo cabecera externa\">\n                                <div class=\"titulo columna\">\n                    <h1>\n                        <span class=\"azul fs26 light efecto\" data-aos=\"sube\" data-aos-duration=\"800\">\n                            Salat                        <\/span>\n                    <\/h1>\n                                        <span class=\"s_enlace\">\n                            <a class=\"azul bold fs14 link efecto\" href=\"\/de\/erzeugnisse\/bio\/\" data-aos=\"sube\" data-aos-duration=\"800\" data-aos-delay=\"50\">Zur\u00fcck<\/a>   \n                    <\/span>\n                     \n                <\/div>\n                 \n                <div class=\"contenido columna efecto\" data-aos=\"sube-parrafo\" data-aos-duration=\"800\" data-aos-delay=\"100\">\n                                 <h2 class=\"azul fs26 bold\">Wir bauen Salat auf unseren Bio-Anbaufl\u00e4chen in Spanien und Gro\u00dfbritannien an.<\/h2>\n                 \n                <\/div>\n             <\/div>\n              <\/div>              <div id=\"panel-8368-0-0-1\" class=\"so-panel widget widget_modulo_repostorio_productos_fixed panel-last-child\" data-index=\"1\" >                    <div class=\"relacionados\">\n                        <div class=\"capa\" data-aos=\"capa-izquierda\" data-aos-delay=\"1800\" data-aos-easing=\"new-easing\"><\/div>\n                        <div class=\"cabecera listado\">\n                                                        <h1>\n                                <span class=\"azul fs22 light\">\n                                    <a class=\"link efecto azul fs22 light\" data-aos=\"sube\" href=\"\/de\/produkt\/eisberg-bio\/\">\n                                        Eisberg                                    <\/a>\n                                <\/span>\n                            <\/h1>\n                            \n                                                        <h1>\n                                <span class=\"azul fs22 light\">\n                                    <a class=\"link efecto azul fs22 light\" data-aos=\"sube\" href=\"\/de\/produkt\/salatherzen-bio\/\">\n                                        Salatherzen                                    <\/a>\n                                <\/span>\n                            <\/h1>\n                            \n                                                        <h1>\n                                <span class=\"azul fs22 light\">\n                                    <a class=\"link efecto azul fs22 light\" data-aos=\"sube\" href=\"\/de\/produkt\/romersalat-bio\">\n                                        R\u00f6mersalat                                     <\/a>\n                                <\/span>\n                            <\/h1>\n                            \n                                                        <h1>\n                                <span class=\"azul fs22 light\">\n                                    <a class=\"link efecto azul fs22 light\" data-aos=\"sube\" href=\"\/de\/produkt\/mini-bio-romersalat\">\n                                        Mini-Bio-R\u00f6mersalat                                    <\/a>\n                                <\/span>\n                            <\/h1>\n                            \n                            \n                            \n                            \n                            \n                            \n                            \n\n                        <\/div>\n                    <div class=\"contenido\">\n                                                <div class=\"relacionado item\">\n                            <div class=\"cortina\" data-aos=\"barre-foto\" data-aos-easing=\"new-easing\" data-aos-delay=\"200\"><\/div>\n                            <div class=\"img_fnd cover\" style=\"background-image: url('https:\/\/gsgrupo.com\/wp-content\/uploads\/2018\/10\/GES_thumbnail_Lechuga_iceberg-4.jpg')\"><\/div>\n                            <a href=\"\/de\/produkt\/eisberg-bio\/\"><\/a>\n                            <h2>Eisberg<\/h2>\n                        <\/div>     \n                                                                        <div class=\"relacionado item\">\n                            <div class=\"cortina\" data-aos=\"barre-foto\" data-aos-easing=\"new-easing\" data-aos-delay=\"300\"><\/div>\n                            <div class=\"img_fnd cover\" style=\"background-image: url('https:\/\/gsgrupo.com\/wp-content\/uploads\/2018\/10\/GES_thumbnail_lechuga_cogollos-2.jpg')\"><\/div>\n                            <a href=\"\/de\/produkt\/salatherzen-bio\/\"><\/a>\n                            <h2>Salatherzen<\/h2>\n                         <\/div>     \n                                                                        <div class=\"relacionado item\">\n                            <div class=\"cortina\" data-aos=\"barre-foto\" data-aos-easing=\"new-easing\" data-aos-delay=\"400\"><\/div>\n                            <div class=\"img_fnd cover\" style=\"background-image: url('https:\/\/gsgrupo.com\/wp-content\/uploads\/2018\/10\/GES_thumbnail_Lechuga_romana-3.jpg')\"><\/div>\n                            <a href=\"\/de\/produkt\/romersalat-bio\"><\/a>\n                            <h2>R\u00f6mersalat <\/h2>\n                        <\/div>     \n\n                                                                        <div class=\"relacionado item\">\n                            <div class=\"cortina\" data-aos=\"barre-foto\" data-aos-easing=\"new-easing\" data-aos-delay=\"500\"><\/div>\n                            <div class=\"img_fnd cover\" style=\"background-image: url('https:\/\/gsgrupo.com\/wp-content\/uploads\/2018\/10\/GES_thumbnail_Lechuga_mini_romana-2.jpg')\"><\/div>\n                            <a href=\"\/de\/produkt\/mini-bio-romersalat\"><\/a>\n                            <h2>Mini-Bio-R\u00f6mersalat<\/h2>\n                        <\/div>     \n                                                                        \n                        \n                                                                        \n                        \n                    <\/div>\n              <\/div><\/div><\/div><\/div>","protected":false},"excerpt":{"rendered":"<p>Salat Zur\u00fcck Wir bauen Salat auf unseren Bio-Anbaufl\u00e4chen in Spanien und Gro\u00dfbritannien an. Eisberg Salatherzen R\u00f6mersalat Mini-Bio-R\u00f6mersalat Eisberg Salatherzen R\u00f6mersalat Mini-Bio-R\u00f6mersalat<\/p>\n","protected":false},"author":1,"featured_media":0,"parent":8349,"menu_order":0,"comment_status":"closed","ping_status":"closed","template":"","meta":{"_acf_changed":false,"footnotes":""},"class_list":["post-8368","page","type-page","status-publish","hentry"],"acf":[],"_links":{"self":[{"href":"https:\/\/gsgrupo.com\/de\/wp-json\/wp\/v2\/pages\/8368","targetHints":{"allow":["GET"]}}],"collection":[{"href":"https:\/\/gsgrupo.com\/de\/wp-json\/wp\/v2\/pages"}],"about":[{"href":"https:\/\/gsgrupo.com\/de\/wp-json\/wp\/v2\/types\/page"}],"author":[{"embeddable":true,"href":"https:\/\/gsgrupo.com\/de\/wp-json\/wp\/v2\/users\/1"}],"replies":[{"embeddable":true,"href":"https:\/\/gsgrupo.com\/de\/wp-json\/wp\/v2\/comments?post=8368"}],"version-history":[{"count":5,"href":"https:\/\/gsgrupo.com\/de\/wp-json\/wp\/v2\/pages\/8368\/revisions"}],"predecessor-version":[{"id":8384,"href":"https:\/\/gsgrupo.com\/de\/wp-json\/wp\/v2\/pages\/8368\/revisions\/8384"}],"up":[{"embeddable":true,"href":"https:\/\/gsgrupo.com\/de\/wp-json\/wp\/v2\/pages\/8349"}],"wp:attachment":[{"href":"https:\/\/gsgrupo.com\/de\/wp-json\/wp\/v2\/media?parent=8368"}],"curies":[{"name":"wp","href":"https:\/\/api.w.org\/{rel}","templated":true}]}}