{"id":8418,"date":"2018-10-16T11:03:53","date_gmt":"2018-10-16T11:03:53","guid":{"rendered":"https:\/\/gsgrupo.com\/personen\/entrevista-alejo-catalayud\/"},"modified":"2018-12-05T11:28:24","modified_gmt":"2018-12-05T11:28:24","slug":"interview-alejo-catalayud","status":"publish","type":"page","link":"https:\/\/gsgrupo.com\/de\/personen\/interview-alejo-catalayud","title":{"rendered":"Interview Alejo Catalayud"},"content":{"rendered":"<div id=\"pl-8418\"  class=\"panel-layout\" ><div id=\"pg-8418-0\"  class=\"panel-grid panel-no-style\" ><div id=\"pgc-8418-0-0\"  class=\"panel-grid-cell\" >              <div id=\"panel-8418-0-0-0\" class=\"so-panel widget widget_modulo_cabecera panel-first-child\" data-index=\"0\" >              <div class=\"modulo cabecera externa\">\n                                <div class=\"titulo columna\">\n                    <h1>\n                        <span class=\"azul fs26 light efecto\" data-aos=\"sube\" data-aos-duration=\"800\">\n                            Interview                        <\/span>\n                    <\/h1>\n                                        <span class=\"s_enlace\">\n                            <a class=\"azul bold fs14 link efecto\" href=\"\/de\/personen\" data-aos=\"sube\" data-aos-duration=\"800\" data-aos-delay=\"50\">Zur\u00fcck<\/a>   \n                    <\/span>\n                     \n                <\/div>\n                 \n                <div class=\"contenido columna efecto\" data-aos=\"sube-parrafo\" data-aos-duration=\"800\" data-aos-delay=\"100\">\n                                 <h2 class=\"azul fs26 bold\">Dieses Unternehmen sch\u00e4tzt seine Mitarbeiter, motiviert sie zu pers\u00f6nlichen Verbesserungen und zum Abschluss der Ausbildung und stellt Mitarbeitern alles Erforderliche zur Verf\u00fcgung, damit diese ihr Bestes geben.\n<\/h2>\n                 \n                <\/div>\n             <\/div>\n              <\/div>              <div id=\"panel-8418-0-0-1\" class=\"so-panel widget widget_modulo_texto_solo panel-last-child\" data-index=\"1\" >              <script src=\"https:\/\/code.jquery.com\/jquery-1.11.3.min.js\"><\/script>\n\n                <div class=\"modulo articulo-texto\">\n                    <!--Si tiene cabecera-->\n                                        <div class=\"cabecera\">\n                        <h1>\n                            <span class=\"azul fs26 light efecto\" data-aos=\"sube\">\n                                                              <\/span>\n                        <\/h1>\n                        <a class=\"azul bold fs14 link efecto\" href=\"\" data-aos=\"sube-parrafo\">\n                                                    <\/a>    \n                    <\/div>\n                     \n                    <!--- -->\n                    <div class=\"contenido\">\n                                                        <p class=\"azul fs16 light efecto\" data-aos=\"sube-parrafo\" data-aos-delay=\"200\" data-aos-easing=\"easing-texto\" data-aos-duration='800'>\n                            <b>Wie waren Ihre Anf\u00e4nge und berufliche Laufbahn bei G\u2019s?\n<\/b><br>Ich begann als Lean Facilitator zur Verbesserung der Produktionsprozesse. Nach einigen Jahren in zahlreichen Bereichen des Unternehmens sowohl in Spanien als auch Gro\u00dfbritannien wurde ich dann zum Leiter der Abteilung Lean in Spanien bef\u00f6rdert. Nach zwei Jahren als Leiter bot mir das Unternehmen den Posten des Betriebsleiters an, den ich angenommen habe.\n<b><br><br>Warum sollte man bei G\u2019s arbeiten?<\/b><br>Dieses Unternehmen sch\u00e4tzt seine Mitarbeiter, motiviert sie zu pers\u00f6nlichen Verbesserungen und zum Abschluss der Ausbildung und stellt Mitarbeitern alles Erforderliche zur Verf\u00fcgung, damit diese ihr Bestes geben. Das Unternehmen blickt dar\u00fcber hinaus auf eine 30-j\u00e4hrige Geschichte mit exponentiellem Wachstum zur\u00fcck, dem keine Grenzen gesetzt sind.\n<b><br><br>Welche Aufgaben und Verantwortlichkeiten ziehen Sie in Ihrer Position besonders an?\n<\/b><br>Die strategische Analyse sowie das Wissen, in welche Richtung sich der Markt in puncto Verpackung und\/oder die Erzeugnisse entwickelt. Zu pr\u00fcfen, wie wir unsere Betriebe auf die Zukunft vorbereiten k\u00f6nnen, die Gegenwart werden wird, da die Investitionen in Betriebe oder Maschinen sehr hoch sind und hohe Qualit\u00e4tsanforderungen erf\u00fcllen m\u00fcssen. Die Verantwortung bei diesen Entscheidungen ist sehr gro\u00df.\n<b><br><br>Mit welchen unserer Werte identifizieren Sie sich am meisten? Und warum?\n<\/b><br>Ich identifiziere mich mit \u201eCan-do\u201c. Anpassung und kontinuierliche Verbesserung. Seit viele Jahren verbessere ich Prozesse und passe sie an eine sich rasant ver\u00e4ndernde Welt an.\n<b><br><br>W\u00fcrden Sie anderen Personen empfehlen, bei der Gruppe G\u2019s Espa\u00f1a zu arbeiten?\n<\/b><br>Auf jeden Fall. Das habe ich in der Tat schon oft getan, verschiedene Freunde arbeiten bereits bei uns.\n\n\n                            <\/p>\n                                                    \n                    <\/div>\n                \n                <\/div>\n              <\/div><\/div><\/div><\/div>","protected":false},"excerpt":{"rendered":"<p>Interview Zur\u00fcck Dieses Unternehmen sch\u00e4tzt seine Mitarbeiter, motiviert sie zu pers\u00f6nlichen Verbesserungen und zum Abschluss der Ausbildung und stellt Mitarbeitern alles Erforderliche zur Verf\u00fcgung, damit diese ihr Bestes geben. Wie waren Ihre Anf\u00e4nge und berufliche Laufbahn bei G\u2019s? Ich begann als Lean Facilitator zur Verbesserung der Produktionsprozesse. Nach einigen Jahren in zahlreichen Bereichen des Unternehmens [&hellip;]<\/p>\n","protected":false},"author":1,"featured_media":0,"parent":8403,"menu_order":0,"comment_status":"closed","ping_status":"closed","template":"","meta":{"_acf_changed":false,"footnotes":""},"class_list":["post-8418","page","type-page","status-publish","hentry"],"acf":[],"_links":{"self":[{"href":"https:\/\/gsgrupo.com\/de\/wp-json\/wp\/v2\/pages\/8418","targetHints":{"allow":["GET"]}}],"collection":[{"href":"https:\/\/gsgrupo.com\/de\/wp-json\/wp\/v2\/pages"}],"about":[{"href":"https:\/\/gsgrupo.com\/de\/wp-json\/wp\/v2\/types\/page"}],"author":[{"embeddable":true,"href":"https:\/\/gsgrupo.com\/de\/wp-json\/wp\/v2\/users\/1"}],"replies":[{"embeddable":true,"href":"https:\/\/gsgrupo.com\/de\/wp-json\/wp\/v2\/comments?post=8418"}],"version-history":[{"count":2,"href":"https:\/\/gsgrupo.com\/de\/wp-json\/wp\/v2\/pages\/8418\/revisions"}],"predecessor-version":[{"id":8420,"href":"https:\/\/gsgrupo.com\/de\/wp-json\/wp\/v2\/pages\/8418\/revisions\/8420"}],"up":[{"embeddable":true,"href":"https:\/\/gsgrupo.com\/de\/wp-json\/wp\/v2\/pages\/8403"}],"wp:attachment":[{"href":"https:\/\/gsgrupo.com\/de\/wp-json\/wp\/v2\/media?parent=8418"}],"curies":[{"name":"wp","href":"https:\/\/api.w.org\/{rel}","templated":true}]}}