{"id":8422,"date":"2018-10-16T11:18:23","date_gmt":"2018-10-16T11:18:23","guid":{"rendered":"https:\/\/gsgrupo.com\/personen\/entrevista-antonia-fernandez\/"},"modified":"2018-12-05T11:34:50","modified_gmt":"2018-12-05T11:34:50","slug":"interview-antonia-fernandez","status":"publish","type":"page","link":"https:\/\/gsgrupo.com\/de\/personen\/interview-antonia-fernandez","title":{"rendered":"Interview Antonia Fern\u00e1ndez"},"content":{"rendered":"<div id=\"pl-8422\"  class=\"panel-layout\" ><div id=\"pg-8422-0\"  class=\"panel-grid panel-no-style\" ><div id=\"pgc-8422-0-0\"  class=\"panel-grid-cell\" >              <div id=\"panel-8422-0-0-0\" class=\"so-panel widget widget_modulo_cabecera panel-first-child\" data-index=\"0\" >              <div class=\"modulo cabecera externa\">\n                                <div class=\"titulo columna\">\n                    <h1>\n                        <span class=\"azul fs26 light efecto\" data-aos=\"sube\" data-aos-duration=\"800\">\n                            Interview                        <\/span>\n                    <\/h1>\n                                        <span class=\"s_enlace\">\n                            <a class=\"azul bold fs14 link efecto\" href=\"\/de\/personen\" data-aos=\"sube\" data-aos-duration=\"800\" data-aos-delay=\"50\">Zur\u00fcck<\/a>   \n                    <\/span>\n                     \n                <\/div>\n                 \n                <div class=\"contenido columna efecto\" data-aos=\"sube-parrafo\" data-aos-duration=\"800\" data-aos-delay=\"100\">\n                                 <h2 class=\"azul fs26 bold\">Es gibt in der Branche kein besseres Unternehmen f\u00fcr Personen, die sich aus verschiedenen wesentlichen Gr\u00fcnden weiterbilden wollen: pers\u00f6nliches und berufliches Wachstum, Weiterbildung und die Freiheit, das eigene Potenzial am Arbeitsplatz und auf dem Feld zu entwickeln, sowie die Implementierung von Ideen und Systemen, die uns verbessern.\n<\/h2>\n                 \n                <\/div>\n             <\/div>\n              <\/div>              <div id=\"panel-8422-0-0-1\" class=\"so-panel widget widget_modulo_texto_solo panel-last-child\" data-index=\"1\" >              <script src=\"https:\/\/code.jquery.com\/jquery-1.11.3.min.js\"><\/script>\n\n                <div class=\"modulo articulo-texto\">\n                    <!--Si tiene cabecera-->\n                                        <div class=\"cabecera\">\n                        <h1>\n                            <span class=\"azul fs26 light efecto\" data-aos=\"sube\">\n                                                             <\/span>\n                        <\/h1>\n                        <a class=\"azul bold fs14 link efecto\" href=\"\" data-aos=\"sube-parrafo\">\n                                                    <\/a>    \n                    <\/div>\n                     \n                    <!--- -->\n                    <div class=\"contenido\">\n                                                        <p class=\"azul fs16 light efecto\" data-aos=\"sube-parrafo\" data-aos-delay=\"200\" data-aos-easing=\"easing-texto\" data-aos-duration='800'>\n                            <b>Wie waren Ihre Anf\u00e4nge und berufliche Laufbahn bei G\u2019s?<\/b><br>2000 startete ich mit dem Projekt zur Schaffung des Arbeitsschutzdienstes und f\u00fchrte das gesamte Arbeitsschutz-Mangagementsystem ein. Im Juli 2016 \u00fcbernahm ich dann die Verantwortung f\u00fcr die Produktion in der Zone von \u00c1guilas, die zwei Jahre sp\u00e4ter um die Produktionszone von Cuevas de Almanzora erweitert wurde. Mit Engagement und harter Arbeit kann man fast alles erreichen.\n<b><br><br>Warum sollte man bei G\u2019s arbeiten?<\/b><br>Es ist ein modernes und in der Branche wegbereitendes Vorzeigeunternehmen, das Ver\u00e4nderungen und der kontinuierlichen Verbesserung in allen Aspekten gegen\u00fcber offen ist. F\u00fcr mich ist es aufgrund der Werte und Vision das beste Unternehmen in der Region Murcia.\n<b><br><br>Welche Aufgaben und Verantwortlichkeiten ziehen Sie in Ihrer Position besonders an?\n<\/b><br>Ein solides und koordiniertes Team zu erreichen, die Effizienz bei allen Aufgaben und Ausr\u00fcstungen (Maschinen, usw.) zu verbessern, die Qualit\u00e4t der Betriebsresultate und Erzeugnisse zu steigern und infolgedessen Folgendes zu erreichen: Nutzen.\n<b><br><br>Mit welchen unserer Werte identifizieren Sie sich am meisten? Und warum?\n<\/b><br>Mit allen, wenn ich mich jedoch f\u00fcr einen entscheiden muss, dann f\u00fcr: \"Can-do\".\n<b><br><br>W\u00fcrden Sie anderen Personen empfehlen, bei der Gruppe G\u2019s Espa\u00f1a zu arbeiten?\n<\/b><br>Nat\u00fcrlich. Es gibt in der Branche kein besseres Unternehmen f\u00fcr Personen, die sich aus verschiedenen wesentlichen Gr\u00fcnden weiterbilden wollen: pers\u00f6nliches und berufliches Wachstum, Weiterbildung und die Freiheit, das eigene Potenzial am Arbeitsplatz und auf dem Feld zu entwickeln, sowie die Implementierung von Ideen und Systemen, die uns verbessern.\n\n\n\n                            <\/p>\n                                                    \n                    <\/div>\n                \n                <\/div>\n              <\/div><\/div><\/div><\/div>","protected":false},"excerpt":{"rendered":"<p>Interview Zur\u00fcck Es gibt in der Branche kein besseres Unternehmen f\u00fcr Personen, die sich aus verschiedenen wesentlichen Gr\u00fcnden weiterbilden wollen: pers\u00f6nliches und berufliches Wachstum, Weiterbildung und die Freiheit, das eigene Potenzial am Arbeitsplatz und auf dem Feld zu entwickeln, sowie die Implementierung von Ideen und Systemen, die uns verbessern. Wie waren Ihre Anf\u00e4nge und berufliche [&hellip;]<\/p>\n","protected":false},"author":1,"featured_media":0,"parent":8403,"menu_order":0,"comment_status":"closed","ping_status":"closed","template":"","meta":{"_acf_changed":false,"footnotes":""},"class_list":["post-8422","page","type-page","status-publish","hentry"],"acf":[],"_links":{"self":[{"href":"https:\/\/gsgrupo.com\/de\/wp-json\/wp\/v2\/pages\/8422","targetHints":{"allow":["GET"]}}],"collection":[{"href":"https:\/\/gsgrupo.com\/de\/wp-json\/wp\/v2\/pages"}],"about":[{"href":"https:\/\/gsgrupo.com\/de\/wp-json\/wp\/v2\/types\/page"}],"author":[{"embeddable":true,"href":"https:\/\/gsgrupo.com\/de\/wp-json\/wp\/v2\/users\/1"}],"replies":[{"embeddable":true,"href":"https:\/\/gsgrupo.com\/de\/wp-json\/wp\/v2\/comments?post=8422"}],"version-history":[{"count":2,"href":"https:\/\/gsgrupo.com\/de\/wp-json\/wp\/v2\/pages\/8422\/revisions"}],"predecessor-version":[{"id":8424,"href":"https:\/\/gsgrupo.com\/de\/wp-json\/wp\/v2\/pages\/8422\/revisions\/8424"}],"up":[{"embeddable":true,"href":"https:\/\/gsgrupo.com\/de\/wp-json\/wp\/v2\/pages\/8403"}],"wp:attachment":[{"href":"https:\/\/gsgrupo.com\/de\/wp-json\/wp\/v2\/media?parent=8422"}],"curies":[{"name":"wp","href":"https:\/\/api.w.org\/{rel}","templated":true}]}}