{"id":8432,"date":"2018-10-16T11:31:35","date_gmt":"2018-10-16T11:31:35","guid":{"rendered":"https:\/\/gsgrupo.com\/personen\/entrevista-dulce-palacios\/"},"modified":"2018-12-05T11:43:48","modified_gmt":"2018-12-05T11:43:48","slug":"interview-dulce-palacios","status":"publish","type":"page","link":"https:\/\/gsgrupo.com\/de\/personen\/interview-dulce-palacios","title":{"rendered":"Interview Dulce Palacios"},"content":{"rendered":"<div id=\"pl-8432\"  class=\"panel-layout\" ><div id=\"pg-8432-0\"  class=\"panel-grid panel-no-style\" ><div id=\"pgc-8432-0-0\"  class=\"panel-grid-cell\" >              <div id=\"panel-8432-0-0-0\" class=\"so-panel widget widget_modulo_cabecera panel-first-child\" data-index=\"0\" >              <div class=\"modulo cabecera externa\">\n                                <div class=\"titulo columna\">\n                    <h1>\n                        <span class=\"azul fs26 light efecto\" data-aos=\"sube\" data-aos-duration=\"800\">\n                            Interview                        <\/span>\n                    <\/h1>\n                                        <span class=\"s_enlace\">\n                            <a class=\"azul bold fs14 link efecto\" href=\"\/de\/personen\" data-aos=\"sube\" data-aos-duration=\"800\" data-aos-delay=\"50\">Zur\u00fcck<\/a>   \n                    <\/span>\n                     \n                <\/div>\n                 \n                <div class=\"contenido columna efecto\" data-aos=\"sube-parrafo\" data-aos-duration=\"800\" data-aos-delay=\"100\">\n                                 <h2 class=\"azul fs26 bold\">Die Leitung von Personen, die Koordination der Bestellungen unserer strategischen Kunden und die Organisation, um die Liefertermine einzuhalten und einen optimalen Service bereitzustellen.\n<\/h2>\n                 \n                <\/div>\n             <\/div>\n              <\/div>              <div id=\"panel-8432-0-0-1\" class=\"so-panel widget widget_modulo_texto_solo panel-last-child\" data-index=\"1\" >              <script src=\"https:\/\/code.jquery.com\/jquery-1.11.3.min.js\"><\/script>\n\n                <div class=\"modulo articulo-texto\">\n                    <!--Si tiene cabecera-->\n                                        <div class=\"cabecera\">\n                        <h1>\n                            <span class=\"azul fs26 light efecto\" data-aos=\"sube\">\n                                                             <\/span>\n                        <\/h1>\n                        <a class=\"azul bold fs14 link efecto\" href=\"\" data-aos=\"sube-parrafo\">\n                                                    <\/a>    \n                    <\/div>\n                     \n                    <!--- -->\n                    <div class=\"contenido\">\n                                                        <p class=\"azul fs16 light efecto\" data-aos=\"sube-parrafo\" data-aos-delay=\"200\" data-aos-easing=\"easing-texto\" data-aos-duration='800'>\n                            <b>Wie waren Ihre Anf\u00e4nge und berufliche Laufbahn bei G\u2019s?\n<\/b><br>Meine Anf\u00e4nge waren unsicher, da es mein erster Arbeitsplatz im Lager war. Vorher hatte ich nur im B\u00fcro gearbeitet. Ich habe verschiedene Positionen bis zu meiner aktuellen Aufgabe als Leiterin des Lagers f\u00fcr Mehrwertprodukte durchlaufen. Auf jeden Fall kann ich sagen, dass meine Laufbahn sehr gut war.\n<b><br><br>Warum sollte man bei G\u2019s arbeiten?\n<\/b><br>Mir gefallen mein Arbeitsbereich, die hier t\u00e4tigen Menschen und die Art und Weise, wie man behandelt wird.\n<b><br><br>Welche Aufgaben und Verantwortlichkeiten ziehen Sie in Ihrer Position besonders an?\n<\/b><br>Die Leitung von Personen, die Koordination der Bestellungen unserer strategischen Kunden und die Organisation, um die Liefertermine einzuhalten und einen optimalen Service bereitzustellen.\n<b><br><br>Mit welchen unserer Werte identifizieren Sie sich am meisten? Und warum?\n<\/b><br>Ich identifiziere mich mit dem Wert \u201eErfahrung\u201c, da ich seit meinem Eintritt bei G\u2019s nicht aufgeh\u00f6rt habe, dazuzulernen.\n<b><br><br>W\u00fcrden Sie anderen Personen empfehlen, bei der Gruppe G\u2019s Espa\u00f1a zu arbeiten?\n<\/b><br>Zweifellos. Es ist ein sehr guter Arbeitsplatz.\n\n\n                            <\/p>\n                                                    \n                    <\/div>\n                \n                <\/div>\n              <\/div><\/div><\/div><\/div>","protected":false},"excerpt":{"rendered":"<p>Interview Zur\u00fcck Die Leitung von Personen, die Koordination der Bestellungen unserer strategischen Kunden und die Organisation, um die Liefertermine einzuhalten und einen optimalen Service bereitzustellen. Wie waren Ihre Anf\u00e4nge und berufliche Laufbahn bei G\u2019s? Meine Anf\u00e4nge waren unsicher, da es mein erster Arbeitsplatz im Lager war. Vorher hatte ich nur im B\u00fcro gearbeitet. Ich habe [&hellip;]<\/p>\n","protected":false},"author":1,"featured_media":0,"parent":8403,"menu_order":0,"comment_status":"closed","ping_status":"closed","template":"","meta":{"_acf_changed":false,"footnotes":""},"class_list":["post-8432","page","type-page","status-publish","hentry"],"acf":[],"_links":{"self":[{"href":"https:\/\/gsgrupo.com\/de\/wp-json\/wp\/v2\/pages\/8432","targetHints":{"allow":["GET"]}}],"collection":[{"href":"https:\/\/gsgrupo.com\/de\/wp-json\/wp\/v2\/pages"}],"about":[{"href":"https:\/\/gsgrupo.com\/de\/wp-json\/wp\/v2\/types\/page"}],"author":[{"embeddable":true,"href":"https:\/\/gsgrupo.com\/de\/wp-json\/wp\/v2\/users\/1"}],"replies":[{"embeddable":true,"href":"https:\/\/gsgrupo.com\/de\/wp-json\/wp\/v2\/comments?post=8432"}],"version-history":[{"count":2,"href":"https:\/\/gsgrupo.com\/de\/wp-json\/wp\/v2\/pages\/8432\/revisions"}],"predecessor-version":[{"id":8435,"href":"https:\/\/gsgrupo.com\/de\/wp-json\/wp\/v2\/pages\/8432\/revisions\/8435"}],"up":[{"embeddable":true,"href":"https:\/\/gsgrupo.com\/de\/wp-json\/wp\/v2\/pages\/8403"}],"wp:attachment":[{"href":"https:\/\/gsgrupo.com\/de\/wp-json\/wp\/v2\/media?parent=8432"}],"curies":[{"name":"wp","href":"https:\/\/api.w.org\/{rel}","templated":true}]}}