{"id":8442,"date":"2018-10-16T11:47:06","date_gmt":"2018-10-16T11:47:06","guid":{"rendered":"https:\/\/gsgrupo.com\/personen\/james-hughes\/"},"modified":"2018-12-05T11:56:51","modified_gmt":"2018-12-05T11:56:51","slug":"james-hughes","status":"publish","type":"page","link":"https:\/\/gsgrupo.com\/de\/personen\/james-hughes","title":{"rendered":"James Hughes"},"content":{"rendered":"<div id=\"pl-8442\"  class=\"panel-layout\" ><div id=\"pg-8442-0\"  class=\"panel-grid panel-no-style\" ><div id=\"pgc-8442-0-0\"  class=\"panel-grid-cell\" >              <div id=\"panel-8442-0-0-0\" class=\"so-panel widget widget_modulo_cabecera panel-first-child\" data-index=\"0\" >              <div class=\"modulo cabecera externa\">\n                                <div class=\"titulo columna\">\n                    <h1>\n                        <span class=\"azul fs26 light efecto\" data-aos=\"sube\" data-aos-duration=\"800\">\n                            Interview                        <\/span>\n                    <\/h1>\n                                        <span class=\"s_enlace\">\n                            <a class=\"azul bold fs14 link efecto\" href=\"\/de\/personen\" data-aos=\"sube\" data-aos-duration=\"800\" data-aos-delay=\"50\">Zur\u00fcck<\/a>   \n                    <\/span>\n                     \n                <\/div>\n                 \n                <div class=\"contenido columna efecto\" data-aos=\"sube-parrafo\" data-aos-duration=\"800\" data-aos-delay=\"100\">\n                                 <h2 class=\"azul fs26 bold\">Aufgrund der Jahre, die ich in dieser Gruppe arbeite, identifiziere ich mich mit der Erfahrung und der mir vermittelten Vision sowie mit dem Wert \u201eCan-do\u201c, da er Bestandteil der Verbesserungen und neuen Projekte\/Maschinen ist.\n<\/h2>\n                 \n                <\/div>\n             <\/div>\n              <\/div>              <div id=\"panel-8442-0-0-1\" class=\"so-panel widget widget_modulo_texto_solo panel-last-child\" data-index=\"1\" >              <script src=\"https:\/\/code.jquery.com\/jquery-1.11.3.min.js\"><\/script>\n\n                <div class=\"modulo articulo-texto\">\n                    <!--Si tiene cabecera-->\n                                        <div class=\"cabecera\">\n                        <h1>\n                            <span class=\"azul fs26 light efecto\" data-aos=\"sube\">\n                                                             <\/span>\n                        <\/h1>\n                        <a class=\"azul bold fs14 link efecto\" href=\"\" data-aos=\"sube-parrafo\">\n                                                    <\/a>    \n                    <\/div>\n                     \n                    <!--- -->\n                    <div class=\"contenido\">\n                                                        <p class=\"azul fs16 light efecto\" data-aos=\"sube-parrafo\" data-aos-delay=\"200\" data-aos-easing=\"easing-texto\" data-aos-duration='800'>\n                            <b>Wie waren Ihre Anf\u00e4nge und berufliche Laufbahn bei G\u2019s?\n<\/b><br>Ich begann als Mechaniker bei G\u2019s Espa\u00f1a und verbrachte meine ersten drei Probemonate beim Team in England. Anschlie\u00dfend arbeitete ich drei Jahre lang abwechselnd in Spanien und England, bis ich meine endg\u00fcltige Position in der Gruppe G\u2019s Espa\u00f1a erhielt.\n<b><br><br>Warum sollte man bei G\u2019s arbeiten?<\/b><br>Die Unternehmensgruppe ist breit aufgestellt und kann Personen viele Gelegenheiten bieten. Au\u00dferdem handelt es sich um eine vertrauensw\u00fcrdige Gruppe, die Mitarbeitern Sicherheit bietet. \n<br><br><br>\n<b>Welche Aufgaben und Verantwortlichkeiten ziehen Sie in Ihrer Position besonders an?\n<\/b><br>\nMir gef\u00e4llt besonders die Entwicklung von Projekten und Verbesserungen in den Bereichen, in denen wir t\u00e4tig sind. Die guten Ergebnisse sind an unserem Team ablesbar.\n<b><br><br>Mit welchen unserer Werte identifizieren Sie sich am meisten? Und warum?\n<\/b><br>Aufgrund der Jahre, die ich in dieser Gruppe arbeite, identifiziere ich mich mit der \u201eErfahrung\u201c und der mir vermittelten Vision sowie mit dem Wert \u201eCan-do\u201c, da er Bestandteil der Verbesserungen und neuen Projekte\/Maschinen ist.\n<b><br><br>W\u00fcrden Sie anderen Personen empfehlen, bei der Gruppe G\u2019s Espa\u00f1a zu arbeiten?\n<\/b><br>Ja, allen Personen, die gerne arbeiten wollen, da die Gruppe Stellen in zahlreichen Bereichen und f\u00fcr alle Ausbildungsstufen anbietet.\n\n                            <\/p>\n                                                    \n                    <\/div>\n                \n                <\/div>\n              <\/div><\/div><\/div><\/div>","protected":false},"excerpt":{"rendered":"<p>Interview Zur\u00fcck Aufgrund der Jahre, die ich in dieser Gruppe arbeite, identifiziere ich mich mit der Erfahrung und der mir vermittelten Vision sowie mit dem Wert \u201eCan-do\u201c, da er Bestandteil der Verbesserungen und neuen Projekte\/Maschinen ist. Wie waren Ihre Anf\u00e4nge und berufliche Laufbahn bei G\u2019s? Ich begann als Mechaniker bei G\u2019s Espa\u00f1a und verbrachte meine [&hellip;]<\/p>\n","protected":false},"author":1,"featured_media":0,"parent":8403,"menu_order":0,"comment_status":"closed","ping_status":"closed","template":"","meta":{"_acf_changed":false,"footnotes":""},"class_list":["post-8442","page","type-page","status-publish","hentry"],"acf":[],"_links":{"self":[{"href":"https:\/\/gsgrupo.com\/de\/wp-json\/wp\/v2\/pages\/8442","targetHints":{"allow":["GET"]}}],"collection":[{"href":"https:\/\/gsgrupo.com\/de\/wp-json\/wp\/v2\/pages"}],"about":[{"href":"https:\/\/gsgrupo.com\/de\/wp-json\/wp\/v2\/types\/page"}],"author":[{"embeddable":true,"href":"https:\/\/gsgrupo.com\/de\/wp-json\/wp\/v2\/users\/1"}],"replies":[{"embeddable":true,"href":"https:\/\/gsgrupo.com\/de\/wp-json\/wp\/v2\/comments?post=8442"}],"version-history":[{"count":5,"href":"https:\/\/gsgrupo.com\/de\/wp-json\/wp\/v2\/pages\/8442\/revisions"}],"predecessor-version":[{"id":8448,"href":"https:\/\/gsgrupo.com\/de\/wp-json\/wp\/v2\/pages\/8442\/revisions\/8448"}],"up":[{"embeddable":true,"href":"https:\/\/gsgrupo.com\/de\/wp-json\/wp\/v2\/pages\/8403"}],"wp:attachment":[{"href":"https:\/\/gsgrupo.com\/de\/wp-json\/wp\/v2\/media?parent=8442"}],"curies":[{"name":"wp","href":"https:\/\/api.w.org\/{rel}","templated":true}]}}