{"id":8450,"date":"2018-10-16T13:16:16","date_gmt":"2018-10-16T13:16:16","guid":{"rendered":"https:\/\/gsgrupo.com\/personen\/entrevista-juan-jose-pizarro\/"},"modified":"2018-12-05T12:01:23","modified_gmt":"2018-12-05T12:01:23","slug":"interview-juan-jose-pizarro","status":"publish","type":"page","link":"https:\/\/gsgrupo.com\/de\/personen\/interview-juan-jose-pizarro","title":{"rendered":"Interview Juan Jos\u00e9 Pizarro"},"content":{"rendered":"<div id=\"pl-8450\"  class=\"panel-layout\" ><div id=\"pg-8450-0\"  class=\"panel-grid panel-no-style\" ><div id=\"pgc-8450-0-0\"  class=\"panel-grid-cell\" >              <div id=\"panel-8450-0-0-0\" class=\"so-panel widget widget_modulo_cabecera panel-first-child\" data-index=\"0\" >              <div class=\"modulo cabecera externa\">\n                                <div class=\"titulo columna\">\n                    <h1>\n                        <span class=\"azul fs26 light efecto\" data-aos=\"sube\" data-aos-duration=\"800\">\n                            Interview                        <\/span>\n                    <\/h1>\n                                        <span class=\"s_enlace\">\n                            <a class=\"azul bold fs14 link efecto\" href=\"\/de\/personen\" data-aos=\"sube\" data-aos-duration=\"800\" data-aos-delay=\"50\">Zur\u00fcck<\/a>   \n                    <\/span>\n                     \n                <\/div>\n                 \n                <div class=\"contenido columna efecto\" data-aos=\"sube-parrafo\" data-aos-duration=\"800\" data-aos-delay=\"100\">\n                                 <h2 class=\"azul fs26 bold\">Ich w\u00fcrde die Gruppe G\u2019s Espa\u00f1a empfehlen, da es sich um eines der besten Unternehmen der Branche handelt. Die Schulung und Werte dieses Unternehmens sind einzigartig und erm\u00f6glichen die berufliche und kulturelle Weiterbildung.\n<\/h2>\n                 \n                <\/div>\n             <\/div>\n              <\/div>              <div id=\"panel-8450-0-0-1\" class=\"so-panel widget widget_modulo_texto_solo panel-last-child\" data-index=\"1\" >              <script src=\"https:\/\/code.jquery.com\/jquery-1.11.3.min.js\"><\/script>\n\n                <div class=\"modulo articulo-texto\">\n                    <!--Si tiene cabecera-->\n                                        <div class=\"cabecera\">\n                        <h1>\n                            <span class=\"azul fs26 light efecto\" data-aos=\"sube\">\n                                                             <\/span>\n                        <\/h1>\n                        <a class=\"azul bold fs14 link efecto\" href=\"\" data-aos=\"sube-parrafo\">\n                                                    <\/a>    \n                    <\/div>\n                     \n                    <!--- -->\n                    <div class=\"contenido\">\n                                                        <p class=\"azul fs16 light efecto\" data-aos=\"sube-parrafo\" data-aos-delay=\"200\" data-aos-easing=\"easing-texto\" data-aos-duration='800'>\n                            <b>Wie waren Ihre Anf\u00e4nge und berufliche Laufbahn bei G\u2019s?\n<\/b><br>\nIch trat 1979 im Alter von 17 Jahren als Verantwortlicher f\u00fcr Messger\u00e4te in das Unternehmen ein. Im Verlauf der Jahre habe ich verschiedene Positionen innegehabt: Linienmanager, Lagerleiter bis hin zu meiner aktuellen Aufgabe als Betriebsleiter.\u00a0\n<br><br><b>\nWarum sollte man bei G\u2019s arbeiten?\n<\/b><br>\nVon Anfang an habe ich mich in allen Positionen sehr einbezogen und respektiert gef\u00fchlt, sowohl seitens meiner Vorgesetzten als auch meiner Kollegen. Das begeistert mich jeden Tag und l\u00e4sst mich zufrieden in den Tag starten. Ich glaube, dass genau das dazu beitr\u00e4gt, dass wir uns jederzeit verbessern. \n<br><br><b>\nWelche Aufgaben und Verantwortlichkeiten ziehen Sie in Ihrer Position besonders an?\n<\/b><br>\nIch liebe Verhandlungen, da sie etwas sind, was wir jeden Tag abhalten, oftmals, ohne uns dessen bewusst zu sein.\n<br><br><b>\nMit welchen unserer Werte identifizieren Sie sich am meisten? Und warum?\n<\/b><br>\n\u201eVertrauen\u201c und \u201eCan-do\u201c. Alle sind wichtig, aber:<br>\n- Wenn man an Effizienz verliert, l\u00e4sst sich diese bei einem anderen Projekt wieder verbessern.<br>\n- Die Qualit\u00e4t kann zu einem bestimmten Zeitpunkt versagen, kann jedoch wiederhergestellt werden.<br>\n- Die Erfahrung ist das, was man im Verlauf seiner Laufbahn erleben konnte.<br>\n- Wenn man jedoch das Vertrauen verliert, ist diese nur schwer zur\u00fcckzugewinnen, wenn \u00fcberhaupt. Ohne Engagement und Motivation ist es sehr schwer, Vertrauen zu erzeugen.  <br><br><b>\nW\u00fcrden Sie anderen Personen empfehlen, bei der Gruppe G\u2019s Espa\u00f1a zu arbeiten?\n<\/b><br>\nIch w\u00fcrde die Gruppe G\u2019s Espa\u00f1a empfehlen, da es sich um eines der besten Unternehmen der Branche handelt. Die Schulung und Werte dieses Unternehmens sind einzigartig und erm\u00f6glichen die berufliche und kulturelle Weiterbildung.\n                            <\/p>\n                                                    \n                    <\/div>\n                \n                <\/div>\n              <\/div><\/div><\/div><\/div>","protected":false},"excerpt":{"rendered":"<p>Interview Zur\u00fcck Ich w\u00fcrde die Gruppe G\u2019s Espa\u00f1a empfehlen, da es sich um eines der besten Unternehmen der Branche handelt. Die Schulung und Werte dieses Unternehmens sind einzigartig und erm\u00f6glichen die berufliche und kulturelle Weiterbildung. Wie waren Ihre Anf\u00e4nge und berufliche Laufbahn bei G\u2019s? Ich trat 1979 im Alter von 17 Jahren als Verantwortlicher f\u00fcr [&hellip;]<\/p>\n","protected":false},"author":1,"featured_media":0,"parent":8403,"menu_order":0,"comment_status":"closed","ping_status":"closed","template":"","meta":{"_acf_changed":false,"footnotes":""},"class_list":["post-8450","page","type-page","status-publish","hentry"],"acf":[],"_links":{"self":[{"href":"https:\/\/gsgrupo.com\/de\/wp-json\/wp\/v2\/pages\/8450","targetHints":{"allow":["GET"]}}],"collection":[{"href":"https:\/\/gsgrupo.com\/de\/wp-json\/wp\/v2\/pages"}],"about":[{"href":"https:\/\/gsgrupo.com\/de\/wp-json\/wp\/v2\/types\/page"}],"author":[{"embeddable":true,"href":"https:\/\/gsgrupo.com\/de\/wp-json\/wp\/v2\/users\/1"}],"replies":[{"embeddable":true,"href":"https:\/\/gsgrupo.com\/de\/wp-json\/wp\/v2\/comments?post=8450"}],"version-history":[{"count":2,"href":"https:\/\/gsgrupo.com\/de\/wp-json\/wp\/v2\/pages\/8450\/revisions"}],"predecessor-version":[{"id":8452,"href":"https:\/\/gsgrupo.com\/de\/wp-json\/wp\/v2\/pages\/8450\/revisions\/8452"}],"up":[{"embeddable":true,"href":"https:\/\/gsgrupo.com\/de\/wp-json\/wp\/v2\/pages\/8403"}],"wp:attachment":[{"href":"https:\/\/gsgrupo.com\/de\/wp-json\/wp\/v2\/media?parent=8450"}],"curies":[{"name":"wp","href":"https:\/\/api.w.org\/{rel}","templated":true}]}}