{"id":8454,"date":"2018-10-16T13:24:12","date_gmt":"2018-10-16T13:24:12","guid":{"rendered":"https:\/\/gsgrupo.com\/personen\/lourdes-sanchez\/"},"modified":"2018-12-05T12:07:34","modified_gmt":"2018-12-05T12:07:34","slug":"lourdes-sanchez","status":"publish","type":"page","link":"https:\/\/gsgrupo.com\/de\/personen\/lourdes-sanchez","title":{"rendered":"Interview Lourdes S\u00e1nchez"},"content":{"rendered":"<div id=\"pl-8454\"  class=\"panel-layout\" ><div id=\"pg-8454-0\"  class=\"panel-grid panel-no-style\" ><div id=\"pgc-8454-0-0\"  class=\"panel-grid-cell\" >              <div id=\"panel-8454-0-0-0\" class=\"so-panel widget widget_modulo_cabecera panel-first-child\" data-index=\"0\" >              <div class=\"modulo cabecera externa\">\n                                <div class=\"titulo columna\">\n                    <h1>\n                        <span class=\"azul fs26 light efecto\" data-aos=\"sube\" data-aos-duration=\"800\">\n                            Interview                        <\/span>\n                    <\/h1>\n                                        <span class=\"s_enlace\">\n                            <a class=\"azul bold fs14 link efecto\" href=\"\/de\/personen\" data-aos=\"sube\" data-aos-duration=\"800\" data-aos-delay=\"50\">Zur\u00fcck<\/a>   \n                    <\/span>\n                     \n                <\/div>\n                 \n                <div class=\"contenido columna efecto\" data-aos=\"sube-parrafo\" data-aos-duration=\"800\" data-aos-delay=\"100\">\n                                 <h2 class=\"azul fs26 bold\">Bei G\u2019s arbeiten zu k\u00f6nnen, ist angesichts der Gr\u00f6\u00dfe des Unternehmens eine fantastische Gelegenheit: multinational, multikulturell, st\u00e4ndig wachsend und mit der M\u00f6glichkeit, mich weiterzuentwickeln.<\/h2>\n                 \n                <\/div>\n             <\/div>\n              <\/div>              <div id=\"panel-8454-0-0-1\" class=\"so-panel widget widget_modulo_texto_solo panel-last-child\" data-index=\"1\" >              <script src=\"https:\/\/code.jquery.com\/jquery-1.11.3.min.js\"><\/script>\n\n                <div class=\"modulo articulo-texto\">\n                    <!--Si tiene cabecera-->\n                                        <div class=\"cabecera\">\n                        <h1>\n                            <span class=\"azul fs26 light efecto\" data-aos=\"sube\">\n                                                             <\/span>\n                        <\/h1>\n                        <a class=\"azul bold fs14 link efecto\" href=\"\" data-aos=\"sube-parrafo\">\n                                                    <\/a>    \n                    <\/div>\n                     \n                    <!--- -->\n                    <div class=\"contenido\">\n                                                        <p class=\"azul fs16 light efecto\" data-aos=\"sube-parrafo\" data-aos-delay=\"200\" data-aos-easing=\"easing-texto\" data-aos-duration='800'>\n                            <b>Wie waren Ihre Anf\u00e4nge und berufliche Laufbahn bei G\u2019s?<\/b><br>\nIch begann bei der Gruppe G\u2019s im Rahmen meines dreimonatigen Master-Praktikums, als ich die Grundlage f\u00fcr den internen Kommunikationsplan schuf und einige Events organisierte. Nach diesem Zeitraum hatte ich das Gl\u00fcck, im Bereich Kommunikation und Unternehmensverantwortung in die Abteilung \u00fcbernommen zu werden, in der ich mich jeden Tag beruflich weiterentwickle. \n<br><br><br><b>\nWarum sollte man bei G\u2019s arbeiten?\n<\/b><br>\nSchon als Kind wollte ich Kommunikation studieren und diese aufgrund meiner famili\u00e4ren Wurzeln auf den Ern\u00e4hrungssektor anwenden. Dieser Grund war die Basis. Bei G\u2019s arbeiten zu k\u00f6nnen, ist angesichts der Gr\u00f6\u00dfe des Unternehmens eine fantastische Gelegenheit: multinational, multikulturell, st\u00e4ndig wachsend und mit der M\u00f6glichkeit, mich weiterzuentwickeln.  \n<br><br><br><b>\nWelche Aufgaben und Verantwortlichkeiten ziehen Sie in Ihrer Position besonders an?<\/b><br>\nMich begeistert die Kommunikation und alles, was damit zusammenh\u00e4ngt. Ein positiver Aspekt meiner Stelle ist die Beziehung zu vielen Personen im Unternehmen, die Teamarbeit sowie die M\u00f6glichkeit, geplante Projekte umzusetzen und die j\u00e4hrlichen Events bei G's zu veranstalten. \n<br><br><br><b>\nMit welchen unserer Werte identifizieren Sie sich am meisten? Und warum?<\/b><br>\nMein Wert par excellence ist \u201eCan-do\u201c, das Know-how, die Motivation und das Engagement, sich jeden Tag zu verbessern, Fortschritte zu erzielen und neue Dinge zu schaffen. \n<br><br><br><b>\nW\u00fcrden Sie anderen Personen empfehlen, bei der Gruppe G\u2019s Espa\u00f1a zu arbeiten?<\/b><br>\nAuf jeden Fall. Es ist ein tolles Unternehmen, das einem alles geben kann, was in der Arbeitswelt erwartet wird.\n\n                            <\/p>\n                                                    \n                    <\/div>\n                \n                <\/div>\n              <\/div><\/div><\/div><\/div>","protected":false},"excerpt":{"rendered":"<p>Interview Zur\u00fcck Bei G\u2019s arbeiten zu k\u00f6nnen, ist angesichts der Gr\u00f6\u00dfe des Unternehmens eine fantastische Gelegenheit: multinational, multikulturell, st\u00e4ndig wachsend und mit der M\u00f6glichkeit, mich weiterzuentwickeln. Wie waren Ihre Anf\u00e4nge und berufliche Laufbahn bei G\u2019s? Ich begann bei der Gruppe G\u2019s im Rahmen meines dreimonatigen Master-Praktikums, als ich die Grundlage f\u00fcr den internen Kommunikationsplan schuf [&hellip;]<\/p>\n","protected":false},"author":1,"featured_media":0,"parent":8403,"menu_order":0,"comment_status":"closed","ping_status":"closed","template":"","meta":{"_acf_changed":false,"footnotes":""},"class_list":["post-8454","page","type-page","status-publish","hentry"],"acf":[],"_links":{"self":[{"href":"https:\/\/gsgrupo.com\/de\/wp-json\/wp\/v2\/pages\/8454","targetHints":{"allow":["GET"]}}],"collection":[{"href":"https:\/\/gsgrupo.com\/de\/wp-json\/wp\/v2\/pages"}],"about":[{"href":"https:\/\/gsgrupo.com\/de\/wp-json\/wp\/v2\/types\/page"}],"author":[{"embeddable":true,"href":"https:\/\/gsgrupo.com\/de\/wp-json\/wp\/v2\/users\/1"}],"replies":[{"embeddable":true,"href":"https:\/\/gsgrupo.com\/de\/wp-json\/wp\/v2\/comments?post=8454"}],"version-history":[{"count":3,"href":"https:\/\/gsgrupo.com\/de\/wp-json\/wp\/v2\/pages\/8454\/revisions"}],"predecessor-version":[{"id":8458,"href":"https:\/\/gsgrupo.com\/de\/wp-json\/wp\/v2\/pages\/8454\/revisions\/8458"}],"up":[{"embeddable":true,"href":"https:\/\/gsgrupo.com\/de\/wp-json\/wp\/v2\/pages\/8403"}],"wp:attachment":[{"href":"https:\/\/gsgrupo.com\/de\/wp-json\/wp\/v2\/media?parent=8454"}],"curies":[{"name":"wp","href":"https:\/\/api.w.org\/{rel}","templated":true}]}}