{"id":8460,"date":"2018-10-16T13:28:22","date_gmt":"2018-10-16T13:28:22","guid":{"rendered":"https:\/\/gsgrupo.com\/personen\/maravilla-conesa\/"},"modified":"2018-12-05T12:17:17","modified_gmt":"2018-12-05T12:17:17","slug":"maravilla-conesa","status":"publish","type":"page","link":"https:\/\/gsgrupo.com\/de\/personen\/maravilla-conesa","title":{"rendered":"Interview Maravillas Conesa"},"content":{"rendered":"<div id=\"pl-8460\"  class=\"panel-layout\" ><div id=\"pg-8460-0\"  class=\"panel-grid panel-no-style\" ><div id=\"pgc-8460-0-0\"  class=\"panel-grid-cell\" >              <div id=\"panel-8460-0-0-0\" class=\"so-panel widget widget_modulo_cabecera panel-first-child\" data-index=\"0\" >              <div class=\"modulo cabecera externa\">\n                                <div class=\"titulo columna\">\n                    <h1>\n                        <span class=\"azul fs26 light efecto\" data-aos=\"sube\" data-aos-duration=\"800\">\n                            Interview                        <\/span>\n                    <\/h1>\n                                        <span class=\"s_enlace\">\n                            <a class=\"azul bold fs14 link efecto\" href=\"\/de\/personen\" data-aos=\"sube\" data-aos-duration=\"800\" data-aos-delay=\"50\">Zur\u00fcck<\/a>   \n                    <\/span>\n                     \n                <\/div>\n                 \n                <div class=\"contenido columna efecto\" data-aos=\"sube-parrafo\" data-aos-duration=\"800\" data-aos-delay=\"100\">\n                                 <h2 class=\"azul fs26 bold\">Die Werte dieses Unternehmens sind mehr als ausreichend, um hier arbeiten zu wollen. Ich bin sehr stolz darauf, zu G\u2019s zu geh\u00f6ren. Besonders begeistert mich die Vertrautheit und Erfahrung, weswegen ich motiviert und an dieses Unternehmen angepasst bin.\n<\/h2>\n                 \n                <\/div>\n             <\/div>\n              <\/div>              <div id=\"panel-8460-0-0-1\" class=\"so-panel widget widget_modulo_texto_solo panel-last-child\" data-index=\"1\" >              <script src=\"https:\/\/code.jquery.com\/jquery-1.11.3.min.js\"><\/script>\n\n                <div class=\"modulo articulo-texto\">\n                    <!--Si tiene cabecera-->\n                                        <div class=\"cabecera\">\n                        <h1>\n                            <span class=\"azul fs26 light efecto\" data-aos=\"sube\">\n                                                             <\/span>\n                        <\/h1>\n                        <a class=\"azul bold fs14 link efecto\" href=\"\" data-aos=\"sube-parrafo\">\n                                                    <\/a>    \n                    <\/div>\n                     \n                    <!--- -->\n                    <div class=\"contenido\">\n                                                        <p class=\"azul fs16 light efecto\" data-aos=\"sube-parrafo\" data-aos-delay=\"200\" data-aos-easing=\"easing-texto\" data-aos-duration='800'>\n                            <b>Wie waren Ihre Anf\u00e4nge und berufliche Laufbahn bei G\u2019s?<\/b><br>\nIch begann 1984 als Eisberg-Verpackerin im Unternehmen, als es seinen Betrieb noch unter dem Namen \u201ePascual Hermanos\u201c f\u00fchrte. Nach 3 Jahren stieg ich in die mittlere F\u00fchrungsebene auf, und zwar als Leiterin der Abteilung Reinigung und Verpackung. 2001 wurde ich dann Qualit\u00e4tsleiterin desselben Lagers in Pozo Estrecho. Seit Oktober 2018 bin ich als Koordinatorin der Qualit\u00e4tssicherung Teil der Unternehmensstruktur von G's in Torre Pacheco.\n<br><br><br>\n<b>Warum sollte man bei G\u2019s arbeiten?<\/b><br>\nDie Werte dieses Unternehmens sind mehr als ausreichend, um hier arbeiten zu wollen. Ich bin sehr stolz darauf, zu G\u2019s zu geh\u00f6ren. Besonders begeistert mich die Vertrautheit und Erfahrung, weswegen ich motiviert und an dieses Unternehmen angepasst bin.\n<br><br><br>\n<b>Welche Aufgaben und Verantwortlichkeiten ziehen Sie in Ihrer Position besonders an?<\/b><br>\nDie Arbeit zu koordinieren, die Qualit\u00e4t der Erzeugnisse beim Wareneingang, der Handhabung und beim Versand zu kontrollieren sowie die Verantwortung, die Qualit\u00e4ts- und Sicherheitsstandards der Erzeugnisse w\u00e4hrend der verschiedenen Verarbeitungsschritte zu erf\u00fcllen. Au\u00dferdem die Zusammenarbeit, um Beanstandungen der Kunden zu betreuen.\n<br><br><br>\n<b>Mit welchen unserer Werte identifizieren Sie sich am meisten? Und warum?<\/b><br>Am meisten identifiziere ich mich mit dem Wert \"Qualit\u00e4t\", d. h. unseren Mitarbeitern und Kunden einen au\u00dfergew\u00f6hnlichen Service bereitzustellen. Dar\u00fcber hinaus identifiziere ich mich mit \"Can-do\".\n<br><br><br>\n<b>W\u00fcrden Sie anderen Personen empfehlen, bei der Gruppe G\u2019s Espa\u00f1a zu arbeiten?<\/b><br>\nNat\u00fcrlich. Ich habe dies verschiedenen Personen bereits empfohlen, die derzeit bei G's arbeiten.                            <\/p>\n                                                    \n                    <\/div>\n                \n                <\/div>\n              <\/div><\/div><\/div><\/div>","protected":false},"excerpt":{"rendered":"<p>Interview Zur\u00fcck Die Werte dieses Unternehmens sind mehr als ausreichend, um hier arbeiten zu wollen. Ich bin sehr stolz darauf, zu G\u2019s zu geh\u00f6ren. Besonders begeistert mich die Vertrautheit und Erfahrung, weswegen ich motiviert und an dieses Unternehmen angepasst bin. Wie waren Ihre Anf\u00e4nge und berufliche Laufbahn bei G\u2019s? Ich begann 1984 als Eisberg-Verpackerin im [&hellip;]<\/p>\n","protected":false},"author":1,"featured_media":0,"parent":8403,"menu_order":0,"comment_status":"closed","ping_status":"closed","template":"","meta":{"_acf_changed":false,"footnotes":""},"class_list":["post-8460","page","type-page","status-publish","hentry"],"acf":[],"_links":{"self":[{"href":"https:\/\/gsgrupo.com\/de\/wp-json\/wp\/v2\/pages\/8460","targetHints":{"allow":["GET"]}}],"collection":[{"href":"https:\/\/gsgrupo.com\/de\/wp-json\/wp\/v2\/pages"}],"about":[{"href":"https:\/\/gsgrupo.com\/de\/wp-json\/wp\/v2\/types\/page"}],"author":[{"embeddable":true,"href":"https:\/\/gsgrupo.com\/de\/wp-json\/wp\/v2\/users\/1"}],"replies":[{"embeddable":true,"href":"https:\/\/gsgrupo.com\/de\/wp-json\/wp\/v2\/comments?post=8460"}],"version-history":[{"count":4,"href":"https:\/\/gsgrupo.com\/de\/wp-json\/wp\/v2\/pages\/8460\/revisions"}],"predecessor-version":[{"id":8467,"href":"https:\/\/gsgrupo.com\/de\/wp-json\/wp\/v2\/pages\/8460\/revisions\/8467"}],"up":[{"embeddable":true,"href":"https:\/\/gsgrupo.com\/de\/wp-json\/wp\/v2\/pages\/8403"}],"wp:attachment":[{"href":"https:\/\/gsgrupo.com\/de\/wp-json\/wp\/v2\/media?parent=8460"}],"curies":[{"name":"wp","href":"https:\/\/api.w.org\/{rel}","templated":true}]}}