{"id":8478,"date":"2018-10-16T13:44:00","date_gmt":"2018-10-16T13:44:00","guid":{"rendered":"https:\/\/gsgrupo.com\/personen\/entrevista-thomas-pateman\/"},"modified":"2018-12-05T12:30:38","modified_gmt":"2018-12-05T12:30:38","slug":"interview-thomas-pateman","status":"publish","type":"page","link":"https:\/\/gsgrupo.com\/de\/personen\/interview-thomas-pateman","title":{"rendered":"Interview Thomas Pateman"},"content":{"rendered":"<div id=\"pl-8478\"  class=\"panel-layout\" ><div id=\"pg-8478-0\"  class=\"panel-grid panel-no-style\" ><div id=\"pgc-8478-0-0\"  class=\"panel-grid-cell\" >              <div id=\"panel-8478-0-0-0\" class=\"so-panel widget widget_modulo_cabecera panel-first-child\" data-index=\"0\" >              <div class=\"modulo cabecera externa\">\n                                <div class=\"titulo columna\">\n                    <h1>\n                        <span class=\"azul fs26 light efecto\" data-aos=\"sube\" data-aos-duration=\"800\">\n                            Interview                        <\/span>\n                    <\/h1>\n                                        <span class=\"s_enlace\">\n                            <a class=\"azul bold fs14 link efecto\" href=\"\/de\/personen\" data-aos=\"sube\" data-aos-duration=\"800\" data-aos-delay=\"50\">Zur\u00fcck<\/a>   \n                    <\/span>\n                     \n                <\/div>\n                 \n                <div class=\"contenido columna efecto\" data-aos=\"sube-parrafo\" data-aos-duration=\"800\" data-aos-delay=\"100\">\n                                 <h2 class=\"azul fs26 bold\">Es ist ein Unternehmen, das viele M\u00f6glichkeiten bietet und in dem ich zahlreiche Erfahrungen sammeln kann, um meine berufliche Karriere zu f\u00f6rdern.\n<\/h2>\n                 \n                <\/div>\n             <\/div>\n              <\/div>              <div id=\"panel-8478-0-0-1\" class=\"so-panel widget widget_modulo_texto_solo panel-last-child\" data-index=\"1\" >              <script src=\"https:\/\/code.jquery.com\/jquery-1.11.3.min.js\"><\/script>\n\n                <div class=\"modulo articulo-texto\">\n                    <!--Si tiene cabecera-->\n                                        <div class=\"cabecera\">\n                        <h1>\n                            <span class=\"azul fs26 light efecto\" data-aos=\"sube\">\n                                                             <\/span>\n                        <\/h1>\n                        <a class=\"azul bold fs14 link efecto\" href=\"\" data-aos=\"sube-parrafo\">\n                                                    <\/a>    \n                    <\/div>\n                     \n                    <!--- -->\n                    <div class=\"contenido\">\n                                                        <p class=\"azul fs16 light efecto\" data-aos=\"sube-parrafo\" data-aos-delay=\"200\" data-aos-easing=\"easing-texto\" data-aos-duration='800'>\n                            <b>Wie waren Ihre Anf\u00e4nge und berufliche Laufbahn bei G\u2019s?<\/b><br>\nIm M\u00e4rz 2016 begann ich ein Praktikum, bei dem ich die Funktionsweise des Unternehmens in der Informatikabteilung kennenlernte und viele neue Kenntnisse erwarb. Ein Jahr nach meinem Praktikum kehrte ich zu G\u2019s Espa\u00f1a zur\u00fcck und wurde fest eingestellt.\n<br><br><b>\nWarum sollte man bei G\u2019s arbeiten?<\/b><br>\nEs ist eines der gr\u00f6\u00dften Unternehmen der Region, das viele M\u00f6glichkeiten bietet.\n<br><br><b>\nWelche Aufgaben und Verantwortlichkeiten ziehen Sie in Ihrer Position besonders an?\n<\/b><br>\nDie Arbeit mit verschiedenen Niederlassungen und Mitarbeitern des Unternehmens. Ich f\u00fchre gern Projekte in Teamarbeit durch, bei denen Anforderungen ermittelt und in die Realit\u00e4t umgesetzt werden m\u00fcssen.\n<br><br><b>\nMit welchen unserer Werte identifizieren Sie sich am meisten? Und warum?<\/b><br>\nIch identifiziere mich mit dem \u201eCan-do\u201c, da dieser Wert f\u00fcr die Information besonders wichtig ist, da man sich st\u00e4ndig anpassen und verbessern muss. \n<br><br><b>\nW\u00fcrden Sie anderen Personen empfehlen, bei der Gruppe G\u2019s Espa\u00f1a zu arbeiten?<\/b><br>\nAuf jeden Fall. Wie bereits gesagt ist es ein Unternehmen, das viele M\u00f6glichkeiten bietet und in dem ich zahlreiche Erfahrungen sammeln kann, um meine berufliche Karriere zu f\u00f6rdern.\n\n                            <\/p>\n                                                    \n                    <\/div>\n                \n                <\/div>\n              <\/div><\/div><\/div><\/div>","protected":false},"excerpt":{"rendered":"<p>Interview Zur\u00fcck Es ist ein Unternehmen, das viele M\u00f6glichkeiten bietet und in dem ich zahlreiche Erfahrungen sammeln kann, um meine berufliche Karriere zu f\u00f6rdern. Wie waren Ihre Anf\u00e4nge und berufliche Laufbahn bei G\u2019s? Im M\u00e4rz 2016 begann ich ein Praktikum, bei dem ich die Funktionsweise des Unternehmens in der Informatikabteilung kennenlernte und viele neue Kenntnisse [&hellip;]<\/p>\n","protected":false},"author":1,"featured_media":0,"parent":8403,"menu_order":0,"comment_status":"closed","ping_status":"closed","template":"","meta":{"_acf_changed":false,"footnotes":""},"class_list":["post-8478","page","type-page","status-publish","hentry"],"acf":[],"_links":{"self":[{"href":"https:\/\/gsgrupo.com\/de\/wp-json\/wp\/v2\/pages\/8478","targetHints":{"allow":["GET"]}}],"collection":[{"href":"https:\/\/gsgrupo.com\/de\/wp-json\/wp\/v2\/pages"}],"about":[{"href":"https:\/\/gsgrupo.com\/de\/wp-json\/wp\/v2\/types\/page"}],"author":[{"embeddable":true,"href":"https:\/\/gsgrupo.com\/de\/wp-json\/wp\/v2\/users\/1"}],"replies":[{"embeddable":true,"href":"https:\/\/gsgrupo.com\/de\/wp-json\/wp\/v2\/comments?post=8478"}],"version-history":[{"count":2,"href":"https:\/\/gsgrupo.com\/de\/wp-json\/wp\/v2\/pages\/8478\/revisions"}],"predecessor-version":[{"id":8480,"href":"https:\/\/gsgrupo.com\/de\/wp-json\/wp\/v2\/pages\/8478\/revisions\/8480"}],"up":[{"embeddable":true,"href":"https:\/\/gsgrupo.com\/de\/wp-json\/wp\/v2\/pages\/8403"}],"wp:attachment":[{"href":"https:\/\/gsgrupo.com\/de\/wp-json\/wp\/v2\/media?parent=8478"}],"curies":[{"name":"wp","href":"https:\/\/api.w.org\/{rel}","templated":true}]}}