{"id":8482,"date":"2018-10-16T13:50:58","date_gmt":"2018-10-16T13:50:58","guid":{"rendered":"https:\/\/gsgrupo.com\/personen\/entrevista-victor-saura\/"},"modified":"2018-12-05T12:34:43","modified_gmt":"2018-12-05T12:34:43","slug":"interview-victor-saura","status":"publish","type":"page","link":"https:\/\/gsgrupo.com\/de\/personen\/interview-victor-saura","title":{"rendered":"Interview Victor Saura"},"content":{"rendered":"<div id=\"pl-8482\"  class=\"panel-layout\" ><div id=\"pg-8482-0\"  class=\"panel-grid panel-no-style\" ><div id=\"pgc-8482-0-0\"  class=\"panel-grid-cell\" >              <div id=\"panel-8482-0-0-0\" class=\"so-panel widget widget_modulo_cabecera panel-first-child\" data-index=\"0\" >              <div class=\"modulo cabecera externa\">\n                                <div class=\"titulo columna\">\n                    <h1>\n                        <span class=\"azul fs26 light efecto\" data-aos=\"sube\" data-aos-duration=\"800\">\n                            Interview                        <\/span>\n                    <\/h1>\n                                        <span class=\"s_enlace\">\n                            <a class=\"azul bold fs14 link efecto\" href=\"\/de\/personen\" data-aos=\"sube\" data-aos-duration=\"800\" data-aos-delay=\"50\">Zur\u00fcck<\/a>   \n                    <\/span>\n                     \n                <\/div>\n                 \n                <div class=\"contenido columna efecto\" data-aos=\"sube-parrafo\" data-aos-duration=\"800\" data-aos-delay=\"100\">\n                                 <h2 class=\"azul fs26 bold\">Die Gruppe G\u2019s Espa\u00f1a hat mir ihr Vertrauen geschenkt und meine Aufgaben und Projekte erweitert, bis mir schlie\u00dflich die Stelle angeboten wurde, die ich heute innehabe. All dies ist das Ergebnis von Anstrengungen, Arbeit, Vertrauen und Unterst\u00fctzung.\n<\/h2>\n                 \n                <\/div>\n             <\/div>\n              <\/div>              <div id=\"panel-8482-0-0-1\" class=\"so-panel widget widget_modulo_texto_solo panel-last-child\" data-index=\"1\" >              <script src=\"https:\/\/code.jquery.com\/jquery-1.11.3.min.js\"><\/script>\n\n                <div class=\"modulo articulo-texto\">\n                    <!--Si tiene cabecera-->\n                                        <div class=\"cabecera\">\n                        <h1>\n                            <span class=\"azul fs26 light efecto\" data-aos=\"sube\">\n                                                             <\/span>\n                        <\/h1>\n                        <a class=\"azul bold fs14 link efecto\" href=\"\" data-aos=\"sube-parrafo\">\n                                                    <\/a>    \n                    <\/div>\n                     \n                    <!--- -->\n                    <div class=\"contenido\">\n                                                        <p class=\"azul fs16 light efecto\" data-aos=\"sube-parrafo\" data-aos-delay=\"200\" data-aos-easing=\"easing-texto\" data-aos-duration='800'>\n                            <b>Wie waren Ihre Anf\u00e4nge und berufliche Laufbahn bei G\u2019s?<\/b><br>\nIm Oktober 2006 begann ich meine Laufbahn als IT-Techniker in der Informatikabteilung der Gruppe G\u2019s Espa\u00f1a, ohne gro\u00dfe berufliche Erfahrung, jedoch mit viel Wissensbegierde und dem Willen, mich beruflich weiterzuentwickeln. Die Gruppe G\u2019s Espa\u00f1a hat mir w\u00e4hrend dieser Jahre ihr Vertrauen geschenkt und meine Aufgaben und Projekte erweitert, bis mir schlie\u00dflich die Stelle angeboten wurde, die ich heute innehabe. All dies ist das Ergebnis von Anstrengungen, Arbeit, Vertrauen und Unterst\u00fctzung. \n<br><br><b>\nWarum sollte man bei G\u2019s arbeiten?<\/b><br>\nG's ist ein Unternehmen, mit dessen Werten man sich identifizieren kann, das dar\u00fcber hinaus Gelegenheiten bietet, dazuzulernen und sich zu verbessern.\n<b><br><br>\nWelche Aufgaben und Verantwortlichkeiten ziehen Sie in Ihrer Position besonders an?<\/b><br>\nOffen gesagt kann ich mich nicht f\u00fcr eine bestimmte Aufgabe entscheiden, mir gef\u00e4llt alles, was ich tue. Unsere globale Position ist jedoch dem Arbeitsklima in der Abteilung und dem fantastischen Team zu verdanken.  \n<br><br><b>\nMit welchen unserer Werte identifizieren Sie sich am meisten? Und warum?<\/b><br>\nIch identifiziere mich mit allen Werten. Wenn ich mich jedoch f\u00fcr einen entscheiden sollte, dann f\u00fcr den Wert \"Can-do!, da mit einer guten Einstellung alles m\u00f6glich ist.\n<br><br><b>\nW\u00fcrden Sie anderen Personen empfehlen, bei der Gruppe G\u2019s Espa\u00f1a zu arbeiten?<\/b><br>\nSelbstverst\u00e4ndlich, warum sollte man anderen Personen nicht empfehlen, in einem Unternehmen zu arbeiten, das aus einer fantastischen Gruppe von Personen gebildet ist?\n                            <\/p>\n                                                    \n                    <\/div>\n                \n                <\/div>\n              <\/div><\/div><\/div><\/div>","protected":false},"excerpt":{"rendered":"<p>Interview Zur\u00fcck Die Gruppe G\u2019s Espa\u00f1a hat mir ihr Vertrauen geschenkt und meine Aufgaben und Projekte erweitert, bis mir schlie\u00dflich die Stelle angeboten wurde, die ich heute innehabe. All dies ist das Ergebnis von Anstrengungen, Arbeit, Vertrauen und Unterst\u00fctzung. Wie waren Ihre Anf\u00e4nge und berufliche Laufbahn bei G\u2019s? Im Oktober 2006 begann ich meine Laufbahn [&hellip;]<\/p>\n","protected":false},"author":1,"featured_media":0,"parent":8403,"menu_order":0,"comment_status":"closed","ping_status":"closed","template":"","meta":{"_acf_changed":false,"footnotes":""},"class_list":["post-8482","page","type-page","status-publish","hentry"],"acf":[],"_links":{"self":[{"href":"https:\/\/gsgrupo.com\/de\/wp-json\/wp\/v2\/pages\/8482","targetHints":{"allow":["GET"]}}],"collection":[{"href":"https:\/\/gsgrupo.com\/de\/wp-json\/wp\/v2\/pages"}],"about":[{"href":"https:\/\/gsgrupo.com\/de\/wp-json\/wp\/v2\/types\/page"}],"author":[{"embeddable":true,"href":"https:\/\/gsgrupo.com\/de\/wp-json\/wp\/v2\/users\/1"}],"replies":[{"embeddable":true,"href":"https:\/\/gsgrupo.com\/de\/wp-json\/wp\/v2\/comments?post=8482"}],"version-history":[{"count":2,"href":"https:\/\/gsgrupo.com\/de\/wp-json\/wp\/v2\/pages\/8482\/revisions"}],"predecessor-version":[{"id":8484,"href":"https:\/\/gsgrupo.com\/de\/wp-json\/wp\/v2\/pages\/8482\/revisions\/8484"}],"up":[{"embeddable":true,"href":"https:\/\/gsgrupo.com\/de\/wp-json\/wp\/v2\/pages\/8403"}],"wp:attachment":[{"href":"https:\/\/gsgrupo.com\/de\/wp-json\/wp\/v2\/media?parent=8482"}],"curies":[{"name":"wp","href":"https:\/\/api.w.org\/{rel}","templated":true}]}}