{"id":8489,"date":"2018-10-02T09:47:52","date_gmt":"2018-10-02T09:47:52","guid":{"rendered":"https:\/\/gsgrupo.com\/politica-de-cookies\/"},"modified":"2018-12-21T13:03:04","modified_gmt":"2018-12-21T13:03:04","slug":"cookie-richtlinie","status":"publish","type":"page","link":"https:\/\/gsgrupo.com\/de\/cookie-richtlinie","title":{"rendered":"Cookie-Richtlinie"},"content":{"rendered":"<div id=\"pl-8489\"  class=\"panel-layout\" ><div id=\"pg-8489-0\"  class=\"panel-grid panel-no-style\" ><div id=\"pgc-8489-0-0\"  class=\"panel-grid-cell\" >              <div id=\"panel-8489-0-0-0\" class=\"so-panel widget widget_modulo_texto_solo panel-first-child\" data-index=\"0\" >              <script src=\"https:\/\/code.jquery.com\/jquery-1.11.3.min.js\"><\/script>\n\n                <div class=\"modulo articulo-texto\">\n                    <!--Si tiene cabecera-->\n                                        <div class=\"cabecera\">\n                        <h1>\n                            <span class=\"azul fs26 light efecto\" data-aos=\"sube\">\n                                Text Rechtlicher Hinweis Cookies                            <\/span>\n                        <\/h1>\n                        <a class=\"azul bold fs14 link efecto\" href=\"\" data-aos=\"sube-parrafo\">\n                                                    <\/a>    \n                    <\/div>\n                     \n                    <!--- -->\n                    <div class=\"contenido\">\n                                                        <p class=\"azul fs16 light efecto\" data-aos=\"sube-parrafo\" data-aos-delay=\"200\" data-aos-easing=\"easing-texto\" data-aos-duration='800'>\n                            Genau wie andere Websites mit kommerziellem Inhalt wird auch auf unserer Website www.gsgrupo.com (die \u201eWebsite\u201c) eine Technologie mit dem Namen \u201eCookies\u201c verwendet, um Informationen \u00fcber Ihre Anwendung zu erhalten. \n<br><br>\nWir informieren Sie dar\u00fcber, dass wir Cookies auf Ihrem Computer einsetzen k\u00f6nnen, falls Sie Ihre Zustimmung erteilt haben, es sei denn, Cookies sind f\u00fcr das Surfen auf der Website notwendig.\n<br><br>\nIn diesem Sinne informieren wir Sie dar\u00fcber, dass die Anwendung unterschiedlicher Cookies durch unsere Website es m\u00f6glich macht, Sie und andere Benutzer voneinander zu unterscheiden, ein besseres Erlebnis bei der Anwendung zu haben und Probleme w\u00e4hrend der Nutzung unserer Website zu erfassen. Falls Sie Ihre Zustimmung erteilen, verwenden wir Cookies, die es uns m\u00f6glich machen, weitere Informationen zu Ihren Pr\u00e4ferenzen zu erfassen und unsere Website an Ihre individuellen Interessen anzupassen. \n<br><br>\nDiese Cookie-Richtlinie (\u201eCookie-Richtlinie\u201c) sowie unsere rechtlichen Hinweise und Datenschutzrichtlinien, in einem separaten Dokument, stellen die Allgemeinen Gesch\u00e4ftsbedingungen unserer Website dar.\n                            <\/p>\n                                                    \n                    <\/div>\n                \n                <\/div>\n              <\/div>              <div id=\"panel-8489-0-0-1\" class=\"so-panel widget widget_modulo_texto_solo\" data-index=\"1\" >              <script src=\"https:\/\/code.jquery.com\/jquery-1.11.3.min.js\"><\/script>\n\n                <div class=\"modulo articulo-texto\">\n                    <!--Si tiene cabecera-->\n                                        <div class=\"cabecera\">\n                        <h1>\n                            <span class=\"azul fs26 light efecto\" data-aos=\"sube\">\n                                Cookies                            <\/span>\n                        <\/h1>\n                        <a class=\"azul bold fs14 link efecto\" href=\"\" data-aos=\"sube-parrafo\">\n                                                    <\/a>    \n                    <\/div>\n                     \n                    <!--- -->\n                    <div class=\"contenido\">\n                                                        <p class=\"azul fs16 light efecto\" data-aos=\"sube-parrafo\" data-aos-delay=\"200\" data-aos-easing=\"easing-texto\" data-aos-duration='800'>\n                            Ein Cookie ist eine Datei, die auf Ihr Endger\u00e4t geladen wird, sodass Daten gespeichert werden, die sich durch die f\u00fcr die Installation verantwortliche Einrichtung aktualisieren und abrufen lassen.                            <\/p>\n                                                    \n                    <\/div>\n                \n                <\/div>\n              <\/div>              <div id=\"panel-8489-0-0-2\" class=\"so-panel widget widget_modulo_texto_solo\" data-index=\"2\" >              <script src=\"https:\/\/code.jquery.com\/jquery-1.11.3.min.js\"><\/script>\n\n                <div class=\"modulo articulo-texto\">\n                    <!--Si tiene cabecera-->\n                                        <div class=\"cabecera\">\n                        <h1>\n                            <span class=\"azul fs26 light efecto\" data-aos=\"sube\">\n                                Welche Arten von Cookies werden auf der Website verwendet?                            <\/span>\n                        <\/h1>\n                        <a class=\"azul bold fs14 link efecto\" href=\"\" data-aos=\"sube-parrafo\">\n                                                    <\/a>    \n                    <\/div>\n                     \n                    <!--- -->\n                    <div class=\"contenido\">\n                                                        <p class=\"azul fs16 light efecto\" data-aos=\"sube-parrafo\" data-aos-delay=\"200\" data-aos-easing=\"easing-texto\" data-aos-duration='800'>\n                            Cookies k\u00f6nnen nach drei Kriterien unterschieden werden: (i) die Dauer ihrer Aktivierung, (ii) ihr Zweck und (iii) die f\u00fcr ihre Verwaltung verantwortliche Einrichtung. Je nach Dauer ihrer Aktivierung lassen sich unterscheiden:                            <\/p>\n                                                    \n                    <\/div>\n                \n                <\/div>\n              <\/div>              <div id=\"panel-8489-0-0-3\" class=\"so-panel widget widget_modulo_texto_solo\" data-index=\"3\" >              <script src=\"https:\/\/code.jquery.com\/jquery-1.11.3.min.js\"><\/script>\n\n                <div class=\"modulo articulo-texto\">\n                    <!--Si tiene cabecera-->\n                                        <div class=\"cabecera\">\n                        <h1>\n                            <span class=\"azul fs26 light efecto\" data-aos=\"sube\">\n                                Sitzungs-Cookies                            <\/span>\n                        <\/h1>\n                        <a class=\"azul bold fs14 link efecto\" href=\"\" data-aos=\"sube-parrafo\">\n                                                    <\/a>    \n                    <\/div>\n                     \n                    <!--- -->\n                    <div class=\"contenido\">\n                                                        <p class=\"azul fs16 light efecto\" data-aos=\"sube-parrafo\" data-aos-delay=\"200\" data-aos-easing=\"easing-texto\" data-aos-duration='800'>\n                            Sitzungs-Cookies sind diejenigen, die zum Einsatz kommen, um Daten zu erfassen und abzuspeichern, w\u00e4hrend der Benutzer unsere Website abruft.                            <\/p>\n                                                    \n                    <\/div>\n                \n                <\/div>\n              <\/div>              <div id=\"panel-8489-0-0-4\" class=\"so-panel widget widget_modulo_texto_solo\" data-index=\"4\" >              <script src=\"https:\/\/code.jquery.com\/jquery-1.11.3.min.js\"><\/script>\n\n                <div class=\"modulo articulo-texto\">\n                    <!--Si tiene cabecera-->\n                                        <div class=\"cabecera\">\n                        <h1>\n                            <span class=\"azul fs26 light efecto\" data-aos=\"sube\">\n                                Dauerhafte Cookies                            <\/span>\n                        <\/h1>\n                        <a class=\"azul bold fs14 link efecto\" href=\"\" data-aos=\"sube-parrafo\">\n                                                    <\/a>    \n                    <\/div>\n                     \n                    <!--- -->\n                    <div class=\"contenido\">\n                                                        <p class=\"azul fs16 light efecto\" data-aos=\"sube-parrafo\" data-aos-delay=\"200\" data-aos-easing=\"easing-texto\" data-aos-duration='800'>\n                            Dies sind eine Art von Cookie, in dem die Daten noch im Endger\u00e4t und f\u00fcr einen durch den Cookie-Beauftragten festgelegten Zeitraum gespeichert sind, der zwischen ein paar Minuten und mehreren Jahren variieren kann, die aufgerufen und verarbeitet werden k\u00f6nnen.<br><br> Je nach Zweck der Cookies l\u00e4sst sich unterscheiden zwischen:                            <\/p>\n                                                    \n                    <\/div>\n                \n                <\/div>\n              <\/div>              <div id=\"panel-8489-0-0-5\" class=\"so-panel widget widget_modulo_texto_solo\" data-index=\"5\" >              <script src=\"https:\/\/code.jquery.com\/jquery-1.11.3.min.js\"><\/script>\n\n                <div class=\"modulo articulo-texto\">\n                    <!--Si tiene cabecera-->\n                                        <div class=\"cabecera\">\n                        <h1>\n                            <span class=\"azul fs26 light efecto\" data-aos=\"sube\">\n                                Technische Cookies                            <\/span>\n                        <\/h1>\n                        <a class=\"azul bold fs14 link efecto\" href=\"\" data-aos=\"sube-parrafo\">\n                                                    <\/a>    \n                    <\/div>\n                     \n                    <!--- -->\n                    <div class=\"contenido\">\n                                                        <p class=\"azul fs16 light efecto\" data-aos=\"sube-parrafo\" data-aos-delay=\"200\" data-aos-easing=\"easing-texto\" data-aos-duration='800'>\n                            Es handelt sich hierbei um die Cookies, durch die es dem Benutzer erm\u00f6glicht wird, zu navigieren und die unterschiedlichen Optionen oder Dienstleistungen zu benutzen, die auf der Website zur Verf\u00fcgung stehen, wie z.B. die Identifizierung der Sitzung, die Erinnerungsfunktion der Elemente, aus denen eine Bestellung besteht, die Vornahme des Kaufvorgangs einer Bestellung oder die gemeinsame Anwendung von Inhalten \u00fcber soziale Netzwerke.                            <\/p>\n                                                    \n                    <\/div>\n                \n                <\/div>\n              <\/div>              <div id=\"panel-8489-0-0-6\" class=\"so-panel widget widget_modulo_texto_solo\" data-index=\"6\" >              <script src=\"https:\/\/code.jquery.com\/jquery-1.11.3.min.js\"><\/script>\n\n                <div class=\"modulo articulo-texto\">\n                    <!--Si tiene cabecera-->\n                                        <div class=\"cabecera\">\n                        <h1>\n                            <span class=\"azul fs26 light efecto\" data-aos=\"sube\">\n                                Personalisierungs-Cookies                            <\/span>\n                        <\/h1>\n                        <a class=\"azul bold fs14 link efecto\" href=\"\" data-aos=\"sube-parrafo\">\n                                                    <\/a>    \n                    <\/div>\n                     \n                    <!--- -->\n                    <div class=\"contenido\">\n                                                        <p class=\"azul fs16 light efecto\" data-aos=\"sube-parrafo\" data-aos-delay=\"200\" data-aos-easing=\"easing-texto\" data-aos-duration='800'>\n                            Es handelt sich hierbei um die Cookies, durch die es dem Benutzer erm\u00f6glicht wird, zu navigieren und die unterschiedlichen Optionen oder Dienstleistungen zu benutzen, die auf der Website zur Verf\u00fcgung stehen, wie z.B. die Identifizierung der Sitzung, die Erinnerungsfunktion der Elemente, aus denen eine Bestellung besteht, die Vornahme des Kaufvorgangs einer Bestellung oder die gemeinsame Anwendung von Inhalten \u00fcber soziale Netzwerke.                            <\/p>\n                                                    \n                    <\/div>\n                \n                <\/div>\n              <\/div>              <div id=\"panel-8489-0-0-7\" class=\"so-panel widget widget_modulo_texto_solo\" data-index=\"7\" >              <script src=\"https:\/\/code.jquery.com\/jquery-1.11.3.min.js\"><\/script>\n\n                <div class=\"modulo articulo-texto\">\n                    <!--Si tiene cabecera-->\n                                        <div class=\"cabecera\">\n                        <h1>\n                            <span class=\"azul fs26 light efecto\" data-aos=\"sube\">\n                                Analytische Cookies                            <\/span>\n                        <\/h1>\n                        <a class=\"azul bold fs14 link efecto\" href=\"\" data-aos=\"sube-parrafo\">\n                                                    <\/a>    \n                    <\/div>\n                     \n                    <!--- -->\n                    <div class=\"contenido\">\n                                                        <p class=\"azul fs16 light efecto\" data-aos=\"sube-parrafo\" data-aos-delay=\"200\" data-aos-easing=\"easing-texto\" data-aos-duration='800'>\n                            Es handelt sich bei ihnen um Cookies, die es uns gemeinsam mit den Server-Anmeldedateien erm\u00f6glichen, die gesamte Anzahl an Besuchern auf der Website und die Bestandteile zu erfahren, die sehr beliebt sind. Mit ihrer Hilfe erhalten wir Informationen, die uns dabei unterst\u00fctzen k\u00f6nnen, die Navigation zu verbessern und den Benutzern einen besseren Dienst zu leisten. Diese Art von Cookies hilft dabei, die Anwendung und das Erlebnis auf unserer Website zu verbessern.                            <\/p>\n                                                    \n                    <\/div>\n                \n                <\/div>\n              <\/div>              <div id=\"panel-8489-0-0-8\" class=\"so-panel widget widget_modulo_texto_solo\" data-index=\"8\" >              <script src=\"https:\/\/code.jquery.com\/jquery-1.11.3.min.js\"><\/script>\n\n                <div class=\"modulo articulo-texto\">\n                    <!--Si tiene cabecera-->\n                                        <div class=\"cabecera\">\n                        <h1>\n                            <span class=\"azul fs26 light efecto\" data-aos=\"sube\">\n                                Werbe-Cookies                            <\/span>\n                        <\/h1>\n                        <a class=\"azul bold fs14 link efecto\" href=\"\" data-aos=\"sube-parrafo\">\n                                                    <\/a>    \n                    <\/div>\n                     \n                    <!--- -->\n                    <div class=\"contenido\">\n                                                        <p class=\"azul fs16 light efecto\" data-aos=\"sube-parrafo\" data-aos-delay=\"200\" data-aos-easing=\"easing-texto\" data-aos-duration='800'>\n                            Es handelt sich um die Cookies, die es uns erm\u00f6glichen, das Angebot der Werbefl\u00e4chen auf der Webseite so wirkungsvoll wie m\u00f6glich zu verwalten, indem der Inhalt der Werbung an den Inhalt der angefragten Dienstleistung oder an die Anwendung der Webseite angepasst wird. Hierf\u00fcr kann eine Analyse Ihrer Internet-Navigationsgewohnheiten sowie eine Anzeige von Werbung in Verbindung mit Ihrem Navigationsprofil durchgef\u00fchrt werden.                            <\/p>\n                                                    \n                    <\/div>\n                \n                <\/div>\n              <\/div>              <div id=\"panel-8489-0-0-9\" class=\"so-panel widget widget_modulo_texto_solo\" data-index=\"9\" >              <script src=\"https:\/\/code.jquery.com\/jquery-1.11.3.min.js\"><\/script>\n\n                <div class=\"modulo articulo-texto\">\n                    <!--Si tiene cabecera-->\n                                        <div class=\"cabecera\">\n                        <h1>\n                            <span class=\"azul fs26 light efecto\" data-aos=\"sube\">\n                                Verhaltensbezogene Werbe-Cookies                            <\/span>\n                        <\/h1>\n                        <a class=\"azul bold fs14 link efecto\" href=\"\" data-aos=\"sube-parrafo\">\n                                                    <\/a>    \n                    <\/div>\n                     \n                    <!--- -->\n                    <div class=\"contenido\">\n                                                        <p class=\"azul fs16 light efecto\" data-aos=\"sube-parrafo\" data-aos-delay=\"200\" data-aos-easing=\"easing-texto\" data-aos-duration='800'>\n                            Es handelt sich um die Cookies, die es uns erm\u00f6glichen, das Angebot der Werbefl\u00e4chen auf der Webseite so wirkungsvoll wie m\u00f6glich zu verwalten, indem der Inhalt der Werbung an den Inhalt der angefragten Dienstleistung oder an die Anwendung der Webseite angepasst wird. Hierf\u00fcr kann eine Analyse Ihrer Internet-Navigationsgewohnheiten sowie eine Anzeige von Werbung in Verbindung mit Ihrem Navigationsprofil durchgef\u00fchrt werden.                            <\/p>\n                                                    \n                    <\/div>\n                \n                <\/div>\n              <\/div>              <div id=\"panel-8489-0-0-10\" class=\"so-panel widget widget_modulo_texto_solo\" data-index=\"10\" >              <script src=\"https:\/\/code.jquery.com\/jquery-1.11.3.min.js\"><\/script>\n\n                <div class=\"modulo articulo-texto\">\n                    <!--Si tiene cabecera-->\n                                        <div class=\"cabecera\">\n                        <h1>\n                            <span class=\"azul fs26 light efecto\" data-aos=\"sube\">\n                                Eigene Cookies                            <\/span>\n                        <\/h1>\n                        <a class=\"azul bold fs14 link efecto\" href=\"\" data-aos=\"sube-parrafo\">\n                                                    <\/a>    \n                    <\/div>\n                     \n                    <!--- -->\n                    <div class=\"contenido\">\n                                                        <p class=\"azul fs16 light efecto\" data-aos=\"sube-parrafo\" data-aos-delay=\"200\" data-aos-easing=\"easing-texto\" data-aos-duration='800'>\n                            Domain \/ Name \/ Vorbestimmte Dauer \/ Zweck<br>\ngsgrupo.com \/ _ga \/ 2 Jahre \/ Benutzer identifizieren<br>\ngsgrupo.com \/ _gid \/ 24 Stunde\/ Benutzer unterscheiden<br>\ngsgrupo.com \/ _gat \/ 1 Minute \/ Den Anteil der Benutzer beschr\u00e4nken\n                            <\/p>\n                                                    \n                    <\/div>\n                \n                <\/div>\n              <\/div>              <div id=\"panel-8489-0-0-11\" class=\"so-panel widget widget_modulo_texto_solo\" data-index=\"11\" >              <script src=\"https:\/\/code.jquery.com\/jquery-1.11.3.min.js\"><\/script>\n\n                <div class=\"modulo articulo-texto\">\n                    <!--Si tiene cabecera-->\n                                        <div class=\"cabecera\">\n                        <h1>\n                            <span class=\"azul fs26 light efecto\" data-aos=\"sube\">\n                                Zustimmung                            <\/span>\n                        <\/h1>\n                        <a class=\"azul bold fs14 link efecto\" href=\"\" data-aos=\"sube-parrafo\">\n                                                    <\/a>    \n                    <\/div>\n                     \n                    <!--- -->\n                    <div class=\"contenido\">\n                                                        <p class=\"azul fs16 light efecto\" data-aos=\"sube-parrafo\" data-aos-delay=\"200\" data-aos-easing=\"easing-texto\" data-aos-duration='800'>\n                            Falls Sie die Website weiter aufrufen, erkl\u00e4ren Sie sich mit der Anwendung der oben erw\u00e4hnten Cookies f\u00fcr die genannten Zeitr\u00e4ume und zu den Bedingungen in dieser Richtlinie einverstanden.                            <\/p>\n                                                    \n                    <\/div>\n                \n                <\/div>\n              <\/div>              <div id=\"panel-8489-0-0-12\" class=\"so-panel widget widget_modulo_texto_solo panel-last-child\" data-index=\"12\" >              <script src=\"https:\/\/code.jquery.com\/jquery-1.11.3.min.js\"><\/script>\n\n                <div class=\"modulo articulo-texto\">\n                    <!--Si tiene cabecera-->\n                                        <div class=\"cabecera\">\n                        <h1>\n                            <span class=\"azul fs26 light efecto\" data-aos=\"sube\">\n                                Ablehnung von Cookies                            <\/span>\n                        <\/h1>\n                        <a class=\"azul bold fs14 link efecto\" href=\"\" data-aos=\"sube-parrafo\">\n                                                    <\/a>    \n                    <\/div>\n                     \n                    <!--- -->\n                    <div class=\"contenido\">\n                                                        <p class=\"azul fs16 light efecto\" data-aos=\"sube-parrafo\" data-aos-delay=\"200\" data-aos-easing=\"easing-texto\" data-aos-duration='800'>\n                            In jedem Fall informieren wir Sie, da f\u00fcr die Anwendung der Website keine Cookies notwendig sind, dass Sie diese auf jeden Fall sperren k\u00f6nnen, indem die Konfiguration Ihres Browsers aktiviert wird, mit der sich die Installation von Cookies ganz oder teilweise ablehnen l\u00e4sst (siehe unten). Die Mehrheit der Browser erm\u00f6glicht es, die Pr\u00e4senz von Cookies anzuzeigen oder diese automatisch abzulehnen. Falls sie abgelehnt werden, k\u00f6nnen Sie unsere Website auch weiterhin nutzen, auch wenn die Nutzung mancher Dienste auf ihr eingeschr\u00e4nkt werden k\u00f6nnen. Ber\u00fccksichtigen Sie jedoch, dass Sie im Falle der Verwendung Ihrer Browsereinstellungen zur Blockierung aller Cookies (einschlie\u00dflich erforderlicher Cookies), eventuell nicht auf die gesamte oder einen Teil unserer Website zugreifen k\u00f6nnen.<br><br>\nSie haben die M\u00f6glichkeit, Cookies auch jederzeit mittels der Navigationseinstellungen Ihres Browsers zu l\u00f6schen. \n<br><br>\nFalls Sie Fragen zu dieser Cookie-Richtlinie haben, k\u00f6nnen Sie G\u2019s Grupo unter protecciondedatos@gsgrupo.com kontaktieren\n                            <\/p>\n                                                    \n                    <\/div>\n                \n                <\/div>\n              <\/div><\/div><\/div><\/div>","protected":false},"excerpt":{"rendered":"<p>Text Rechtlicher Hinweis Cookies Genau wie andere Websites mit kommerziellem Inhalt wird auch auf unserer Website www.gsgrupo.com (die \u201eWebsite\u201c) eine Technologie mit dem Namen \u201eCookies\u201c verwendet, um Informationen \u00fcber Ihre Anwendung zu erhalten. Wir informieren Sie dar\u00fcber, dass wir Cookies auf Ihrem Computer einsetzen k\u00f6nnen, falls Sie Ihre Zustimmung erteilt haben, es sei denn, Cookies [&hellip;]<\/p>\n","protected":false},"author":1,"featured_media":0,"parent":0,"menu_order":0,"comment_status":"closed","ping_status":"closed","template":"","meta":{"_acf_changed":false,"footnotes":""},"class_list":["post-8489","page","type-page","status-publish","hentry"],"acf":[],"_links":{"self":[{"href":"https:\/\/gsgrupo.com\/de\/wp-json\/wp\/v2\/pages\/8489","targetHints":{"allow":["GET"]}}],"collection":[{"href":"https:\/\/gsgrupo.com\/de\/wp-json\/wp\/v2\/pages"}],"about":[{"href":"https:\/\/gsgrupo.com\/de\/wp-json\/wp\/v2\/types\/page"}],"author":[{"embeddable":true,"href":"https:\/\/gsgrupo.com\/de\/wp-json\/wp\/v2\/users\/1"}],"replies":[{"embeddable":true,"href":"https:\/\/gsgrupo.com\/de\/wp-json\/wp\/v2\/comments?post=8489"}],"version-history":[{"count":3,"href":"https:\/\/gsgrupo.com\/de\/wp-json\/wp\/v2\/pages\/8489\/revisions"}],"predecessor-version":[{"id":8605,"href":"https:\/\/gsgrupo.com\/de\/wp-json\/wp\/v2\/pages\/8489\/revisions\/8605"}],"wp:attachment":[{"href":"https:\/\/gsgrupo.com\/de\/wp-json\/wp\/v2\/media?parent=8489"}],"curies":[{"name":"wp","href":"https:\/\/api.w.org\/{rel}","templated":true}]}}