{"id":6814,"date":"2018-09-29T07:43:11","date_gmt":"2018-09-29T07:43:11","guid":{"rendered":"http:\/\/ges.lanegrita.webfactional.com\/grupo-gs\/"},"modified":"2024-06-25T15:23:30","modified_gmt":"2024-06-25T15:23:30","slug":"gs-group","status":"publish","type":"page","link":"https:\/\/gsgrupo.com\/en\/gs-group","title":{"rendered":"G\u00b4s Group"},"content":{"rendered":"<div id=\"pl-6814\"  class=\"panel-layout\" ><div id=\"pg-6814-0\"  class=\"panel-grid panel-no-style\" ><div id=\"pgc-6814-0-0\"  class=\"panel-grid-cell\" >              <div id=\"panel-6814-0-0-0\" class=\"so-panel widget widget_modulo_cabecera panel-first-child\" data-index=\"0\" >              <div class=\"modulo cabecera externa\">\n                                <div class=\"titulo columna\">\n                    <h1>\n                        <span class=\"azul fs26 light efecto\" data-aos=\"sube\" data-aos-duration=\"800\">\n                            G's Group                        <\/span>\n                    <\/h1>\n                     \n                <\/div>\n                 \n                <div class=\"contenido columna efecto\" data-aos=\"sube-parrafo\" data-aos-duration=\"800\" data-aos-delay=\"100\">\n                                 <h2 class=\"azul fs26 bold\">\n\n\n\n\n\n\n\n\n\n\n\n\n\n\n\n\n\nG's Group is formed by several companies both nationally and\ninternationally, each one of them dedicated to a specific area.\n\n<\/h2>\n                 \n                <\/div>\n             <\/div>\n              <\/div>              <div id=\"panel-6814-0-0-1\" class=\"so-panel widget widget_modulo_articulo_3_columnas\" data-index=\"1\" >                <div class=\"modulo articulo22\">\n                    <!--Si tiene cabecera-->\n                                        <div class=\"cabecera\">\n                        <h1>\n                            <span class=\"azul fs26 light efecto\" data-aos=\"sube\">\n                                Companies nationwide                            <\/span>\n                        <\/h1>\n                        <a class=\"azul bold fs14 link efecto\" href=\"\" data-aos=\"sube-parrafo\">\n                                                    <\/a>    \n                    <\/div>\n                     \n                    <!--- -->\n                    <div class=\"contenido \">\n                        \n                        <div class=\"capa efecto\" data-aos=\"capa-derecha\" data-aos-delay=\"600\" data-aos-easing=\"new-easing\"><\/div>\n                        <div class=\"fotos\">\n                            <div class=\"cortina\">\n                            <\/div>\n                            <div class=\"foto big cover w512\" style=\"background-image:url('https:\/\/gsgrupo.com\/wp-content\/uploads\/2018\/10\/nacional_gsmundo.gif');\">\n                                <div class=\"cortina efecto\" data-aos=\"barre-foto\" data-aos-easing=\"new-easing\">\n                                <\/div>\n                            <\/div>\n                            <!-- Si tiene bot\u00f3n -->\n                                                <\/div>\n                        <div class=\"texto\">\n                            <div class=\"col-33\">\n                                                                <h3 class=\"fs18 azul light efecto\" data-aos=\"sube-parrafo\" data-aos-delay=\"100\" data-aos-easing=\"easing-texto\" data-aos-duration='800'>\n                                    Production                                <\/h3>\n                                                                                                <h2 class=\"azul fs26 bold efecto\" data-aos=\"sube-parrafo\" data-aos-delay=\"150\" data-aos-easing=\"easing-texto\" data-aos-duration='800'>\n                                    National network of companies responsible for the production of fresh fruits and vegetables.                                <\/h2>\n                                                                                                <p class=\"azul fs16 light efecto\" data-aos=\"sube-parrafo\" data-aos-delay=\"200\" data-aos-easing=\"easing-texto\" data-aos-duration='800'>\n                                G\u2019s Espa\u00f1a S.L<br>Minihojas del Sureste S.L.<br>Frutas y Hortalizas del Sureste S.L.<br>C\u00edtricos de Almenara S.L.<br>Hortalizas de Europa, S.L.<br>Agr\u00edcola 92 S.L.&nbsp;<br><br>Company specialized in the production of organic fruits and vegetables.<br><br>Naturally Organic S.L                                <\/p>\n                                                            <\/div>\n                            <div class=\"col-33\">\n                                                                <h3 class=\"fs18 azul light efecto\" data-aos=\"sube-parrafo\" data-aos-delay=\"100\" data-aos-easing=\"easing-texto\" data-aos-duration='800'>\n                                    Marketer                                <\/h3>\n                                                                                                <h2 class=\"azul fs26 bold efecto\" data-aos=\"sube-parrafo\" data-aos-delay=\"150\" data-aos-easing=\"easing-texto\" data-aos-duration='800'>\n                                    Our marketing agents nationwide.                                <\/h2>\n                                                                                                <p class=\"azul fs16 light efecto\" data-aos=\"sube-parrafo\" data-aos-delay=\"200\" data-aos-easing=\"easing-texto\" data-aos-duration='800'>\n                                Pascual Marketing S.L.<br>Agricola 92 Fresh, S.L.                                <\/p>\n                                                            <\/div>\n                            <div class=\"col-33\">\n                                                                                                                                <p class=\"azul fs16 light efecto\" data-aos=\"sube-parrafo\" data-aos-delay=\"200\" data-aos-easing=\"easing-texto\" data-aos-duration='800'>\n                                <div><br><\/div>                                <\/p>\n                                                            <\/div>\n                        <\/div>\n                    <\/div>\n                \n                <\/div>\n              <\/div>\n              <div id=\"panel-6814-0-0-2\" class=\"so-panel widget widget_modulo_articulo_2fotos_6bloques panel-last-child\" data-index=\"2\" >                <div class=\"modulo articulo23\">\n                     <!--Si tiene cabecera-->\n                                        <div class=\"cabecera\">\n                        <h1>\n                            <span class=\"azul fs26 light efecto\" data-aos=\"sube\">\n                                International companies                            <\/span>\n                        <\/h1>\n                        <a class=\"azul bold fs14 link efecto\" href=\"\" data-aos=\"sube-parrafo\">\n                                                    <\/a>    \n                    <\/div>\n                     \n                    <!--- -->\n                    <div class=\"contenido\">\n                        <div class=\"capa efecto\" data-aos=\"capa-izquierda\" data-aos-delay=\"800\" data-aos-easing=\"new-easing\"><\/div>\n                        <div class=\"fotos\">\n                            <div class=\"cortina\">\n                            <\/div>\n                            <div class=\"foto big cover w480\" style=\"background-image:url('https:\/\/gsgrupo.com\/wp-content\/uploads\/2018\/10\/internacional_gsmundo.gif');\">\n                                <div class=\"cortina efecto\" data-aos=\"barre-foto\" data-aos-easing=\"new-easing\">\n                                <\/div>\n                            <\/div>\n                            <!--<div class=\"foto small cover w268\" style=\"background-image:url('');\">\n                                <div class=\"cortina efecto\" data-aos=\"barre-foto\" data-aos-easing=\"new-easing\" data-aos-delay=\"300\">\n                                <\/div>\n                            <\/div>-->\n                                                    <\/div>\n                        <div class=\"texto\">\n                            <div class=\"row\">\n                                <div class=\"col-33\">\n                                                                                                            <h2 class=\"azul fs26 bold efecto\" data-aos=\"sube-parrafo\"  data-aos-delay=\"150\" data-aos-easing=\"easing-texto\" data-aos-duration='800'>\n                                        Central Europe                                    <\/h2>\n                                                                                                            <p class=\"azul fs16 light efecto\" data-aos=\"sube-parrafo\"  data-aos-delay=\"200\" data-aos-easing=\"easing-texto\" data-aos-duration='800'>\n                                    Our company in Central Europe is located in the Czech Republic. G's Marketing Central Europe is producer and marketer of fresh fruits and vegetables and ready to eat products.                                    <\/p>\n                                                                    <\/div>\n                                <div class=\"col-33\">\n                                                                                                            <h2 class=\"azul fs26 bold efecto\" data-aos=\"sube-parrafo\"  data-aos-delay=\"150\" data-aos-easing=\"easing-texto\" data-aos-duration='800'>\n                                        Holland                                    <\/h2>\n                                                                                                            <p class=\"azul fs16 light efecto\" data-aos=\"sube-parrafo\"  data-aos-delay=\"200\" data-aos-easing=\"easing-texto\" data-aos-duration='800'>\n                                    \n\n\n\n\n\n\n\n\n\n\n\n\n\n\n\n\n\n\nBeetz is&nbsp; focused on\nthe production of ready-to-eat beets.\n\n                                    <\/p>\n                                                                    <\/div>\n                                <div class=\"col-33\">\n                                                                                                            <h2 class=\"azul fs26 bold efecto\" data-aos=\"sube-parrafo\"  data-aos-delay=\"150\" data-aos-easing=\"easing-texto\" data-aos-duration='800'>\n                                        USA                                    <\/h2>\n                                                                                                            <p class=\"azul fs16 light efecto\" data-aos=\"sube-parrafo\"  data-aos-delay=\"200\" data-aos-easing=\"easing-texto\" data-aos-duration='800'>\n                                    \n\n\n\n\n\n\n\n\n\n\n\n\n\n\n\n\n\n\nLove Beets was born in England, however, it was in the USA\nwhere it achieved a high recognition. At Love Beets USA, we are producers and\nmarketers of processed beet products.\n\n                                    <\/p>\n                                                                    <\/div>\n                            <\/div>\n                            <div class=\"row\">\n                                <div class=\"col-33\">\n                                                                                                            <h2 class=\"azul fs26 bold efecto\" data-aos=\"sube-parrafo\"  data-aos-delay=\"150\" data-aos-easing=\"easing-texto\" data-aos-duration='800'>\n                                        United Kingdom                                    <\/h2>\n                                                                                                            <p class=\"azul fs16 light efecto\" data-aos=\"sube-parrafo\"  data-aos-delay=\"200\" data-aos-easing=\"easing-texto\" data-aos-duration='800'>\n                                    \n\n\n\n\n\n\n\n\n\n\n\n\n\n\n\n\n\n\nOur presence in England is formed by two companies: G's\nFresh, a company that produces and markets fresh vegetables and G's Fresh\nPrepared, in charge of ready-to-eat products.\n\n                                    <\/p>\n                                                                    <\/div>\n                                <div class=\"col-33\">\n                                                                                                            <h2 class=\"azul fs26 bold efecto\" data-aos=\"sube-parrafo\"  data-aos-delay=\"150\" data-aos-easing=\"easing-texto\" data-aos-duration='800'>\n                                        Poland                                    <\/h2>\n                                                                                                            <p class=\"azul fs16 light efecto\" data-aos=\"sube-parrafo\"  data-aos-delay=\"200\" data-aos-easing=\"easing-texto\" data-aos-duration='800'>\n                                    \n\n\n\n\n\n\n\n\n\n\n\n\n\n\n\n\n\n\nOur representation in Poland is Grupa Producent\u00f3w Agros\nSp\u00f3lka Zo.o, producer and marketer of fruits and vegetables, among other\nproducts.\n\n                                    <\/p>\n                                                                    <\/div>\n                                <div class=\"col-33\">\n                                                                                                            <h2 class=\"azul fs26 bold efecto\" data-aos=\"sube-parrafo\"  data-aos-delay=\"150\" data-aos-easing=\"easing-texto\" data-aos-duration='800'>\n                                        Senegal                                    <\/h2>\n                                                                                                            <p class=\"azul fs16 light efecto\" data-aos=\"sube-parrafo\"  data-aos-delay=\"200\" data-aos-easing=\"easing-texto\" data-aos-duration='800'>\n                                    \n\n\n\n\n\n\n\n\n\n\n\n\n\n\n\n\n\n\nWest Africa Farms Holdings dedicated to the production of\nsome of our products to guarantee the supply throughout the year.\n\n                                    <\/p>\n                                                                    <\/div>\n                            <\/div>\n                        <\/div>\n                    <\/div>\n                \n                <\/div>\n              <\/div><\/div><\/div><\/div>","protected":false},"excerpt":{"rendered":"<p>G&#8217;s Group G&#8217;s Group is formed by several companies both nationally and internationally, each one of them dedicated to a specific area. Companies nationwide Production National network of companies responsible for the production of fresh fruits and vegetables. G\u2019s Espa\u00f1a S.LMinihojas del Sureste S.L.Frutas y Hortalizas del Sureste S.L.C\u00edtricos de Almenara S.L.Hortalizas de Europa, S.L.Agr\u00edcola [&hellip;]<\/p>\n","protected":false},"author":1,"featured_media":0,"parent":0,"menu_order":0,"comment_status":"closed","ping_status":"closed","template":"","meta":{"_acf_changed":false,"footnotes":""},"class_list":["post-6814","page","type-page","status-publish","hentry"],"acf":[],"_links":{"self":[{"href":"https:\/\/gsgrupo.com\/en\/wp-json\/wp\/v2\/pages\/6814","targetHints":{"allow":["GET"]}}],"collection":[{"href":"https:\/\/gsgrupo.com\/en\/wp-json\/wp\/v2\/pages"}],"about":[{"href":"https:\/\/gsgrupo.com\/en\/wp-json\/wp\/v2\/types\/page"}],"author":[{"embeddable":true,"href":"https:\/\/gsgrupo.com\/en\/wp-json\/wp\/v2\/users\/1"}],"replies":[{"embeddable":true,"href":"https:\/\/gsgrupo.com\/en\/wp-json\/wp\/v2\/comments?post=6814"}],"version-history":[{"count":19,"href":"https:\/\/gsgrupo.com\/en\/wp-json\/wp\/v2\/pages\/6814\/revisions"}],"predecessor-version":[{"id":11130,"href":"https:\/\/gsgrupo.com\/en\/wp-json\/wp\/v2\/pages\/6814\/revisions\/11130"}],"wp:attachment":[{"href":"https:\/\/gsgrupo.com\/en\/wp-json\/wp\/v2\/media?parent=6814"}],"curies":[{"name":"wp","href":"https:\/\/api.w.org\/{rel}","templated":true}]}}