{"id":7588,"date":"2018-09-29T07:43:11","date_gmt":"2018-09-29T07:43:11","guid":{"rendered":"https:\/\/gsgrupo.com\/grupo-gs\/"},"modified":"2024-06-25T15:23:56","modified_gmt":"2024-06-25T15:23:56","slug":"groupe-gs","status":"publish","type":"page","link":"https:\/\/gsgrupo.com\/fr\/groupe-gs","title":{"rendered":"Groupe G&#8217;s"},"content":{"rendered":"<div id=\"pl-7588\"  class=\"panel-layout\" ><div id=\"pg-7588-0\"  class=\"panel-grid panel-no-style\" ><div id=\"pgc-7588-0-0\"  class=\"panel-grid-cell\" >              <div id=\"panel-7588-0-0-0\" class=\"so-panel widget widget_modulo_cabecera panel-first-child\" data-index=\"0\" >              <div class=\"modulo cabecera externa\">\n                                <div class=\"titulo columna\">\n                    <h1>\n                        <span class=\"azul fs26 light efecto\" data-aos=\"sube\" data-aos-duration=\"800\">\n                            Groupe G's                        <\/span>\n                    <\/h1>\n                     \n                <\/div>\n                 \n                <div class=\"contenido columna efecto\" data-aos=\"sube-parrafo\" data-aos-duration=\"800\" data-aos-delay=\"100\">\n                                 <h2 class=\"azul fs26 bold\">Le groupe G's est compos\u00e9 de plusieurs entreprises aussi bien au niveau national qu'international, chacune d\u00e9di\u00e9e \u00e0 un domaine sp\u00e9cifique.\n\n<\/h2>\n                 \n                <\/div>\n             <\/div>\n              <\/div>              <div id=\"panel-7588-0-0-1\" class=\"so-panel widget widget_modulo_articulo_3_columnas\" data-index=\"1\" >                <div class=\"modulo articulo22\">\n                    <!--Si tiene cabecera-->\n                                        <div class=\"cabecera\">\n                        <h1>\n                            <span class=\"azul fs26 light efecto\" data-aos=\"sube\">\n                                Entreprises au niveau national                            <\/span>\n                        <\/h1>\n                        <a class=\"azul bold fs14 link efecto\" href=\"\" data-aos=\"sube-parrafo\">\n                                                    <\/a>    \n                    <\/div>\n                     \n                    <!--- -->\n                    <div class=\"contenido \">\n                        \n                        <div class=\"capa efecto\" data-aos=\"capa-derecha\" data-aos-delay=\"600\" data-aos-easing=\"new-easing\"><\/div>\n                        <div class=\"fotos\">\n                            <div class=\"cortina\">\n                            <\/div>\n                            <div class=\"foto big cover w512\" style=\"background-image:url('https:\/\/gsgrupo.com\/wp-content\/uploads\/2018\/10\/nacional_gsmundo.gif');\">\n                                <div class=\"cortina efecto\" data-aos=\"barre-foto\" data-aos-easing=\"new-easing\">\n                                <\/div>\n                            <\/div>\n                            <!-- Si tiene bot\u00f3n -->\n                                                <\/div>\n                        <div class=\"texto\">\n                            <div class=\"col-33\">\n                                                                <h3 class=\"fs18 azul light efecto\" data-aos=\"sube-parrafo\" data-aos-delay=\"100\" data-aos-easing=\"easing-texto\" data-aos-duration='800'>\n                                    Production et cultures                                <\/h3>\n                                                                                                <h2 class=\"azul fs26 bold efecto\" data-aos=\"sube-parrafo\" data-aos-delay=\"150\" data-aos-easing=\"easing-texto\" data-aos-duration='800'>\n                                    R\u00e9seau national d'entreprises responsables de la production et de la culture de fruits et l\u00e9gumes frais.                                <\/h2>\n                                                                                                <p class=\"azul fs16 light efecto\" data-aos=\"sube-parrafo\" data-aos-delay=\"200\" data-aos-easing=\"easing-texto\" data-aos-duration='800'>\n                                G\u2019s Espa\u00f1a S.L<br>Minihojas del Sureste S.L.<br>Frutas y Hortalizas del Sureste S.L.<br>C\u00edtricos de Almenara S.L.<br>Hortalizas de Europa, S.L.<br>Agr\u00edcola 92 S.L.&nbsp;<br><br>Entreprise sp\u00e9cialis\u00e9e dans la production de fruits et l\u00e9gumes biologiques.<br><br>Naturally Organic S.L                                <\/p>\n                                                            <\/div>\n                            <div class=\"col-33\">\n                                                                <h3 class=\"fs18 azul light efecto\" data-aos=\"sube-parrafo\" data-aos-delay=\"100\" data-aos-easing=\"easing-texto\" data-aos-duration='800'>\n                                    Commerciale                                <\/h3>\n                                                                                                <h2 class=\"azul fs26 bold efecto\" data-aos=\"sube-parrafo\" data-aos-delay=\"150\" data-aos-easing=\"easing-texto\" data-aos-duration='800'>\n                                    Nos agents commerciaux au niveau national.                                <\/h2>\n                                                                                                <p class=\"azul fs16 light efecto\" data-aos=\"sube-parrafo\" data-aos-delay=\"200\" data-aos-easing=\"easing-texto\" data-aos-duration='800'>\n                                Pascual Marketing S.L.<br>Agricola 92 Fresh, S.L.                                <\/p>\n                                                            <\/div>\n                            <div class=\"col-33\">\n                                                                                                                                <p class=\"azul fs16 light efecto\" data-aos=\"sube-parrafo\" data-aos-delay=\"200\" data-aos-easing=\"easing-texto\" data-aos-duration='800'>\n                                <div><br><\/div>                                <\/p>\n                                                            <\/div>\n                        <\/div>\n                    <\/div>\n                \n                <\/div>\n              <\/div>\n              <div id=\"panel-7588-0-0-2\" class=\"so-panel widget widget_modulo_articulo_2fotos_6bloques panel-last-child\" data-index=\"2\" >                <div class=\"modulo articulo23\">\n                     <!--Si tiene cabecera-->\n                                        <div class=\"cabecera\">\n                        <h1>\n                            <span class=\"azul fs26 light efecto\" data-aos=\"sube\">\n                                Entreprises au niveau international                            <\/span>\n                        <\/h1>\n                        <a class=\"azul bold fs14 link efecto\" href=\"\" data-aos=\"sube-parrafo\">\n                                                    <\/a>    \n                    <\/div>\n                     \n                    <!--- -->\n                    <div class=\"contenido\">\n                        <div class=\"capa efecto\" data-aos=\"capa-izquierda\" data-aos-delay=\"800\" data-aos-easing=\"new-easing\"><\/div>\n                        <div class=\"fotos\">\n                            <div class=\"cortina\">\n                            <\/div>\n                            <div class=\"foto big cover w480\" style=\"background-image:url('https:\/\/gsgrupo.com\/wp-content\/uploads\/2018\/10\/internacional_gsmundo.gif');\">\n                                <div class=\"cortina efecto\" data-aos=\"barre-foto\" data-aos-easing=\"new-easing\">\n                                <\/div>\n                            <\/div>\n                            <!--<div class=\"foto small cover w268\" style=\"background-image:url('');\">\n                                <div class=\"cortina efecto\" data-aos=\"barre-foto\" data-aos-easing=\"new-easing\" data-aos-delay=\"300\">\n                                <\/div>\n                            <\/div>-->\n                                                    <\/div>\n                        <div class=\"texto\">\n                            <div class=\"row\">\n                                <div class=\"col-33\">\n                                                                                                            <h2 class=\"azul fs26 bold efecto\" data-aos=\"sube-parrafo\"  data-aos-delay=\"150\" data-aos-easing=\"easing-texto\" data-aos-duration='800'>\n                                        Europe centrale                                    <\/h2>\n                                                                                                            <p class=\"azul fs16 light efecto\" data-aos=\"sube-parrafo\"  data-aos-delay=\"200\" data-aos-easing=\"easing-texto\" data-aos-duration='800'>\n                                    Nos succursales en Europe centrale se trouvent en R\u00e9publique tch\u00e8que, G's Marketing Europe centrale est productrice et distributrice de fruits et l\u00e9gumes frais et de produits pr\u00eats \u00e0 consommer.                                    <\/p>\n                                                                    <\/div>\n                                <div class=\"col-33\">\n                                                                                                            <h2 class=\"azul fs26 bold efecto\" data-aos=\"sube-parrafo\"  data-aos-delay=\"150\" data-aos-easing=\"easing-texto\" data-aos-duration='800'>\n                                        Pays-Bas                                    <\/h2>\n                                                                                                            <p class=\"azul fs16 light efecto\" data-aos=\"sube-parrafo\"  data-aos-delay=\"200\" data-aos-easing=\"easing-texto\" data-aos-duration='800'>\n                                    Beetz est une entreprise du groupe, sp\u00e9cialis\u00e9e dans la production de betteraves pr\u00eates \u00e0 consommer.&nbsp;                                    <\/p>\n                                                                    <\/div>\n                                <div class=\"col-33\">\n                                                                                                            <h2 class=\"azul fs26 bold efecto\" data-aos=\"sube-parrafo\"  data-aos-delay=\"150\" data-aos-easing=\"easing-texto\" data-aos-duration='800'>\n                                        \u00c9tats-Unis                                    <\/h2>\n                                                                                                            <p class=\"azul fs16 light efecto\" data-aos=\"sube-parrafo\"  data-aos-delay=\"200\" data-aos-easing=\"easing-texto\" data-aos-duration='800'>\n                                    Love Beets est n\u00e9e en Angleterre, cependant, c'est au \u00c9tats-Unis qu'elle s'est fait conna\u00eetre. \u00c0 Love Beets USA, ils produisent et commercialisent des produits trait\u00e9s et d\u00e9riv\u00e9s de la betterave.                                    <\/p>\n                                                                    <\/div>\n                            <\/div>\n                            <div class=\"row\">\n                                <div class=\"col-33\">\n                                                                                                            <h2 class=\"azul fs26 bold efecto\" data-aos=\"sube-parrafo\"  data-aos-delay=\"150\" data-aos-easing=\"easing-texto\" data-aos-duration='800'>\n                                        Royaume-Uni                                    <\/h2>\n                                                                                                            <p class=\"azul fs16 light efecto\" data-aos=\"sube-parrafo\"  data-aos-delay=\"200\" data-aos-easing=\"easing-texto\" data-aos-duration='800'>\n                                    Notre pr\u00e9sence en Angleterre s'articule autour de deux entreprises&nbsp;: G's Fresh produit et commercialise des l\u00e9gumes frais et G's Fresh Prepared est responsable de la production de produits pr\u00eats \u00e0 consommer.                                    <\/p>\n                                                                    <\/div>\n                                <div class=\"col-33\">\n                                                                                                            <h2 class=\"azul fs26 bold efecto\" data-aos=\"sube-parrafo\"  data-aos-delay=\"150\" data-aos-easing=\"easing-texto\" data-aos-duration='800'>\n                                        Pologne                                    <\/h2>\n                                                                                                            <p class=\"azul fs16 light efecto\" data-aos=\"sube-parrafo\"  data-aos-delay=\"200\" data-aos-easing=\"easing-texto\" data-aos-duration='800'>\n                                    Grupa Producent\u00f3w Agros Sp\u00f3lka Zo.o, producteur et distributeur de fruits et l\u00e9gumes, entre autres produits, nous repr\u00e9sente en Pologne.                                    <\/p>\n                                                                    <\/div>\n                                <div class=\"col-33\">\n                                                                                                            <h2 class=\"azul fs26 bold efecto\" data-aos=\"sube-parrafo\"  data-aos-delay=\"150\" data-aos-easing=\"easing-texto\" data-aos-duration='800'>\n                                        S\u00e9n\u00e9gal                                    <\/h2>\n                                                                                                            <p class=\"azul fs16 light efecto\" data-aos=\"sube-parrafo\"  data-aos-delay=\"200\" data-aos-easing=\"easing-texto\" data-aos-duration='800'>\n                                    West Africa Farms Holdings se consacre \u00e0 la culture de certains de nos produits pour garantir l'approvisionnement toute l'ann\u00e9e.&nbsp;\n\n                                    <\/p>\n                                                                    <\/div>\n                            <\/div>\n                        <\/div>\n                    <\/div>\n                \n                <\/div>\n              <\/div><\/div><\/div><\/div>","protected":false},"excerpt":{"rendered":"<p>Groupe G&#8217;s Le groupe G&#8217;s est compos\u00e9 de plusieurs entreprises aussi bien au niveau national qu&#8217;international, chacune d\u00e9di\u00e9e \u00e0 un domaine sp\u00e9cifique. Entreprises au niveau national Production et cultures R\u00e9seau national d&#8217;entreprises responsables de la production et de la culture de fruits et l\u00e9gumes frais. G\u2019s Espa\u00f1a S.LMinihojas del Sureste S.L.Frutas y Hortalizas del Sureste [&hellip;]<\/p>\n","protected":false},"author":1,"featured_media":0,"parent":0,"menu_order":0,"comment_status":"closed","ping_status":"closed","template":"","meta":{"_acf_changed":false,"footnotes":""},"class_list":["post-7588","page","type-page","status-publish","hentry"],"acf":[],"_links":{"self":[{"href":"https:\/\/gsgrupo.com\/fr\/wp-json\/wp\/v2\/pages\/7588","targetHints":{"allow":["GET"]}}],"collection":[{"href":"https:\/\/gsgrupo.com\/fr\/wp-json\/wp\/v2\/pages"}],"about":[{"href":"https:\/\/gsgrupo.com\/fr\/wp-json\/wp\/v2\/types\/page"}],"author":[{"embeddable":true,"href":"https:\/\/gsgrupo.com\/fr\/wp-json\/wp\/v2\/users\/1"}],"replies":[{"embeddable":true,"href":"https:\/\/gsgrupo.com\/fr\/wp-json\/wp\/v2\/comments?post=7588"}],"version-history":[{"count":5,"href":"https:\/\/gsgrupo.com\/fr\/wp-json\/wp\/v2\/pages\/7588\/revisions"}],"predecessor-version":[{"id":11132,"href":"https:\/\/gsgrupo.com\/fr\/wp-json\/wp\/v2\/pages\/7588\/revisions\/11132"}],"wp:attachment":[{"href":"https:\/\/gsgrupo.com\/fr\/wp-json\/wp\/v2\/media?parent=7588"}],"curies":[{"name":"wp","href":"https:\/\/api.w.org\/{rel}","templated":true}]}}