{"id":7607,"date":"2018-09-30T10:10:25","date_gmt":"2018-09-30T10:10:25","guid":{"rendered":"https:\/\/gsgrupo.com\/produits\/apio\/"},"modified":"2018-11-27T10:44:05","modified_gmt":"2018-11-27T10:44:05","slug":"celeri","status":"publish","type":"page","link":"https:\/\/gsgrupo.com\/fr\/produits\/celeri","title":{"rendered":"C\u00e9leri"},"content":{"rendered":"<div id=\"pl-7607\"  class=\"panel-layout\" ><div id=\"pg-7607-0\"  class=\"panel-grid panel-no-style\" ><div id=\"pgc-7607-0-0\"  class=\"panel-grid-cell\" >              <div id=\"panel-7607-0-0-0\" class=\"so-panel widget widget_modulo_cabecera panel-first-child\" data-index=\"0\" >              <div class=\"modulo cabecera externa\">\n                                <div class=\"titulo columna\">\n                    <h1>\n                        <span class=\"azul fs26 light efecto\" data-aos=\"sube\" data-aos-duration=\"800\">\n                            C\u00e9leri                        <\/span>\n                    <\/h1>\n                                        <span class=\"s_enlace\">\n                            <a class=\"azul bold fs14 link efecto\" href=\"\/fr\/produits\" data-aos=\"sube\" data-aos-duration=\"800\" data-aos-delay=\"50\">Pr\u00e9c\u00e9dent<\/a>   \n                    <\/span>\n                     \n                <\/div>\n                 \n                <div class=\"contenido columna efecto\" data-aos=\"sube-parrafo\" data-aos-duration=\"800\" data-aos-delay=\"100\">\n                                 <h2 class=\"azul fs26 bold\">Nous cultivons du c\u00e9leri dans nos fermes en Espagne, au Royaume-Uni et en Europe centrale. Nous sommes le plus grand producteur et distributeur de c\u00e9leri en Europe, en offrant ce produit dans diff\u00e9rents formats.<\/h2>\n                 \n                <\/div>\n             <\/div>\n              <\/div>              <div id=\"panel-7607-0-0-1\" class=\"so-panel widget widget_modulo_repostorio_productos_fixed panel-last-child\" data-index=\"1\" >                    <div class=\"relacionados\">\n                        <div class=\"capa\" data-aos=\"capa-izquierda\" data-aos-delay=\"1800\" data-aos-easing=\"new-easing\"><\/div>\n                        <div class=\"cabecera listado\">\n                                                        <h1>\n                                <span class=\"azul fs22 light\">\n                                    <a class=\"link efecto azul fs22 light\" data-aos=\"sube\" href=\"\/fr\/produit\/coeurs-de-celeri\">\n                                        C\u0153urs de c\u00e9leri                                    <\/a>\n                                <\/span>\n                            <\/h1>\n                            \n                                                        <h1>\n                                <span class=\"azul fs22 light\">\n                                    <a class=\"link efecto azul fs22 light\" data-aos=\"sube\" href=\"\/fr\/produit\/celeri-long\">\n                                        C\u00e9leri long                                    <\/a>\n                                <\/span>\n                            <\/h1>\n                            \n                                                        <h1>\n                                <span class=\"azul fs22 light\">\n                                    <a class=\"link efecto azul fs22 light\" data-aos=\"sube\" href=\"\/fr\/produits\/celeri\/batonnet-de-celeri\/\">\n                                        B\u00e2tonnet de C\u00e9leri                                    <\/a>\n                                <\/span>\n                            <\/h1>\n                            \n                                                        <h1>\n                                <span class=\"azul fs22 light\">\n                                    <a class=\"link efecto azul fs22 light\" data-aos=\"sube\" href=\"\/fr\/produit\/celeri-prepack\">\n                                        C\u00e9leri prepack                                    <\/a>\n                                <\/span>\n                            <\/h1>\n                            \n                            \n                            \n                            \n                            \n                            \n                            \n\n                        <\/div>\n                    <div class=\"contenido\">\n                                                <div class=\"relacionado item\">\n                            <div class=\"cortina\" data-aos=\"barre-foto\" data-aos-easing=\"new-easing\" data-aos-delay=\"200\"><\/div>\n                            <div class=\"img_fnd cover\" style=\"background-image: url('https:\/\/gsgrupo.com\/wp-content\/uploads\/2018\/10\/GES_thumbnail_Apio_corazones.jpg')\"><\/div>\n                            <a href=\"\/fr\/produit\/coeurs-de-celeri\"><\/a>\n                            <h2>C\u0153urs de c\u00e9leri<\/h2>\n                        <\/div>     \n                                                                        <div class=\"relacionado item\">\n                            <div class=\"cortina\" data-aos=\"barre-foto\" data-aos-easing=\"new-easing\" data-aos-delay=\"300\"><\/div>\n                            <div class=\"img_fnd cover\" style=\"background-image: url('https:\/\/gsgrupo.com\/wp-content\/uploads\/2018\/10\/GES_thumbnail_Apio_largo.jpg')\"><\/div>\n                            <a href=\"\/fr\/produit\/celeri-long\"><\/a>\n                            <h2>C\u00e9leri long<\/h2>\n                         <\/div>     \n                                                                        <div class=\"relacionado item\">\n                            <div class=\"cortina\" data-aos=\"barre-foto\" data-aos-easing=\"new-easing\" data-aos-delay=\"400\"><\/div>\n                            <div class=\"img_fnd cover\" style=\"background-image: url('https:\/\/gsgrupo.com\/wp-content\/uploads\/2018\/09\/GES_Slider_thumbnail_Apio_stick18.jpg')\"><\/div>\n                            <a href=\"\/fr\/produits\/celeri\/batonnet-de-celeri\/\"><\/a>\n                            <h2>B\u00e2tonnet de C\u00e9leri<\/h2>\n                        <\/div>     \n\n                                                                        <div class=\"relacionado item\">\n                            <div class=\"cortina\" data-aos=\"barre-foto\" data-aos-easing=\"new-easing\" data-aos-delay=\"500\"><\/div>\n                            <div class=\"img_fnd cover\" style=\"background-image: url('https:\/\/gsgrupo.com\/wp-content\/uploads\/2018\/10\/GES_thumbnail_Apio_prepack-3.jpg')\"><\/div>\n                            <a href=\"\/fr\/produit\/celeri-prepack\"><\/a>\n                            <h2>C\u00e9leri prepack<\/h2>\n                        <\/div>     \n                                                                        \n                        \n                                                                        \n                        \n                    <\/div>\n              <\/div><\/div><\/div><\/div>","protected":false},"excerpt":{"rendered":"<p>C\u00e9leri Pr\u00e9c\u00e9dent Nous cultivons du c\u00e9leri dans nos fermes en Espagne, au Royaume-Uni et en Europe centrale. Nous sommes le plus grand producteur et distributeur de c\u00e9leri en Europe, en offrant ce produit dans diff\u00e9rents formats. C\u0153urs de c\u00e9leri C\u00e9leri long B\u00e2tonnet de C\u00e9leri C\u00e9leri prepack C\u0153urs de c\u00e9leri C\u00e9leri long B\u00e2tonnet de C\u00e9leri C\u00e9leri [&hellip;]<\/p>\n","protected":false},"author":1,"featured_media":0,"parent":7602,"menu_order":0,"comment_status":"closed","ping_status":"closed","template":"","meta":{"_acf_changed":false,"footnotes":""},"class_list":["post-7607","page","type-page","status-publish","hentry"],"acf":[],"_links":{"self":[{"href":"https:\/\/gsgrupo.com\/fr\/wp-json\/wp\/v2\/pages\/7607","targetHints":{"allow":["GET"]}}],"collection":[{"href":"https:\/\/gsgrupo.com\/fr\/wp-json\/wp\/v2\/pages"}],"about":[{"href":"https:\/\/gsgrupo.com\/fr\/wp-json\/wp\/v2\/types\/page"}],"author":[{"embeddable":true,"href":"https:\/\/gsgrupo.com\/fr\/wp-json\/wp\/v2\/users\/1"}],"replies":[{"embeddable":true,"href":"https:\/\/gsgrupo.com\/fr\/wp-json\/wp\/v2\/comments?post=7607"}],"version-history":[{"count":5,"href":"https:\/\/gsgrupo.com\/fr\/wp-json\/wp\/v2\/pages\/7607\/revisions"}],"predecessor-version":[{"id":7690,"href":"https:\/\/gsgrupo.com\/fr\/wp-json\/wp\/v2\/pages\/7607\/revisions\/7690"}],"up":[{"embeddable":true,"href":"https:\/\/gsgrupo.com\/fr\/wp-json\/wp\/v2\/pages\/7602"}],"wp:attachment":[{"href":"https:\/\/gsgrupo.com\/fr\/wp-json\/wp\/v2\/media?parent=7607"}],"curies":[{"name":"wp","href":"https:\/\/api.w.org\/{rel}","templated":true}]}}