{"id":7633,"date":"2018-10-01T20:36:07","date_gmt":"2018-10-01T20:36:07","guid":{"rendered":"https:\/\/gsgrupo.com\/produits\/lechugas\/"},"modified":"2018-11-27T09:08:16","modified_gmt":"2018-11-27T09:08:16","slug":"laitues","status":"publish","type":"page","link":"https:\/\/gsgrupo.com\/fr\/produits\/laitues","title":{"rendered":"Laitues"},"content":{"rendered":"<div id=\"pl-7633\"  class=\"panel-layout\" ><div id=\"pg-7633-0\"  class=\"panel-grid panel-no-style\" ><div id=\"pgc-7633-0-0\"  class=\"panel-grid-cell\" >              <div id=\"panel-7633-0-0-0\" class=\"so-panel widget widget_modulo_cabecera panel-first-child\" data-index=\"0\" >              <div class=\"modulo cabecera externa\">\n                                <div class=\"titulo columna\">\n                    <h1>\n                        <span class=\"azul fs26 light efecto\" data-aos=\"sube\" data-aos-duration=\"800\">\n                            Laitues                        <\/span>\n                    <\/h1>\n                                        <span class=\"s_enlace\">\n                            <a class=\"azul bold fs14 link efecto\" href=\"\/fr\/produits\" data-aos=\"sube\" data-aos-duration=\"800\" data-aos-delay=\"50\">Pr\u00e9c\u00e9dent<\/a>   \n                    <\/span>\n                     \n                <\/div>\n                 \n                <div class=\"contenido columna efecto\" data-aos=\"sube-parrafo\" data-aos-duration=\"800\" data-aos-delay=\"100\">\n                                 <h2 class=\"azul fs26 bold\">Nous cultivons une grande vari\u00e9t\u00e9 de laitues dans nos fermes en Espagne, au Royaume-Uni et en Europe centrale.&nbsp;<\/h2>\n                 \n                <\/div>\n             <\/div>\n              <\/div>              <div id=\"panel-7633-0-0-1\" class=\"so-panel widget widget_modulo_repostorio_productos_fixed panel-last-child\" data-index=\"1\" >                    <div class=\"relacionados\">\n                        <div class=\"capa\" data-aos=\"capa-izquierda\" data-aos-delay=\"1800\" data-aos-easing=\"new-easing\"><\/div>\n                        <div class=\"cabecera listado\">\n                                                        <h1>\n                                <span class=\"azul fs22 light\">\n                                    <a class=\"link efecto azul fs22 light\" data-aos=\"sube\" href=\"\/fr\/produit\/laitue-iceberg\">\n                                        Laitue Iceberg                                    <\/a>\n                                <\/span>\n                            <\/h1>\n                            \n                                                        <h1>\n                                <span class=\"azul fs22 light\">\n                                    <a class=\"link efecto azul fs22 light\" data-aos=\"sube\" href=\"\/fr\/produits\/laitues\/coeurs-de-laitue\">\n                                        C\u0153urs de laitue                                    <\/a>\n                                <\/span>\n                            <\/h1>\n                            \n                                                        <h1>\n                                <span class=\"azul fs22 light\">\n                                    <a class=\"link efecto azul fs22 light\" data-aos=\"sube\" href=\"\/fr\/produit\/coeurs-de-laitues\/\">\n                                        C\u0153urs de laitues                                    <\/a>\n                                <\/span>\n                            <\/h1>\n                            \n                                                        <h1>\n                                <span class=\"azul fs22 light\">\n                                    <a class=\"link efecto azul fs22 light\" data-aos=\"sube\" href=\"\/fr\/produit\/mini-romaine\">\n                                        Laitue Mini Romaine                                    <\/a>\n                                <\/span>\n                            <\/h1>\n                            \n                                                        <h1>\n                                <span class=\"azul fs22 light\">\n                                    <a class=\"link efecto azul fs22 light\" data-aos=\"sube\" href=\"\/fr\/produit\/romaine\">\n                                        Laitue Romaine                                    <\/a>\n                                <\/span>\n                            <\/h1>\n                            \n                            \n                            \n                            \n                            \n                            \n\n                        <\/div>\n                    <div class=\"contenido\">\n                                                <div class=\"relacionado item\">\n                            <div class=\"cortina\" data-aos=\"barre-foto\" data-aos-easing=\"new-easing\" data-aos-delay=\"200\"><\/div>\n                            <div class=\"img_fnd cover\" style=\"background-image: url('https:\/\/gsgrupo.com\/wp-content\/uploads\/2018\/10\/GES_thumbnail_Lechuga_iceberg-7.jpg')\"><\/div>\n                            <a href=\"\/fr\/produit\/laitue-iceberg\"><\/a>\n                            <h2>Laitue Iceberg<\/h2>\n                        <\/div>     \n                                                                        <div class=\"relacionado item\">\n                            <div class=\"cortina\" data-aos=\"barre-foto\" data-aos-easing=\"new-easing\" data-aos-delay=\"300\"><\/div>\n                            <div class=\"img_fnd cover\" style=\"background-image: url('https:\/\/gsgrupo.com\/wp-content\/uploads\/2018\/10\/GES_thumbnail_lechuga_cogollos-1.jpg')\"><\/div>\n                            <a href=\"\/fr\/produits\/laitues\/coeurs-de-laitue\"><\/a>\n                            <h2>C\u0153urs de laitue<\/h2>\n                         <\/div>     \n                                                                        <div class=\"relacionado item\">\n                            <div class=\"cortina\" data-aos=\"barre-foto\" data-aos-easing=\"new-easing\" data-aos-delay=\"400\"><\/div>\n                            <div class=\"img_fnd cover\" style=\"background-image: url('https:\/\/gsgrupo.com\/wp-content\/uploads\/2018\/10\/GES_ficha_lechuga_corazones-3.jpg')\"><\/div>\n                            <a href=\"\/fr\/produit\/coeurs-de-laitues\/\"><\/a>\n                            <h2>C\u0153urs de laitues<\/h2>\n                        <\/div>     \n\n                                                                        <div class=\"relacionado item\">\n                            <div class=\"cortina\" data-aos=\"barre-foto\" data-aos-easing=\"new-easing\" data-aos-delay=\"500\"><\/div>\n                            <div class=\"img_fnd cover\" style=\"background-image: url('https:\/\/gsgrupo.com\/wp-content\/uploads\/2018\/10\/GES_thumbnail_Lechuga_mini_romana.jpg')\"><\/div>\n                            <a href=\"\/fr\/produit\/mini-romaine\"><\/a>\n                            <h2>Laitue Mini Romaine<\/h2>\n                        <\/div>     \n                                                                        <div class=\"relacionado item\">\n                            <div class=\"cortina\" data-aos=\"barre-foto\" data-aos-easing=\"new-easing\" data-aos-delay=\"600\"><\/div>\n                            <div class=\"img_fnd cover\" style=\"background-image: url('https:\/\/gsgrupo.com\/wp-content\/uploads\/2018\/10\/GES_thumbnail_Lechuga_romana-3.jpg')\"><\/div>\n                            <a href=\"\/fr\/produit\/romaine\"><\/a>\n                            <h2>Laitue Romaine<\/h2>\n                        <\/div>     \n                                                \n                        \n                                                                        \n                        \n                    <\/div>\n              <\/div><\/div><\/div><\/div>","protected":false},"excerpt":{"rendered":"<p>Laitues Pr\u00e9c\u00e9dent Nous cultivons une grande vari\u00e9t\u00e9 de laitues dans nos fermes en Espagne, au Royaume-Uni et en Europe centrale.&nbsp; Laitue Iceberg C\u0153urs de laitue C\u0153urs de laitues Laitue Mini Romaine Laitue Romaine Laitue Iceberg C\u0153urs de laitue C\u0153urs de laitues Laitue Mini Romaine Laitue Romaine<\/p>\n","protected":false},"author":1,"featured_media":0,"parent":7602,"menu_order":0,"comment_status":"closed","ping_status":"closed","template":"","meta":{"_acf_changed":false,"footnotes":""},"class_list":["post-7633","page","type-page","status-publish","hentry"],"acf":[],"_links":{"self":[{"href":"https:\/\/gsgrupo.com\/fr\/wp-json\/wp\/v2\/pages\/7633","targetHints":{"allow":["GET"]}}],"collection":[{"href":"https:\/\/gsgrupo.com\/fr\/wp-json\/wp\/v2\/pages"}],"about":[{"href":"https:\/\/gsgrupo.com\/fr\/wp-json\/wp\/v2\/types\/page"}],"author":[{"embeddable":true,"href":"https:\/\/gsgrupo.com\/fr\/wp-json\/wp\/v2\/users\/1"}],"replies":[{"embeddable":true,"href":"https:\/\/gsgrupo.com\/fr\/wp-json\/wp\/v2\/comments?post=7633"}],"version-history":[{"count":5,"href":"https:\/\/gsgrupo.com\/fr\/wp-json\/wp\/v2\/pages\/7633\/revisions"}],"predecessor-version":[{"id":7688,"href":"https:\/\/gsgrupo.com\/fr\/wp-json\/wp\/v2\/pages\/7633\/revisions\/7688"}],"up":[{"embeddable":true,"href":"https:\/\/gsgrupo.com\/fr\/wp-json\/wp\/v2\/pages\/7602"}],"wp:attachment":[{"href":"https:\/\/gsgrupo.com\/fr\/wp-json\/wp\/v2\/media?parent=7633"}],"curies":[{"name":"wp","href":"https:\/\/api.w.org\/{rel}","templated":true}]}}