{"id":7638,"date":"2018-10-11T08:30:25","date_gmt":"2018-10-11T08:30:25","guid":{"rendered":"https:\/\/gsgrupo.com\/produits\/laitues\/cogollos-de-lechuga\/"},"modified":"2018-11-23T12:25:52","modified_gmt":"2018-11-23T12:25:52","slug":"coeurs-de-laitue","status":"publish","type":"page","link":"https:\/\/gsgrupo.com\/fr\/produits\/laitues\/coeurs-de-laitue","title":{"rendered":"Coeurs"},"content":{"rendered":"<div id=\"pl-7638\"  class=\"panel-layout\" ><div id=\"pg-7638-0\"  class=\"panel-grid panel-no-style\" ><div id=\"pgc-7638-0-0\"  class=\"panel-grid-cell\" >              <div id=\"panel-7638-0-0-0\" class=\"so-panel widget widget_modulo_cabecera panel-first-child\" data-index=\"0\" >              <div class=\"modulo cabecera externa\">\n                                <div class=\"titulo columna\">\n                    <h1>\n                        <span class=\"azul fs26 light efecto\" data-aos=\"sube\" data-aos-duration=\"800\">\n                            C\u0153urs de laitue                        <\/span>\n                    <\/h1>\n                                        <span class=\"s_enlace\">\n                            <a class=\"azul bold fs14 link efecto\" href=\"\/fr\/produits\/laitues\" data-aos=\"sube\" data-aos-duration=\"800\" data-aos-delay=\"50\">Pr\u00e9cedent<\/a>   \n                    <\/span>\n                     \n                <\/div>\n                 \n                <div class=\"contenido columna efecto\" data-aos=\"sube-parrafo\" data-aos-duration=\"800\" data-aos-delay=\"100\">\n                                 <h2 class=\"azul fs26 bold\">Petites laitues pleines de saveur. Ajoutez-les \u00e0 vos salades ou assaisonnez-les simplement.&nbsp;<\/h2>\n                 \n                <\/div>\n             <\/div>\n              <\/div>              <div id=\"panel-7638-0-0-1\" class=\"so-panel widget widget_modulo_repostorio_productos panel-last-child\" data-index=\"1\" >                    <div class=\"relacionados\">\n                        <div class=\"cabecera listado\">\n                                                                                                         <h1>\n                                            <span class=\"azul fs26 light\">\n                                                <a class=\"link efecto azul fs22 light\" data-aos=\"sube\" href=\"https:\/\/gsgrupo.com\/fr\/produit\/coeur-rouge\">\n                                                     Coeur Rouge                                                <\/a>\n                                            <\/span>\n                                        <\/h1>\n                                                                                                                                                     <h1>\n                                            <span class=\"azul fs26 light\">\n                                                <a class=\"link efecto azul fs22 light\" data-aos=\"sube\" href=\"https:\/\/gsgrupo.com\/fr\/produit\/coeur-vert\">\n                                                     Coeur Vert                                                <\/a>\n                                            <\/span>\n                                        <\/h1>\n                                                                                                                                                     <h1>\n                                            <span class=\"azul fs26 light\">\n                                                <a class=\"link efecto azul fs22 light\" data-aos=\"sube\" href=\"https:\/\/gsgrupo.com\/fr\/produit\/coeurs-mix\">\n                                                     Coeurs Mix                                                <\/a>\n                                            <\/span>\n                                        <\/h1>\n                                                                                            <\/div>\n                    <div class=\"contenido\">\n                                                                                                                        <div class=\"relacionado item\">\n                                    <div class=\"cortina\" data-aos=\"barre-foto\" data-aos-easing=\"new-easing\" data-aos-delay=\"200\"><\/div>\n                                    <div class=\"img_fnd cover\" style=\"background-image: url('https:\/\/gsgrupo.com\/wp-content\/uploads\/2018\/10\/GES_thumbnail_cogollo_rojo.jpg')\"><\/div>\n                                    <a href=\"https:\/\/gsgrupo.com\/fr\/produit\/coeur-rouge\"><\/a>\n                                    <h2>Coeur Rouge<\/h2>\n                                <\/div>\n                                                                                                                                                <div class=\"relacionado item\">\n                                    <div class=\"cortina\" data-aos=\"barre-foto\" data-aos-easing=\"new-easing\" data-aos-delay=\"200\"><\/div>\n                                    <div class=\"img_fnd cover\" style=\"background-image: url('https:\/\/gsgrupo.com\/wp-content\/uploads\/2018\/10\/GES_thumbnail_lechuga_cogollosverdes-1.jpg')\"><\/div>\n                                    <a href=\"https:\/\/gsgrupo.com\/fr\/produit\/coeur-vert\"><\/a>\n                                    <h2>Coeur Vert<\/h2>\n                                <\/div>\n                                                                                                                                                <div class=\"relacionado item\">\n                                    <div class=\"cortina\" data-aos=\"barre-foto\" data-aos-easing=\"new-easing\" data-aos-delay=\"200\"><\/div>\n                                    <div class=\"img_fnd cover\" style=\"background-image: url('https:\/\/gsgrupo.com\/wp-content\/uploads\/2018\/10\/GES_thumbnail_cogollosmix-1.jpg')\"><\/div>\n                                    <a href=\"https:\/\/gsgrupo.com\/fr\/produit\/coeurs-mix\"><\/a>\n                                    <h2>Coeurs Mix<\/h2>\n                                <\/div>\n                                                                        \n                <\/div>\n                <div class=\"capa\" data-aos=\"capa-izquierda\" data-aos-delay=\"800\" data-aos-easing=\"new-easing\"><\/div>\n             <\/div>\n              <\/div><\/div><\/div><\/div>","protected":false},"excerpt":{"rendered":"<p>C\u0153urs de laitue Pr\u00e9cedent Petites laitues pleines de saveur. Ajoutez-les \u00e0 vos salades ou assaisonnez-les simplement.&nbsp; Coeur Rouge Coeur Vert Coeurs Mix Coeur Rouge Coeur Vert Coeurs Mix<\/p>\n","protected":false},"author":1,"featured_media":0,"parent":7633,"menu_order":0,"comment_status":"closed","ping_status":"closed","template":"","meta":{"_acf_changed":false,"footnotes":""},"class_list":["post-7638","page","type-page","status-publish","hentry"],"acf":[],"_links":{"self":[{"href":"https:\/\/gsgrupo.com\/fr\/wp-json\/wp\/v2\/pages\/7638","targetHints":{"allow":["GET"]}}],"collection":[{"href":"https:\/\/gsgrupo.com\/fr\/wp-json\/wp\/v2\/pages"}],"about":[{"href":"https:\/\/gsgrupo.com\/fr\/wp-json\/wp\/v2\/types\/page"}],"author":[{"embeddable":true,"href":"https:\/\/gsgrupo.com\/fr\/wp-json\/wp\/v2\/users\/1"}],"replies":[{"embeddable":true,"href":"https:\/\/gsgrupo.com\/fr\/wp-json\/wp\/v2\/comments?post=7638"}],"version-history":[{"count":4,"href":"https:\/\/gsgrupo.com\/fr\/wp-json\/wp\/v2\/pages\/7638\/revisions"}],"predecessor-version":[{"id":7642,"href":"https:\/\/gsgrupo.com\/fr\/wp-json\/wp\/v2\/pages\/7638\/revisions\/7642"}],"up":[{"embeddable":true,"href":"https:\/\/gsgrupo.com\/fr\/wp-json\/wp\/v2\/pages\/7633"}],"wp:attachment":[{"href":"https:\/\/gsgrupo.com\/fr\/wp-json\/wp\/v2\/media?parent=7638"}],"curies":[{"name":"wp","href":"https:\/\/api.w.org\/{rel}","templated":true}]}}