{"id":7694,"date":"2018-10-01T20:42:24","date_gmt":"2018-10-01T20:42:24","guid":{"rendered":"https:\/\/gsgrupo.com\/produits\/cebolla-y-brocoli\/"},"modified":"2018-11-27T10:49:41","modified_gmt":"2018-11-27T10:49:41","slug":"brocoli","status":"publish","type":"page","link":"https:\/\/gsgrupo.com\/fr\/produits\/brocoli","title":{"rendered":"Brocoli"},"content":{"rendered":"<div id=\"pl-7694\"  class=\"panel-layout\" ><div id=\"pg-7694-0\"  class=\"panel-grid panel-no-style\" ><div id=\"pgc-7694-0-0\"  class=\"panel-grid-cell\" >              <div id=\"panel-7694-0-0-0\" class=\"so-panel widget widget_modulo_cabecera panel-first-child\" data-index=\"0\" >              <div class=\"modulo cabecera externa\">\n                                <div class=\"titulo columna\">\n                    <h1>\n                        <span class=\"azul fs26 light efecto\" data-aos=\"sube\" data-aos-duration=\"800\">\n                            Brocoli                        <\/span>\n                    <\/h1>\n                                        <span class=\"s_enlace\">\n                            <a class=\"azul bold fs14 link efecto\" href=\"\/fr\/produits\/\" data-aos=\"sube\" data-aos-duration=\"800\" data-aos-delay=\"50\">Pr\u00e9c\u00e9dent<\/a>   \n                    <\/span>\n                     \n                <\/div>\n                 \n                <div class=\"contenido columna efecto\" data-aos=\"sube-parrafo\" data-aos-duration=\"800\" data-aos-delay=\"100\">\n                                 <h2 class=\"azul fs26 bold\">Nous cultivons ce produit dans nos fermes en Espagne.<\/h2>\n                 \n                <\/div>\n             <\/div>\n              <\/div>              <div id=\"panel-7694-0-0-1\" class=\"so-panel widget widget_modulo_repostorio_productos panel-last-child\" data-index=\"1\" >                    <div class=\"relacionados\">\n                        <div class=\"cabecera listado\">\n                                                                                                         <h1>\n                                            <span class=\"azul fs26 light\">\n                                                <a class=\"link efecto azul fs22 light\" data-aos=\"sube\" href=\"https:\/\/gsgrupo.com\/fr\/produit\/brocoli-piece\">\n                                                     Brocoli Pi\u00e8ce                                                <\/a>\n                                            <\/span>\n                                        <\/h1>\n                                                                                                                                                     <h1>\n                                            <span class=\"azul fs26 light\">\n                                                <a class=\"link efecto azul fs22 light\" data-aos=\"sube\" href=\"https:\/\/gsgrupo.com\/fr\/produit\/fleurons-de-brocoli\">\n                                                     Fleurons de Brocoli                                                <\/a>\n                                            <\/span>\n                                        <\/h1>\n                                                                                            <\/div>\n                    <div class=\"contenido\">\n                                                                                                                        <div class=\"relacionado item\">\n                                    <div class=\"cortina\" data-aos=\"barre-foto\" data-aos-easing=\"new-easing\" data-aos-delay=\"200\"><\/div>\n                                    <div class=\"img_fnd cover\" style=\"background-image: url('https:\/\/gsgrupo.com\/wp-content\/uploads\/2018\/10\/GES_thumbnail_brocoli_piezas2.jpg')\"><\/div>\n                                    <a href=\"https:\/\/gsgrupo.com\/fr\/produit\/brocoli-piece\"><\/a>\n                                    <h2>Brocoli Pi\u00e8ce<\/h2>\n                                <\/div>\n                                                                                                                                                <div class=\"relacionado item\">\n                                    <div class=\"cortina\" data-aos=\"barre-foto\" data-aos-easing=\"new-easing\" data-aos-delay=\"200\"><\/div>\n                                    <div class=\"img_fnd cover\" style=\"background-image: url('https:\/\/gsgrupo.com\/wp-content\/uploads\/2018\/10\/GES_thumbnail_brocoli_floretas-1.jpg')\"><\/div>\n                                    <a href=\"https:\/\/gsgrupo.com\/fr\/produit\/fleurons-de-brocoli\"><\/a>\n                                    <h2>Fleurons de Brocoli<\/h2>\n                                <\/div>\n                                                                        \n                <\/div>\n                <div class=\"capa\" data-aos=\"capa-izquierda\" data-aos-delay=\"800\" data-aos-easing=\"new-easing\"><\/div>\n             <\/div>\n              <\/div><\/div><\/div><\/div>","protected":false},"excerpt":{"rendered":"<p>Brocoli Pr\u00e9c\u00e9dent Nous cultivons ce produit dans nos fermes en Espagne. Brocoli Pi\u00e8ce Fleurons de Brocoli Brocoli Pi\u00e8ce Fleurons de Brocoli<\/p>\n","protected":false},"author":1,"featured_media":0,"parent":7602,"menu_order":0,"comment_status":"closed","ping_status":"closed","template":"","meta":{"_acf_changed":false,"footnotes":""},"class_list":["post-7694","page","type-page","status-publish","hentry"],"acf":[],"_links":{"self":[{"href":"https:\/\/gsgrupo.com\/fr\/wp-json\/wp\/v2\/pages\/7694","targetHints":{"allow":["GET"]}}],"collection":[{"href":"https:\/\/gsgrupo.com\/fr\/wp-json\/wp\/v2\/pages"}],"about":[{"href":"https:\/\/gsgrupo.com\/fr\/wp-json\/wp\/v2\/types\/page"}],"author":[{"embeddable":true,"href":"https:\/\/gsgrupo.com\/fr\/wp-json\/wp\/v2\/users\/1"}],"replies":[{"embeddable":true,"href":"https:\/\/gsgrupo.com\/fr\/wp-json\/wp\/v2\/comments?post=7694"}],"version-history":[{"count":1,"href":"https:\/\/gsgrupo.com\/fr\/wp-json\/wp\/v2\/pages\/7694\/revisions"}],"predecessor-version":[{"id":7695,"href":"https:\/\/gsgrupo.com\/fr\/wp-json\/wp\/v2\/pages\/7694\/revisions\/7695"}],"up":[{"embeddable":true,"href":"https:\/\/gsgrupo.com\/fr\/wp-json\/wp\/v2\/pages\/7602"}],"wp:attachment":[{"href":"https:\/\/gsgrupo.com\/fr\/wp-json\/wp\/v2\/media?parent=7694"}],"curies":[{"name":"wp","href":"https:\/\/api.w.org\/{rel}","templated":true}]}}