{"id":7725,"date":"2018-10-01T21:12:27","date_gmt":"2018-10-01T21:12:27","guid":{"rendered":"https:\/\/gsgrupo.com\/produits\/fruta-de-temporada\/"},"modified":"2018-12-05T18:13:42","modified_gmt":"2018-12-05T18:13:42","slug":"fruit-de-saison","status":"publish","type":"page","link":"https:\/\/gsgrupo.com\/fr\/produits\/fruit-de-saison","title":{"rendered":"Fruit de saison"},"content":{"rendered":"<div id=\"pl-7725\"  class=\"panel-layout\" ><div id=\"pg-7725-0\"  class=\"panel-grid panel-no-style\" ><div id=\"pgc-7725-0-0\"  class=\"panel-grid-cell\" >              <div id=\"panel-7725-0-0-0\" class=\"so-panel widget widget_modulo_cabecera panel-first-child\" data-index=\"0\" >              <div class=\"modulo cabecera externa\">\n                                <div class=\"titulo columna\">\n                    <h1>\n                        <span class=\"azul fs26 light efecto\" data-aos=\"sube\" data-aos-duration=\"800\">\n                            Fruit de saison                        <\/span>\n                    <\/h1>\n                                        <span class=\"s_enlace\">\n                            <a class=\"azul bold fs14 link efecto\" href=\"\/fr\/produits\" data-aos=\"sube\" data-aos-duration=\"800\" data-aos-delay=\"50\">Pr\u00e9c\u00e9dent<\/a>   \n                    <\/span>\n                     \n                <\/div>\n                 \n                <div class=\"contenido columna efecto\" data-aos=\"sube-parrafo\" data-aos-duration=\"800\" data-aos-delay=\"100\">\n                                 <h2 class=\"azul fs26 bold\">Nous cultivons ces produits dans nos fermes en Espagne.<\/h2>\n                 \n                <\/div>\n             <\/div>\n              <\/div>              <div id=\"panel-7725-0-0-1\" class=\"so-panel widget widget_modulo_repostorio_productos_fixed panel-last-child\" data-index=\"1\" >                    <div class=\"relacionados\">\n                        <div class=\"capa\" data-aos=\"capa-izquierda\" data-aos-delay=\"1800\" data-aos-easing=\"new-easing\"><\/div>\n                        <div class=\"cabecera listado\">\n                                                        <h1>\n                                <span class=\"azul fs22 light\">\n                                    <a class=\"link efecto azul fs22 light\" data-aos=\"sube\" href=\"\/fr\/produits\/fruit-de-saison\/pasteque\">\n                                        Past\u00e8que                                    <\/a>\n                                <\/span>\n                            <\/h1>\n                            \n                                                        <h1>\n                                <span class=\"azul fs22 light\">\n                                    <a class=\"link efecto azul fs22 light\" data-aos=\"sube\" href=\"\/fr\/produit\/melon-cantaloup\/\">\n                                        Mel\u00f3n Cantaloup                                    <\/a>\n                                <\/span>\n                            <\/h1>\n                            \n                            \n                            \n                            \n                            \n                            \n                            \n                            \n                            \n\n                        <\/div>\n                    <div class=\"contenido\">\n                                                <div class=\"relacionado item\">\n                            <div class=\"cortina\" data-aos=\"barre-foto\" data-aos-easing=\"new-easing\" data-aos-delay=\"200\"><\/div>\n                            <div class=\"img_fnd cover\" style=\"background-image: url('https:\/\/gsgrupo.com\/wp-content\/uploads\/2018\/10\/GES_thumbnail_rayada_con_semillas-3.jpg')\"><\/div>\n                            <a href=\"\/fr\/produits\/fruit-de-saison\/pasteque\"><\/a>\n                            <h2>Past\u00e8que<\/h2>\n                        <\/div>     \n                                                                        <div class=\"relacionado item\">\n                            <div class=\"cortina\" data-aos=\"barre-foto\" data-aos-easing=\"new-easing\" data-aos-delay=\"300\"><\/div>\n                            <div class=\"img_fnd cover\" style=\"background-image: url('https:\/\/gsgrupo.com\/wp-content\/uploads\/2018\/10\/GES_thumbnail_fruta_melon-2.jpg')\"><\/div>\n                            <a href=\"\/fr\/produit\/melon-cantaloup\/\"><\/a>\n                            <h2>Mel\u00f3n Cantaloup<\/h2>\n                         <\/div>     \n                                                                                                                        \n                        \n                                                                        \n                        \n                    <\/div>\n              <\/div><\/div><\/div><\/div>","protected":false},"excerpt":{"rendered":"<p>Fruit de saison Pr\u00e9c\u00e9dent Nous cultivons ces produits dans nos fermes en Espagne. Past\u00e8que Mel\u00f3n Cantaloup Past\u00e8que Mel\u00f3n Cantaloup<\/p>\n","protected":false},"author":1,"featured_media":0,"parent":7602,"menu_order":0,"comment_status":"closed","ping_status":"closed","template":"","meta":{"_acf_changed":false,"footnotes":""},"class_list":["post-7725","page","type-page","status-publish","hentry"],"acf":[],"_links":{"self":[{"href":"https:\/\/gsgrupo.com\/fr\/wp-json\/wp\/v2\/pages\/7725","targetHints":{"allow":["GET"]}}],"collection":[{"href":"https:\/\/gsgrupo.com\/fr\/wp-json\/wp\/v2\/pages"}],"about":[{"href":"https:\/\/gsgrupo.com\/fr\/wp-json\/wp\/v2\/types\/page"}],"author":[{"embeddable":true,"href":"https:\/\/gsgrupo.com\/fr\/wp-json\/wp\/v2\/users\/1"}],"replies":[{"embeddable":true,"href":"https:\/\/gsgrupo.com\/fr\/wp-json\/wp\/v2\/comments?post=7725"}],"version-history":[{"count":4,"href":"https:\/\/gsgrupo.com\/fr\/wp-json\/wp\/v2\/pages\/7725\/revisions"}],"predecessor-version":[{"id":8571,"href":"https:\/\/gsgrupo.com\/fr\/wp-json\/wp\/v2\/pages\/7725\/revisions\/8571"}],"up":[{"embeddable":true,"href":"https:\/\/gsgrupo.com\/fr\/wp-json\/wp\/v2\/pages\/7602"}],"wp:attachment":[{"href":"https:\/\/gsgrupo.com\/fr\/wp-json\/wp\/v2\/media?parent=7725"}],"curies":[{"name":"wp","href":"https:\/\/api.w.org\/{rel}","templated":true}]}}