{"id":7762,"date":"2018-10-01T21:14:07","date_gmt":"2018-10-01T21:14:07","guid":{"rendered":"https:\/\/gsgrupo.com\/produits\/listos-para-consumir\/"},"modified":"2024-06-25T15:05:13","modified_gmt":"2024-06-25T15:05:13","slug":"prets-a-consommer","status":"publish","type":"page","link":"https:\/\/gsgrupo.com\/fr\/produits\/prets-a-consommer","title":{"rendered":"B\u00e2tonnet de C\u00e9leri"},"content":{"rendered":"<div id=\"pl-7762\"  class=\"panel-layout\" ><div id=\"pg-7762-0\"  class=\"panel-grid panel-no-style\" ><div id=\"pgc-7762-0-0\"  class=\"panel-grid-cell\" >              <div id=\"panel-7762-0-0-0\" class=\"so-panel widget widget_modulo_cabecera panel-first-child\" data-index=\"0\" >              <div class=\"modulo cabecera externa\">\n                                <div class=\"titulo columna\">\n                    <h1>\n                        <span class=\"azul fs26 light efecto\" data-aos=\"sube\" data-aos-duration=\"800\">\n                            Pr\u00eats \u00e0 consommer                        <\/span>\n                    <\/h1>\n                                        <span class=\"s_enlace\">\n                            <a class=\"azul bold fs14 link efecto\" href=\"\/fr\/produits\/\" data-aos=\"sube\" data-aos-duration=\"800\" data-aos-delay=\"50\">Pr\u00e9c\u00e9dent<\/a>   \n                    <\/span>\n                     \n                <\/div>\n                 \n                <div class=\"contenido columna efecto\" data-aos=\"sube-parrafo\" data-aos-duration=\"800\" data-aos-delay=\"100\">\n                                 <h2 class=\"azul fs26 bold\">Nous adaptons nos produits \u00e0 chaque moment de consommation.<\/h2>\n                 \n                <\/div>\n             <\/div>\n              <\/div>              <div id=\"panel-7762-0-0-1\" class=\"so-panel widget widget_modulo_repostorio_productos_fixed panel-last-child\" data-index=\"1\" >                    <div class=\"relacionados\">\n                        <div class=\"capa\" data-aos=\"capa-izquierda\" data-aos-delay=\"1800\" data-aos-easing=\"new-easing\"><\/div>\n                        <div class=\"cabecera listado\">\n                                                        <h1>\n                                <span class=\"azul fs22 light\">\n                                    <a class=\"link efecto azul fs22 light\" data-aos=\"sube\" href=\"\/fr\/produits\/prets-a-consommer\/lovebeets\/\">\n                                        Love Beets                                    <\/a>\n                                <\/span>\n                            <\/h1>\n                            \n                                                        <h1>\n                                <span class=\"azul fs22 light\">\n                                    <a class=\"link efecto azul fs22 light\" data-aos=\"sube\" href=\"\/fr\/produits\/prets-a-consommer\/lovefresh\/\">\n                                        Love Fresh                                    <\/a>\n                                <\/span>\n                            <\/h1>\n                            \n                            \n                            \n                            \n                            \n                            \n                            \n                            \n                            \n\n                        <\/div>\n                    <div class=\"contenido\">\n                                                <div class=\"relacionado item\">\n                            <div class=\"cortina\" data-aos=\"barre-foto\" data-aos-easing=\"new-easing\" data-aos-delay=\"200\"><\/div>\n                            <div class=\"img_fnd cover\" style=\"background-image: url('https:\/\/gsgrupo.com\/wp-content\/uploads\/2018\/10\/GES_Slider_doble_lovebeet_izq-3.jpg')\"><\/div>\n                            <a href=\"\/fr\/produits\/prets-a-consommer\/lovebeets\/\"><\/a>\n                            <h2>Love Beets<\/h2>\n                        <\/div>     \n                                                                        <div class=\"relacionado item\">\n                            <div class=\"cortina\" data-aos=\"barre-foto\" data-aos-easing=\"new-easing\" data-aos-delay=\"300\"><\/div>\n                            <div class=\"img_fnd cover\" style=\"background-image: url('https:\/\/gsgrupo.com\/wp-content\/uploads\/2018\/10\/GES_thumbnail_lovefresh_apio-8.jpg')\"><\/div>\n                            <a href=\"\/fr\/produits\/prets-a-consommer\/lovefresh\/\"><\/a>\n                            <h2>Love Fresh<\/h2>\n                         <\/div>     \n                                                                                                                        \n                        \n                                                                        \n                        \n                    <\/div>\n              <\/div><\/div><\/div><\/div>","protected":false},"excerpt":{"rendered":"<p>Pr\u00eats \u00e0 consommer Pr\u00e9c\u00e9dent Nous adaptons nos produits \u00e0 chaque moment de consommation. Love Beets Love Fresh Love Beets Love Fresh<\/p>\n","protected":false},"author":1,"featured_media":0,"parent":7602,"menu_order":0,"comment_status":"closed","ping_status":"closed","template":"","meta":{"_acf_changed":false,"footnotes":""},"class_list":["post-7762","page","type-page","status-publish","hentry"],"acf":[],"_links":{"self":[{"href":"https:\/\/gsgrupo.com\/fr\/wp-json\/wp\/v2\/pages\/7762","targetHints":{"allow":["GET"]}}],"collection":[{"href":"https:\/\/gsgrupo.com\/fr\/wp-json\/wp\/v2\/pages"}],"about":[{"href":"https:\/\/gsgrupo.com\/fr\/wp-json\/wp\/v2\/types\/page"}],"author":[{"embeddable":true,"href":"https:\/\/gsgrupo.com\/fr\/wp-json\/wp\/v2\/users\/1"}],"replies":[{"embeddable":true,"href":"https:\/\/gsgrupo.com\/fr\/wp-json\/wp\/v2\/comments?post=7762"}],"version-history":[{"count":7,"href":"https:\/\/gsgrupo.com\/fr\/wp-json\/wp\/v2\/pages\/7762\/revisions"}],"predecessor-version":[{"id":11123,"href":"https:\/\/gsgrupo.com\/fr\/wp-json\/wp\/v2\/pages\/7762\/revisions\/11123"}],"up":[{"embeddable":true,"href":"https:\/\/gsgrupo.com\/fr\/wp-json\/wp\/v2\/pages\/7602"}],"wp:attachment":[{"href":"https:\/\/gsgrupo.com\/fr\/wp-json\/wp\/v2\/media?parent=7762"}],"curies":[{"name":"wp","href":"https:\/\/api.w.org\/{rel}","templated":true}]}}