{"id":7834,"date":"2018-10-11T15:17:53","date_gmt":"2018-10-11T15:17:53","guid":{"rendered":"https:\/\/gsgrupo.com\/produits\/bio-eco\/remolacha\/"},"modified":"2018-11-27T17:11:01","modified_gmt":"2018-11-27T17:11:01","slug":"betterave","status":"publish","type":"page","link":"https:\/\/gsgrupo.com\/fr\/produits\/bio-eco\/betterave","title":{"rendered":"Betterave Bio"},"content":{"rendered":"<div id=\"pl-7834\"  class=\"panel-layout\" ><div id=\"pg-7834-0\"  class=\"panel-grid panel-no-style\" ><div id=\"pgc-7834-0-0\"  class=\"panel-grid-cell\" >              <div id=\"panel-7834-0-0-0\" class=\"so-panel widget widget_modulo_cabecera panel-first-child\" data-index=\"0\" >              <div class=\"modulo cabecera externa\">\n                                <div class=\"titulo columna\">\n                    <h1>\n                        <span class=\"azul fs26 light efecto\" data-aos=\"sube\" data-aos-duration=\"800\">\n                            Betterave Bio                        <\/span>\n                    <\/h1>\n                                        <span class=\"s_enlace\">\n                            <a class=\"azul bold fs14 link efecto\" href=\"\/fr\/produits\/bio-eco\" data-aos=\"sube\" data-aos-duration=\"800\" data-aos-delay=\"50\">Pr\u00e9c\u00e9dent<\/a>   \n                    <\/span>\n                     \n                <\/div>\n                 \n                <div class=\"contenido columna efecto\" data-aos=\"sube-parrafo\" data-aos-duration=\"800\" data-aos-delay=\"100\">\n                                 <h2 class=\"azul fs26 bold\">Nous cultivons des Betteraves Bio dans nos fermes \u00e9cologiques en Espagne et au Royaume-Uni. \n<\/h2>\n                 \n                <\/div>\n             <\/div>\n              <\/div>              <div id=\"panel-7834-0-0-1\" class=\"so-panel widget widget_modulo_repostorio_productos_fixed panel-last-child\" data-index=\"1\" >                    <div class=\"relacionados\">\n                        <div class=\"capa\" data-aos=\"capa-izquierda\" data-aos-delay=\"1800\" data-aos-easing=\"new-easing\"><\/div>\n                        <div class=\"cabecera listado\">\n                                                        <h1>\n                                <span class=\"azul fs22 light\">\n                                    <a class=\"link efecto azul fs22 light\" data-aos=\"sube\" href=\"\/fr\/produit\/botte-de-betteraves\">\n                                        Botte de Betteraves                                    <\/a>\n                                <\/span>\n                            <\/h1>\n                            \n                                                        <h1>\n                                <span class=\"azul fs22 light\">\n                                    <a class=\"link efecto azul fs22 light\" data-aos=\"sube\" href=\"\/fr\/produit\/sans-feuille\">\n                                        Betterave sans feuille                                    <\/a>\n                                <\/span>\n                            <\/h1>\n                            \n                            \n                            \n                            \n                            \n                            \n                            \n                            \n                            \n\n                        <\/div>\n                    <div class=\"contenido\">\n                                                <div class=\"relacionado item\">\n                            <div class=\"cortina\" data-aos=\"barre-foto\" data-aos-easing=\"new-easing\" data-aos-delay=\"200\"><\/div>\n                            <div class=\"img_fnd cover\" style=\"background-image: url('https:\/\/gsgrupo.com\/wp-content\/uploads\/2018\/10\/GES_thumbnail_remolacha_hoja-1.jpg')\"><\/div>\n                            <a href=\"\/fr\/produit\/botte-de-betteraves\"><\/a>\n                            <h2>Botte de Betteraves<\/h2>\n                        <\/div>     \n                                                                        <div class=\"relacionado item\">\n                            <div class=\"cortina\" data-aos=\"barre-foto\" data-aos-easing=\"new-easing\" data-aos-delay=\"300\"><\/div>\n                            <div class=\"img_fnd cover\" style=\"background-image: url('https:\/\/gsgrupo.com\/wp-content\/uploads\/2018\/10\/GES_thumbnail_eco_remolacha2.jpg')\"><\/div>\n                            <a href=\"\/fr\/produit\/sans-feuille\"><\/a>\n                            <h2>Betterave sans feuille<\/h2>\n                         <\/div>     \n                                                                                                                        \n                        \n                                                                        \n                        \n                    <\/div>\n              <\/div><\/div><\/div><\/div>","protected":false},"excerpt":{"rendered":"<p>Betterave Bio Pr\u00e9c\u00e9dent Nous cultivons des Betteraves Bio dans nos fermes \u00e9cologiques en Espagne et au Royaume-Uni. Botte de Betteraves Betterave sans feuille Botte de Betteraves Betterave sans feuille<\/p>\n","protected":false},"author":1,"featured_media":0,"parent":7802,"menu_order":0,"comment_status":"closed","ping_status":"closed","template":"","meta":{"_acf_changed":false,"footnotes":""},"class_list":["post-7834","page","type-page","status-publish","hentry"],"acf":[],"_links":{"self":[{"href":"https:\/\/gsgrupo.com\/fr\/wp-json\/wp\/v2\/pages\/7834","targetHints":{"allow":["GET"]}}],"collection":[{"href":"https:\/\/gsgrupo.com\/fr\/wp-json\/wp\/v2\/pages"}],"about":[{"href":"https:\/\/gsgrupo.com\/fr\/wp-json\/wp\/v2\/types\/page"}],"author":[{"embeddable":true,"href":"https:\/\/gsgrupo.com\/fr\/wp-json\/wp\/v2\/users\/1"}],"replies":[{"embeddable":true,"href":"https:\/\/gsgrupo.com\/fr\/wp-json\/wp\/v2\/comments?post=7834"}],"version-history":[{"count":5,"href":"https:\/\/gsgrupo.com\/fr\/wp-json\/wp\/v2\/pages\/7834\/revisions"}],"predecessor-version":[{"id":7845,"href":"https:\/\/gsgrupo.com\/fr\/wp-json\/wp\/v2\/pages\/7834\/revisions\/7845"}],"up":[{"embeddable":true,"href":"https:\/\/gsgrupo.com\/fr\/wp-json\/wp\/v2\/pages\/7802"}],"wp:attachment":[{"href":"https:\/\/gsgrupo.com\/fr\/wp-json\/wp\/v2\/media?parent=7834"}],"curies":[{"name":"wp","href":"https:\/\/api.w.org\/{rel}","templated":true}]}}