{"id":7951,"date":"2018-09-28T19:51:50","date_gmt":"2018-09-28T19:51:50","guid":{"rendered":"https:\/\/gsgrupo.com\/certificados-de-calidad\/"},"modified":"2021-10-22T11:51:15","modified_gmt":"2021-10-22T11:51:15","slug":"certificats-de-qualite","status":"publish","type":"page","link":"https:\/\/gsgrupo.com\/fr\/certificats-de-qualite","title":{"rendered":"Certificats de qualit\u00e9"},"content":{"rendered":"<div id=\"pl-7951\"  class=\"panel-layout\" ><div id=\"pg-7951-0\"  class=\"panel-grid panel-no-style\" ><div id=\"pgc-7951-0-0\"  class=\"panel-grid-cell\" >              <div id=\"panel-7951-0-0-0\" class=\"so-panel widget widget_modulo_cabecera panel-first-child\" data-index=\"0\" >              <div class=\"modulo cabecera externa\">\n                                <div class=\"titulo columna\">\n                    <h1>\n                        <span class=\"azul fs26 light efecto\" data-aos=\"sube\" data-aos-duration=\"800\">\n                            Certificats de qualit\u00e9                        <\/span>\n                    <\/h1>\n                     \n                <\/div>\n                 \n                <div class=\"contenido columna efecto\" data-aos=\"sube-parrafo\" data-aos-duration=\"800\" data-aos-delay=\"100\">\n                                 <h2 class=\"azul fs26 bold\">Nos produits r\u00e9pondent aux exigences de s\u00e9curit\u00e9 et de qualit\u00e9 les plus strictes.<\/h2>\n                 \n                <\/div>\n             <\/div>\n              <\/div>\n              <div id=\"panel-7951-0-0-1\" class=\"so-panel widget widget_modulo_repositorio_slider_v2 panel-last-child\" data-index=\"1\" >                <div class=\"modulo articulo19 zoom \">\n                         \n                            <main>\n                                <!-- PANEL 1 -->\n                                <div class=\"primero grid grid--current\">\n                                    <div class=\"grid__item\">\n                                        <div class=\"cover bg_image\" style=\"background-image:url('https:\/\/gsgrupo.com\/wp-content\/uploads\/2018\/10\/GES_certifcados_BRC.jpg');\"><\/div>\n                                         <div class=\"cortina efecto\" data-aos=\"barre-foto\" data-aos-easing=\"new-easing\"><\/div>\n                                          \n                                        <h2>BRC<\/h2>\n                                    <\/div>\n                                    <div class=\"grid__item\">\n                                        <div class=\"cover bg_image\" style=\"background-image:url('');\"><\/div>\n                                        <div class=\"cortina efecto\" data-aos=\"barre-foto\" data-aos-easing=\"new-easing\" data-aos-delay=\"200\"><\/div>\n                                         \n                                        <h2><\/h2>\n                                    <\/div>\n                                    <div class=\"grid__item\">\n                                        <div class=\"cover bg_image\" style=\"background-image:url('https:\/\/gsgrupo.com\/wp-content\/uploads\/2018\/10\/GES_certifcados_IFS.jpg');\"><\/div>\n                                        <div class=\"cortina efecto\" data-aos=\"barre-foto\" data-aos-easing=\"new-easing\" data-aos-delay=\"400\"><\/div>\n                                         \n                                        <h2>IFS<\/h2>\n                                    <\/div>\n                                    <div class=\"grid__item\">\n                                        <div class=\"cover bg_image\" style=\"background-image:url('https:\/\/gsgrupo.com\/wp-content\/uploads\/2018\/10\/GES_certifcados_ECO-1.jpg');\"><\/div>\n                                        <div class=\"cortina efecto\" data-aos=\"barre-foto\" data-aos-easing=\"new-easing\" data-aos-delay=\"600\"><\/div>\n                                         \n                                        <h2>ECOL\u00d3GICO<\/h2>\n                                    <\/div>\n                                    <div class=\"grid__item\">\n                                        <div class=\"cover bg_image\" style=\"background-image:url('https:\/\/gsgrupo.com\/wp-content\/uploads\/2018\/10\/GES_certifcados_GLobal.jpg');\"><\/div>\n                                        <div class=\"cortina efecto\" data-aos=\"barre-foto\" data-aos-easing=\"new-easing\" data-aos-delay=\"800\"><\/div>\n                                         \n                                        <h2>GLOBAL GAP<\/h2>\n                                    <\/div>         \n                                    <div class=\"grid__item grid__item--nav grid__item--nav-prev\">\n                                        <div class=\"boton-simple\">\n                                            <div class=\"relleno\">\n                                                <div class=\"fondo\"><\/div>\n                                                    <svg xmlns=\"http:\/\/www.w3.org\/2000\/svg\" viewBox=\"0 0 11.57 20.83\"><title>Flecha<\/title><g id=\"Capa_2\" data-name=\"Capa 2\"><g id=\"Capa_1-2\" data-name=\"Capa 1\"><polyline points=\"0.46 4.65 5.78 0.57 11.11 4.65\" style=\"fill:none;stroke:#0018a8;stroke-linecap:round;stroke-miterlimit:10;stroke-width:0.909282154851441px\"><\/polyline><line x1=\"5.78\" y1=\"0.57\" x2=\"5.78\" y2=\"20.38\" style=\"fill:none;stroke:#0018a8;stroke-linecap:round;stroke-miterlimit:10;stroke-width:0.909282154851441px\"><\/line><\/g><\/g><\/svg>\n                                            <\/div>\n                                        <\/div>\n                                    <\/div>\n                                    <div class=\"grid__item grid__item--nav grid__item--nav-next\">\n                                        <div class=\"boton-simple\">\n                                            <div class=\"relleno\">\n                                                <div class=\"fondo\"><\/div>\n                                                    <svg xmlns=\"http:\/\/www.w3.org\/2000\/svg\" viewBox=\"0 0 11.57 20.83\"><title>Flecha<\/title><g id=\"Capa_2\" data-name=\"Capa 2\"><g id=\"Capa_1-2\" data-name=\"Capa 1\"><polyline points=\"0.46 4.65 5.78 0.57 11.11 4.65\" style=\"fill:none;stroke:#0018a8;stroke-linecap:round;stroke-miterlimit:10;stroke-width:0.909282154851441px\"><\/polyline><line x1=\"5.78\" y1=\"0.57\" x2=\"5.78\" y2=\"20.38\" style=\"fill:none;stroke:#0018a8;stroke-linecap:round;stroke-miterlimit:10;stroke-width:0.909282154851441px\"><\/line><\/g><\/g><\/svg>\n                                            <\/div>\n                                        <\/div>\n                                    <\/div>\n                                <\/div>\n                                <!-- PANEL 1 -->\n                                <!-- PANEL 2 -->\n                                <div class=\"grid\">\n                                    <div class=\"grid__item\">\n                                         <div class=\"cover bg_image\" style=\"background-image:url('https:\/\/gsgrupo.com\/wp-content\/uploads\/2018\/10\/GES_certifcados_leaf.jpg');\"><\/div>\n                                        <div class=\"cortina efecto\" data-aos=\"barre-foto\" data-aos-easing=\"new-easing\" data-aos-delay=\"800\"><\/div>\n                                         \n                                        <h2>LEAF<\/h2>\n                                    <\/div>\n                                    <div class=\"grid__item\">\n                                         <div class=\"cover bg_image\" style=\"background-image:url('https:\/\/gsgrupo.com\/wp-content\/uploads\/2018\/10\/GES_certifcados_mano.jpg');\"><\/div>\n                                        <div class=\"cortina efecto\" data-aos=\"barre-foto\" data-aos-easing=\"new-easing\" data-aos-delay=\"800\"><\/div>\n                                         \n                                        <h2>GRASP<\/h2>\n                                    <\/div>\n                                    <div class=\"grid__item\">\n                                        <div class=\"cover bg_image\" style=\"background-image:url('https:\/\/gsgrupo.com\/wp-content\/uploads\/2018\/10\/GES_certifcados_agricultura.jpg');\"><\/div>\n                                        <div class=\"cortina efecto\" data-aos=\"barre-foto\" data-aos-easing=\"new-easing\" data-aos-delay=\"800\"><\/div>\n                                         \n                                        <h2>Agricultura ecol\u00f3gica<\/h2>\n                                    <\/div>\n                                    <div class=\"grid__item\">\n                                        <div class=\"cover bg_image\" style=\"background-image:url('https:\/\/gsgrupo.com\/wp-content\/uploads\/2018\/10\/GES_certifcados_QS.jpg');\"><\/div>\n                                        <div class=\"cortina efecto\" data-aos=\"barre-foto\" data-aos-easing=\"new-easing\" data-aos-delay=\"800\"><\/div>\n                                         \n                                        <h2>QS<\/h2>\n                                    <\/div>\n                                    <div class=\"grid__item\">\n                                        <div class=\"cover bg_image\" style=\"background-image:url('');\"><\/div>\n                                        <div class=\"cortina efecto\" data-aos=\"barre-foto\" data-aos-easing=\"new-easing\" data-aos-delay=\"800\"><\/div>\n                                        \n                                         \n                                        \n                                        <h2><\/h2>\n                                    <\/div>\n\n                                    <div class=\"grid__item grid__item--nav grid__item--nav-prev\">\n                                        <div class=\"boton-simple\">\n                                            <div class=\"relleno\">\n                                                <div class=\"fondo\"><\/div>\n                                                    <svg xmlns=\"http:\/\/www.w3.org\/2000\/svg\" viewBox=\"0 0 11.57 20.83\"><title>Flecha<\/title><g id=\"Capa_2\" data-name=\"Capa 2\"><g id=\"Capa_1-2\" data-name=\"Capa 1\"><polyline points=\"0.46 4.65 5.78 0.57 11.11 4.65\" style=\"fill:none;stroke:#0018a8;stroke-linecap:round;stroke-miterlimit:10;stroke-width:0.909282154851441px\"><\/polyline><line x1=\"5.78\" y1=\"0.57\" x2=\"5.78\" y2=\"20.38\" style=\"fill:none;stroke:#0018a8;stroke-linecap:round;stroke-miterlimit:10;stroke-width:0.909282154851441px\"><\/line><\/g><\/g><\/svg>\n                                            <\/div>\n                                        <\/div>\n                                    <\/div>\n                                    <div class=\"grid__item grid__item--nav grid__item--nav-next\">\n                                        <div class=\"boton-simple\">\n                                            <div class=\"relleno\">\n                                                <div class=\"fondo\"><\/div>\n                                                    <svg xmlns=\"http:\/\/www.w3.org\/2000\/svg\" viewBox=\"0 0 11.57 20.83\"><title>Flecha<\/title><g id=\"Capa_2\" data-name=\"Capa 2\"><g id=\"Capa_1-2\" data-name=\"Capa 1\"><polyline points=\"0.46 4.65 5.78 0.57 11.11 4.65\" style=\"fill:none;stroke:#0018a8;stroke-linecap:round;stroke-miterlimit:10;stroke-width:0.909282154851441px\"><\/polyline><line x1=\"5.78\" y1=\"0.57\" x2=\"5.78\" y2=\"20.38\" style=\"fill:none;stroke:#0018a8;stroke-linecap:round;stroke-miterlimit:10;stroke-width:0.909282154851441px\"><\/line><\/g><\/g><\/svg>\n                                            <\/div>\n                                        <\/div>\n                                    <\/div>\n                                <\/div>\n                                <!-- \/PANEL 2 -->\n                            <div class=\"pagingInfo-slider\"><div class=\"actual\">1<\/div><div class=\"separador\"><\/div><div class=\"total\">2<\/div><\/div>\n                            <\/main>\n                        <!--<div class=\"capa\" data-aos=\"capa-vertical\" data-aos-delay=\"1000\" data-aos-easing=\"new-easing\" data-aos-duration=\"1000\"><\/div>-->\n                <\/div>\n              <\/div><\/div><\/div><\/div>","protected":false},"excerpt":{"rendered":"<p>Certificats de qualit\u00e9 Nos produits r\u00e9pondent aux exigences de s\u00e9curit\u00e9 et de qualit\u00e9 les plus strictes. BRC IFS ECOL\u00d3GICO GLOBAL GAP Flecha Flecha LEAF GRASP Agricultura ecol\u00f3gica QS Flecha Flecha 12<\/p>\n","protected":false},"author":1,"featured_media":0,"parent":0,"menu_order":0,"comment_status":"closed","ping_status":"closed","template":"","meta":{"_acf_changed":false,"footnotes":""},"class_list":["post-7951","page","type-page","status-publish","hentry"],"acf":[],"_links":{"self":[{"href":"https:\/\/gsgrupo.com\/fr\/wp-json\/wp\/v2\/pages\/7951","targetHints":{"allow":["GET"]}}],"collection":[{"href":"https:\/\/gsgrupo.com\/fr\/wp-json\/wp\/v2\/pages"}],"about":[{"href":"https:\/\/gsgrupo.com\/fr\/wp-json\/wp\/v2\/types\/page"}],"author":[{"embeddable":true,"href":"https:\/\/gsgrupo.com\/fr\/wp-json\/wp\/v2\/users\/1"}],"replies":[{"embeddable":true,"href":"https:\/\/gsgrupo.com\/fr\/wp-json\/wp\/v2\/comments?post=7951"}],"version-history":[{"count":6,"href":"https:\/\/gsgrupo.com\/fr\/wp-json\/wp\/v2\/pages\/7951\/revisions"}],"predecessor-version":[{"id":10642,"href":"https:\/\/gsgrupo.com\/fr\/wp-json\/wp\/v2\/pages\/7951\/revisions\/10642"}],"wp:attachment":[{"href":"https:\/\/gsgrupo.com\/fr\/wp-json\/wp\/v2\/media?parent=7951"}],"curies":[{"name":"wp","href":"https:\/\/api.w.org\/{rel}","templated":true}]}}