{"id":7965,"date":"2018-10-16T11:03:53","date_gmt":"2018-10-16T11:03:53","guid":{"rendered":"https:\/\/gsgrupo.com\/personnes\/entrevista-alejo-catalayud\/"},"modified":"2019-03-04T17:06:03","modified_gmt":"2019-03-04T17:06:03","slug":"entretien-alejo-catalayud","status":"publish","type":"page","link":"https:\/\/gsgrupo.com\/fr\/personnes\/entretien-alejo-catalayud","title":{"rendered":"Entretien Alejo Calatayud"},"content":{"rendered":"<div id=\"pl-7965\"  class=\"panel-layout\" ><div id=\"pg-7965-0\"  class=\"panel-grid panel-no-style\" ><div id=\"pgc-7965-0-0\"  class=\"panel-grid-cell\" >              <div id=\"panel-7965-0-0-0\" class=\"so-panel widget widget_modulo_cabecera panel-first-child\" data-index=\"0\" >              <div class=\"modulo cabecera externa\">\n                                <div class=\"titulo columna\">\n                    <h1>\n                        <span class=\"azul fs26 light efecto\" data-aos=\"sube\" data-aos-duration=\"800\">\n                            Entretien                        <\/span>\n                    <\/h1>\n                                        <span class=\"s_enlace\">\n                            <a class=\"azul bold fs14 link efecto\" href=\"\/fr\/personnes\/\" data-aos=\"sube\" data-aos-duration=\"800\" data-aos-delay=\"50\">Pr\u00e9c\u00e9dent<\/a>   \n                    <\/span>\n                     \n                <\/div>\n                 \n                <div class=\"contenido columna efecto\" data-aos=\"sube-parrafo\" data-aos-duration=\"800\" data-aos-delay=\"100\">\n                                 <h2 class=\"azul fs26 bold\">C'est une entreprise qui valorise ses employ\u00e9s, qui les encourage \u00e0 s'am\u00e9liorer, qui les aide \u00e0 compl\u00e9ter leur formation et c'est une entreprise dans laquelle ils feront tout pour que vous ayez ce dont vous avez besoin pour donner le meilleur de vous-m\u00eame.<\/h2>\n                 \n                <\/div>\n             <\/div>\n              <\/div>              <div id=\"panel-7965-0-0-1\" class=\"so-panel widget widget_modulo_texto_solo panel-last-child\" data-index=\"1\" >              <script src=\"https:\/\/code.jquery.com\/jquery-1.11.3.min.js\"><\/script>\n\n                <div class=\"modulo articulo-texto\">\n                    <!--Si tiene cabecera-->\n                                        <div class=\"cabecera\">\n                        <h1>\n                            <span class=\"azul fs26 light efecto\" data-aos=\"sube\">\n                                                              <\/span>\n                        <\/h1>\n                        <a class=\"azul bold fs14 link efecto\" href=\"\" data-aos=\"sube-parrafo\">\n                                                    <\/a>    \n                    <\/div>\n                     \n                    <!--- -->\n                    <div class=\"contenido\">\n                                                        <p class=\"azul fs16 light efecto\" data-aos=\"sube-parrafo\" data-aos-delay=\"200\" data-aos-easing=\"easing-texto\" data-aos-duration='800'>\n                            <b>Comment avez-vous commenc\u00e9 chez G's et quel a \u00e9t\u00e9 votre parcours?<\/b><br>J'ai commenc\u00e9 en tant que Facilitateur Lean pour am\u00e9liorer les processus de production et, apr\u00e8s quelques ann\u00e9es pass\u00e9es dans de nombreux secteurs de l'entreprise en Espagne et au Royaume-Uni, j'ai \u00e9t\u00e9 promu gestionnaire du d\u00e9partement Lean en Espagne. Apr\u00e8s deux ans en tant que gestionnaire, la soci\u00e9t\u00e9 m'a propos\u00e9 le poste de directeur des op\u00e9rations et, j'ai accept\u00e9.<b><br><br>Pourquoi travailler chez G's?<\/b><br>C'est une entreprise qui valorise ses employ\u00e9s, qui les encourage \u00e0 s'am\u00e9liorer, qui les aide \u00e0 compl\u00e9ter leur formation et c'est une entreprise dans laquelle ils feront tout pour que vous ayez ce dont vous avez besoin pour donner le meilleur de vous-m\u00eame. De plus, c'est une entreprise avec un parcours de plus de 30 ans de croissance exponentielle dont le ciel est la limite.<b><br><br>Quelles sont les t\u00e2ches et les responsabilit\u00e9s qui vous attirent le plus dans votre travail?<\/b><br>L'analyse strat\u00e9gique, savoir o\u00f9 en est le march\u00e9 en ce qui concerne les emballages et \/ ou les produits. \u00c9tudier comment pr\u00e9parer nos installations pour cet avenir qui devient pr\u00e9sent, car les investissements dans les installations ou les machines sont \u00e9lev\u00e9s et sont de la plus haute qualit\u00e9. Il y a beaucoup de responsabilit\u00e9 dans ces d\u00e9cisions.<b><br><br>Avec laquelle de nos valeurs vous identifiez-vous le plus? Et pourquoi?<\/b><br>Je m'identifie avec le \"Can-do\". Adaptation et am\u00e9lioration continue. J'am\u00e9liore les processus depuis plusieurs ann\u00e9es, en les adaptant \u00e0 un monde qui \u00e9volue \u00e0 une vitesse vertigineuse.<b><br><br>Recommanderiez-vous \u00e0 d'autres personnes de travailler pour le groupe G's Espagne?<\/b><br>Oui, en fait je l'ai souvent recommand\u00e9 et, plusieurs amis travaillent d\u00e9j\u00e0 avec nous.\n\n                            <\/p>\n                                                    \n                    <\/div>\n                \n                <\/div>\n              <\/div><\/div><\/div><\/div>","protected":false},"excerpt":{"rendered":"<p>Entretien Pr\u00e9c\u00e9dent C&#8217;est une entreprise qui valorise ses employ\u00e9s, qui les encourage \u00e0 s&#8217;am\u00e9liorer, qui les aide \u00e0 compl\u00e9ter leur formation et c&#8217;est une entreprise dans laquelle ils feront tout pour que vous ayez ce dont vous avez besoin pour donner le meilleur de vous-m\u00eame. Comment avez-vous commenc\u00e9 chez G&#8217;s et quel a \u00e9t\u00e9 votre [&hellip;]<\/p>\n","protected":false},"author":1,"featured_media":0,"parent":7856,"menu_order":0,"comment_status":"closed","ping_status":"closed","template":"","meta":{"_acf_changed":false,"footnotes":""},"class_list":["post-7965","page","type-page","status-publish","hentry"],"acf":[],"_links":{"self":[{"href":"https:\/\/gsgrupo.com\/fr\/wp-json\/wp\/v2\/pages\/7965","targetHints":{"allow":["GET"]}}],"collection":[{"href":"https:\/\/gsgrupo.com\/fr\/wp-json\/wp\/v2\/pages"}],"about":[{"href":"https:\/\/gsgrupo.com\/fr\/wp-json\/wp\/v2\/types\/page"}],"author":[{"embeddable":true,"href":"https:\/\/gsgrupo.com\/fr\/wp-json\/wp\/v2\/users\/1"}],"replies":[{"embeddable":true,"href":"https:\/\/gsgrupo.com\/fr\/wp-json\/wp\/v2\/comments?post=7965"}],"version-history":[{"count":5,"href":"https:\/\/gsgrupo.com\/fr\/wp-json\/wp\/v2\/pages\/7965\/revisions"}],"predecessor-version":[{"id":8820,"href":"https:\/\/gsgrupo.com\/fr\/wp-json\/wp\/v2\/pages\/7965\/revisions\/8820"}],"up":[{"embeddable":true,"href":"https:\/\/gsgrupo.com\/fr\/wp-json\/wp\/v2\/pages\/7856"}],"wp:attachment":[{"href":"https:\/\/gsgrupo.com\/fr\/wp-json\/wp\/v2\/media?parent=7965"}],"curies":[{"name":"wp","href":"https:\/\/api.w.org\/{rel}","templated":true}]}}