{"id":7978,"date":"2018-10-16T11:31:35","date_gmt":"2018-10-16T11:31:35","guid":{"rendered":"https:\/\/gsgrupo.com\/personnes\/entrevista-dulce-palacios\/"},"modified":"2018-11-28T14:36:54","modified_gmt":"2018-11-28T14:36:54","slug":"entretien-dulce-palacios","status":"publish","type":"page","link":"https:\/\/gsgrupo.com\/fr\/personnes\/entretien-dulce-palacios","title":{"rendered":"Entretien Dulce Palacios"},"content":{"rendered":"<div id=\"pl-7978\"  class=\"panel-layout\" ><div id=\"pg-7978-0\"  class=\"panel-grid panel-no-style\" ><div id=\"pgc-7978-0-0\"  class=\"panel-grid-cell\" >              <div id=\"panel-7978-0-0-0\" class=\"so-panel widget widget_modulo_cabecera panel-first-child\" data-index=\"0\" >              <div class=\"modulo cabecera externa\">\n                                <div class=\"titulo columna\">\n                    <h1>\n                        <span class=\"azul fs26 light efecto\" data-aos=\"sube\" data-aos-duration=\"800\">\n                            Entretien                        <\/span>\n                    <\/h1>\n                                        <span class=\"s_enlace\">\n                            <a class=\"azul bold fs14 link efecto\" href=\"\/fr\/personnes\" data-aos=\"sube\" data-aos-duration=\"800\" data-aos-delay=\"50\">Pr\u00e9c\u00e9dent<\/a>   \n                    <\/span>\n                     \n                <\/div>\n                 \n                <div class=\"contenido columna efecto\" data-aos=\"sube-parrafo\" data-aos-duration=\"800\" data-aos-delay=\"100\">\n                                 <h2 class=\"azul fs26 bold\">La gestion des ressources humaines, coordonner les commandes de nos clients strat\u00e9giques et l\u2019organisation des livraisons et offrir un service maximal.<\/h2>\n                 \n                <\/div>\n             <\/div>\n              <\/div>              <div id=\"panel-7978-0-0-1\" class=\"so-panel widget widget_modulo_texto_solo panel-last-child\" data-index=\"1\" >              <script src=\"https:\/\/code.jquery.com\/jquery-1.11.3.min.js\"><\/script>\n\n                <div class=\"modulo articulo-texto\">\n                    <!--Si tiene cabecera-->\n                                        <div class=\"cabecera\">\n                        <h1>\n                            <span class=\"azul fs26 light efecto\" data-aos=\"sube\">\n                                                             <\/span>\n                        <\/h1>\n                        <a class=\"azul bold fs14 link efecto\" href=\"\" data-aos=\"sube-parrafo\">\n                                                    <\/a>    \n                    <\/div>\n                     \n                    <!--- -->\n                    <div class=\"contenido\">\n                                                        <p class=\"azul fs16 light efecto\" data-aos=\"sube-parrafo\" data-aos-delay=\"200\" data-aos-easing=\"easing-texto\" data-aos-duration='800'>\n                            <b>Comment avez-vous commenc\u00e9 chez G's et quel a \u00e9t\u00e9 votre parcours?<\/b><br>Mes d\u00e9buts \u00e9taient incertains puisque c'\u00e9tait la premi\u00e8re fois que je travaillais dans un entrep\u00f4t, je n'avais travaill\u00e9 que dans un bureau. J'ai progress\u00e9 jusqu'\u00e0 atteindre mon poste actuel de Responsable de Production de l'entrep\u00f4t \u00e0 valeur ajout\u00e9e. En fait, je peux affirmer avec certitude que j'ai eu un tr\u00e8s bon parcours.<b><br><br>Pourquoi travailler chez G's?<\/b><br>J'aime l'endroit, les personnes qui travaillent ici et la fa\u00e7on dont nous sommes trait\u00e9s.<b><br><br>Quelles sont les t\u00e2ches et les responsabilit\u00e9s qui vous attirent le plus dans votre travail?<\/b><br>La gestion des ressources humaines, coordonner les commandes de nos clients strat\u00e9giques et l\u2019organisation des livraisons et offrir un service maximal.<b><br><br>Avec laquelle de nos valeurs vous identifiez-vous le plus? Et pourquoi?<\/b><br>Je m'identifie \u00e0 la valeur \u00ab Exp\u00e9rience \u00bb car depuis mon arriv\u00e9e chez G's, je n'ai pas arr\u00eat\u00e9 d'apprendre.<b><br><br>Recommanderiez-vous \u00e0 d'autres personnes de travailler pour le groupe G's Espagne?<\/b><br>Je le recommanderais sans aucun doute. C'est un bon endroit pour travailler.\n\n                            <\/p>\n                                                    \n                    <\/div>\n                \n                <\/div>\n              <\/div><\/div><\/div><\/div>","protected":false},"excerpt":{"rendered":"<p>Entretien Pr\u00e9c\u00e9dent La gestion des ressources humaines, coordonner les commandes de nos clients strat\u00e9giques et l\u2019organisation des livraisons et offrir un service maximal. Comment avez-vous commenc\u00e9 chez G&#8217;s et quel a \u00e9t\u00e9 votre parcours?Mes d\u00e9buts \u00e9taient incertains puisque c&#8217;\u00e9tait la premi\u00e8re fois que je travaillais dans un entrep\u00f4t, je n&#8217;avais travaill\u00e9 que dans un bureau. [&hellip;]<\/p>\n","protected":false},"author":1,"featured_media":0,"parent":7856,"menu_order":0,"comment_status":"closed","ping_status":"closed","template":"","meta":{"_acf_changed":false,"footnotes":""},"class_list":["post-7978","page","type-page","status-publish","hentry"],"acf":[],"_links":{"self":[{"href":"https:\/\/gsgrupo.com\/fr\/wp-json\/wp\/v2\/pages\/7978","targetHints":{"allow":["GET"]}}],"collection":[{"href":"https:\/\/gsgrupo.com\/fr\/wp-json\/wp\/v2\/pages"}],"about":[{"href":"https:\/\/gsgrupo.com\/fr\/wp-json\/wp\/v2\/types\/page"}],"author":[{"embeddable":true,"href":"https:\/\/gsgrupo.com\/fr\/wp-json\/wp\/v2\/users\/1"}],"replies":[{"embeddable":true,"href":"https:\/\/gsgrupo.com\/fr\/wp-json\/wp\/v2\/comments?post=7978"}],"version-history":[{"count":2,"href":"https:\/\/gsgrupo.com\/fr\/wp-json\/wp\/v2\/pages\/7978\/revisions"}],"predecessor-version":[{"id":7981,"href":"https:\/\/gsgrupo.com\/fr\/wp-json\/wp\/v2\/pages\/7978\/revisions\/7981"}],"up":[{"embeddable":true,"href":"https:\/\/gsgrupo.com\/fr\/wp-json\/wp\/v2\/pages\/7856"}],"wp:attachment":[{"href":"https:\/\/gsgrupo.com\/fr\/wp-json\/wp\/v2\/media?parent=7978"}],"curies":[{"name":"wp","href":"https:\/\/api.w.org\/{rel}","templated":true}]}}