{"id":7993,"date":"2018-10-16T11:47:06","date_gmt":"2018-10-16T11:47:06","guid":{"rendered":"https:\/\/gsgrupo.com\/personnes\/james-hughes\/"},"modified":"2018-11-28T15:12:06","modified_gmt":"2018-11-28T15:12:06","slug":"james-hughes","status":"publish","type":"page","link":"https:\/\/gsgrupo.com\/fr\/personnes\/james-hughes","title":{"rendered":"James Hughes"},"content":{"rendered":"<div id=\"pl-7993\"  class=\"panel-layout\" ><div id=\"pg-7993-0\"  class=\"panel-grid panel-no-style\" ><div id=\"pgc-7993-0-0\"  class=\"panel-grid-cell\" >              <div id=\"panel-7993-0-0-0\" class=\"so-panel widget widget_modulo_cabecera panel-first-child\" data-index=\"0\" >              <div class=\"modulo cabecera externa\">\n                                <div class=\"titulo columna\">\n                    <h1>\n                        <span class=\"azul fs26 light efecto\" data-aos=\"sube\" data-aos-duration=\"800\">\n                            Entretien                        <\/span>\n                    <\/h1>\n                                        <span class=\"s_enlace\">\n                            <a class=\"azul bold fs14 link efecto\" href=\"\/fr\/personnes\/\" data-aos=\"sube\" data-aos-duration=\"800\" data-aos-delay=\"50\">Pr\u00e9c\u00e9dent<\/a>   \n                    <\/span>\n                     \n                <\/div>\n                 \n                <div class=\"contenido columna efecto\" data-aos=\"sube-parrafo\" data-aos-duration=\"800\" data-aos-delay=\"100\">\n                                 <h2 class=\"azul fs26 bold\">Je m'identifie \u00e0 la valeur \u00ab&nbsp;Exp\u00e9rience&nbsp;\u00bb pour les ann\u00e9es de travail au sein du groupe et \u00e0 la vision qu'ils m'ont donn\u00e9, ainsi que la valeur \u00ab&nbsp;Can-do&nbsp;\u00bb pour voir et faire partie des am\u00e9liorations et des nouveaux projets \/ machines.<\/h2>\n                 \n                <\/div>\n             <\/div>\n              <\/div>              <div id=\"panel-7993-0-0-1\" class=\"so-panel widget widget_modulo_texto_solo panel-last-child\" data-index=\"1\" >              <script src=\"https:\/\/code.jquery.com\/jquery-1.11.3.min.js\"><\/script>\n\n                <div class=\"modulo articulo-texto\">\n                    <!--Si tiene cabecera-->\n                                        <div class=\"cabecera\">\n                        <h1>\n                            <span class=\"azul fs26 light efecto\" data-aos=\"sube\">\n                                                             <\/span>\n                        <\/h1>\n                        <a class=\"azul bold fs14 link efecto\" href=\"\" data-aos=\"sube-parrafo\">\n                                                    <\/a>    \n                    <\/div>\n                     \n                    <!--- -->\n                    <div class=\"contenido\">\n                                                        <p class=\"azul fs16 light efecto\" data-aos=\"sube-parrafo\" data-aos-delay=\"200\" data-aos-easing=\"easing-texto\" data-aos-duration='800'>\n                            <b>Comment avez-vous commenc\u00e9 chez G's et quel a \u00e9t\u00e9 votre parcours?<\/b>\n<br>\nJ'ai commenc\u00e9 comme m\u00e9canicien chez G's Espagne, j'ai travaill\u00e9 pendant les trois premiers mois d'essai avec l'\u00e9quipe d'Angleterre. Ensuite, j'ai pass\u00e9 trois ans \u00e0 combiner le travail entre l'Espagne et l'Angleterre jusqu'\u00e0 obtenir mon poste d\u00e9finitif dans le Groupe G's Espagne.\n<br><br><br>\n<b>Pourquoi travailler chez G's?<\/b>\n<br>\nLe groupe d'entreprises est tr\u00e8s vaste et peut offrir de nombreuses opportunit\u00e9s aux personnes. De plus, c'est un groupe fiable qui offre une certaine s\u00e9curit\u00e9 aux travailleurs.\n<br><br><br>\n<b>Quelles sont les t\u00e2ches et les responsabilit\u00e9s qui vous attirent le plus dans votre travail?<\/b>\n<br>\nJ'aime d\u00e9velopper les projets et les am\u00e9liorations dans chaque travail que nous r\u00e9alisons. On peut voir le bon r\u00e9sultat gr\u00e2ce \u00e0 l'\u00e9quipe que nous avons.\n<br><br><br>\n<b>Avec laquelle de nos valeurs vous identifiez-vous le plus? Et pourquoi?<\/b>\n<br>\nJe m'identifie \u00e0 la valeur \"Exp\u00e9rience\" pour les ann\u00e9es de travail au sein du groupe et \u00e0 la vision qu'ils m'ont donn\u00e9, ainsi que la valeur \u00ab Can-do \u00bb pour voir et faire partie des am\u00e9liorations et des nouveaux projets \/ machines.\n<br><br><br>\n<b>Recommanderiez-vous \u00e0 d'autres personnes de travailler pour le groupe G's Espagne?<\/b>\n<br>Oui, \u00e0 tous ceux qui veulent travailler, car le groupe offre des postes de travail dans de nombreux domaines et pour tous les niveaux d\u2019\u00e9tudes. \n                            <\/p>\n                                                    \n                    <\/div>\n                \n                <\/div>\n              <\/div><\/div><\/div><\/div>","protected":false},"excerpt":{"rendered":"<p>Entretien Pr\u00e9c\u00e9dent Je m&#8217;identifie \u00e0 la valeur \u00ab&nbsp;Exp\u00e9rience&nbsp;\u00bb pour les ann\u00e9es de travail au sein du groupe et \u00e0 la vision qu&#8217;ils m&#8217;ont donn\u00e9, ainsi que la valeur \u00ab&nbsp;Can-do&nbsp;\u00bb pour voir et faire partie des am\u00e9liorations et des nouveaux projets \/ machines. Comment avez-vous commenc\u00e9 chez G&#8217;s et quel a \u00e9t\u00e9 votre parcours? J&#8217;ai commenc\u00e9 [&hellip;]<\/p>\n","protected":false},"author":1,"featured_media":0,"parent":7856,"menu_order":0,"comment_status":"closed","ping_status":"closed","template":"","meta":{"_acf_changed":false,"footnotes":""},"class_list":["post-7993","page","type-page","status-publish","hentry"],"acf":[],"_links":{"self":[{"href":"https:\/\/gsgrupo.com\/fr\/wp-json\/wp\/v2\/pages\/7993","targetHints":{"allow":["GET"]}}],"collection":[{"href":"https:\/\/gsgrupo.com\/fr\/wp-json\/wp\/v2\/pages"}],"about":[{"href":"https:\/\/gsgrupo.com\/fr\/wp-json\/wp\/v2\/types\/page"}],"author":[{"embeddable":true,"href":"https:\/\/gsgrupo.com\/fr\/wp-json\/wp\/v2\/users\/1"}],"replies":[{"embeddable":true,"href":"https:\/\/gsgrupo.com\/fr\/wp-json\/wp\/v2\/comments?post=7993"}],"version-history":[{"count":4,"href":"https:\/\/gsgrupo.com\/fr\/wp-json\/wp\/v2\/pages\/7993\/revisions"}],"predecessor-version":[{"id":7998,"href":"https:\/\/gsgrupo.com\/fr\/wp-json\/wp\/v2\/pages\/7993\/revisions\/7998"}],"up":[{"embeddable":true,"href":"https:\/\/gsgrupo.com\/fr\/wp-json\/wp\/v2\/pages\/7856"}],"wp:attachment":[{"href":"https:\/\/gsgrupo.com\/fr\/wp-json\/wp\/v2\/media?parent=7993"}],"curies":[{"name":"wp","href":"https:\/\/api.w.org\/{rel}","templated":true}]}}