{"id":8000,"date":"2018-10-16T13:16:16","date_gmt":"2018-10-16T13:16:16","guid":{"rendered":"https:\/\/gsgrupo.com\/personnes\/entrevista-juan-jose-pizarro\/"},"modified":"2018-11-28T15:23:38","modified_gmt":"2018-11-28T15:23:38","slug":"entretien-juan-jose-pizarro","status":"publish","type":"page","link":"https:\/\/gsgrupo.com\/fr\/personnes\/entretien-juan-jose-pizarro","title":{"rendered":"Entetien Juan Jos\u00e9 Pizarro"},"content":{"rendered":"<div id=\"pl-8000\"  class=\"panel-layout\" ><div id=\"pg-8000-0\"  class=\"panel-grid panel-no-style\" ><div id=\"pgc-8000-0-0\"  class=\"panel-grid-cell\" >              <div id=\"panel-8000-0-0-0\" class=\"so-panel widget widget_modulo_cabecera panel-first-child\" data-index=\"0\" >              <div class=\"modulo cabecera externa\">\n                                <div class=\"titulo columna\">\n                    <h1>\n                        <span class=\"azul fs26 light efecto\" data-aos=\"sube\" data-aos-duration=\"800\">\n                            Entretien                        <\/span>\n                    <\/h1>\n                                        <span class=\"s_enlace\">\n                            <a class=\"azul bold fs14 link efecto\" href=\"\/fr\/personnes\" data-aos=\"sube\" data-aos-duration=\"800\" data-aos-delay=\"50\">Pr\u00e9c\u00e9dent<\/a>   \n                    <\/span>\n                     \n                <\/div>\n                 \n                <div class=\"contenido columna efecto\" data-aos=\"sube-parrafo\" data-aos-duration=\"800\" data-aos-delay=\"100\">\n                                 <h2 class=\"azul fs26 bold\">Je recommanderais le Grupo G's Espagne parce que c'est l'une des meilleures entreprises du secteur. La formation et les valeurs de cette entreprise sont uniques, offrant d\u00e9veloppement et culture.<\/h2>\n                 \n                <\/div>\n             <\/div>\n              <\/div>              <div id=\"panel-8000-0-0-1\" class=\"so-panel widget widget_modulo_texto_solo panel-last-child\" data-index=\"1\" >              <script src=\"https:\/\/code.jquery.com\/jquery-1.11.3.min.js\"><\/script>\n\n                <div class=\"modulo articulo-texto\">\n                    <!--Si tiene cabecera-->\n                                        <div class=\"cabecera\">\n                        <h1>\n                            <span class=\"azul fs26 light efecto\" data-aos=\"sube\">\n                                                             <\/span>\n                        <\/h1>\n                        <a class=\"azul bold fs14 link efecto\" href=\"\" data-aos=\"sube-parrafo\">\n                                                    <\/a>    \n                    <\/div>\n                     \n                    <!--- -->\n                    <div class=\"contenido\">\n                                                        <p class=\"azul fs16 light efecto\" data-aos=\"sube-parrafo\" data-aos-delay=\"200\" data-aos-easing=\"easing-texto\" data-aos-duration='800'>\n                            <b>Comment avez-vous commenc\u00e9 chez G's et quel a \u00e9t\u00e9 votre parcours?<\/b><br>\nJ'ai d\u00e9but\u00e9 ma carri\u00e8re en 1979, j'avais 17 ans, en tant que responsable des calibreurs. Au fil des ann\u00e9es, j'ai occup\u00e9 diff\u00e9rents postes\u00a0: responsable de ligne, responsable d'entrep\u00f4t jusqu'\u00e0 arriver \u00e0 mon poste actuel de Directeur des Op\u00e9rations.\u00a0\n<br><br><br>\n<b>Pourquoi travailler chez G's?<\/b><br>\nJe me sens depuis toujours tr\u00e8s impliqu\u00e9 et respect\u00e9 dans chacun des diff\u00e9rents travaux que j'ai r\u00e9alis\u00e9s, aussi bien par mes chefs que par mes coll\u00e8gues. C\u2019est ce qui me r\u00e9jouit chaque jour de venir travailler avec plaisir, je pense que c\u2019est ce qui nous aide tous, \u00e0 progresser \u00e0 chaque instant. \n<br><br><br>\n<b>Quelles sont les t\u00e2ches et les responsabilit\u00e9s qui vous attirent le plus dans votre travail?<\/b><br><br>\nJ'aime la n\u00e9gociation parce que c'est ce que nous faisons tous les jours, la plupart du temps sans nous en rendre compte.\n<br><br><br>\n<b>Avec laquelle de nos valeurs vous identifiez-vous le plus? Et pourquoi?<\/b><br>\n\"Confiance\" et \"Can-do\". Elles sont toutes importantes mais:<br>\n- L'efficacit\u00e9, si vous la perdez, on peut l'am\u00e9liorer dans un autre projet.<br>\n- La qualit\u00e9, vous pouvez faire une erreur \u00e0 un moment donn\u00e9, mais c'est r\u00e9parable.<br>\n- Exp\u00e9rience, vous avez celle acquise lors de votre parcours.<br>\n- Confiance, si vous la perdez, il est tr\u00e8s difficile, voire m\u00eame impossible, de la r\u00e9cup\u00e9rer. Si vous n'\u00eates pas engag\u00e9 et motiv\u00e9, on vous fera difficilement confiance. \n<br><br><br>\n<b>Recommanderiez-vous \u00e0 d'autres personnes de travailler pour le groupe G's Espagne?<\/b><br>\nJe recommanderais le Grupo G's Espagne parce que c'est l'une des meilleures entreprises du secteur. La formation et les valeurs de cette entreprise sont uniques, offrant d\u00e9veloppement et culture.                            <\/p>\n                                                    \n                    <\/div>\n                \n                <\/div>\n              <\/div><\/div><\/div><\/div>","protected":false},"excerpt":{"rendered":"<p>Entretien Pr\u00e9c\u00e9dent Je recommanderais le Grupo G&#8217;s Espagne parce que c&#8217;est l&#8217;une des meilleures entreprises du secteur. La formation et les valeurs de cette entreprise sont uniques, offrant d\u00e9veloppement et culture. Comment avez-vous commenc\u00e9 chez G&#8217;s et quel a \u00e9t\u00e9 votre parcours? J&#8217;ai d\u00e9but\u00e9 ma carri\u00e8re en 1979, j&#8217;avais 17 ans, en tant que responsable [&hellip;]<\/p>\n","protected":false},"author":1,"featured_media":0,"parent":7856,"menu_order":0,"comment_status":"closed","ping_status":"closed","template":"","meta":{"_acf_changed":false,"footnotes":""},"class_list":["post-8000","page","type-page","status-publish","hentry"],"acf":[],"_links":{"self":[{"href":"https:\/\/gsgrupo.com\/fr\/wp-json\/wp\/v2\/pages\/8000","targetHints":{"allow":["GET"]}}],"collection":[{"href":"https:\/\/gsgrupo.com\/fr\/wp-json\/wp\/v2\/pages"}],"about":[{"href":"https:\/\/gsgrupo.com\/fr\/wp-json\/wp\/v2\/types\/page"}],"author":[{"embeddable":true,"href":"https:\/\/gsgrupo.com\/fr\/wp-json\/wp\/v2\/users\/1"}],"replies":[{"embeddable":true,"href":"https:\/\/gsgrupo.com\/fr\/wp-json\/wp\/v2\/comments?post=8000"}],"version-history":[{"count":5,"href":"https:\/\/gsgrupo.com\/fr\/wp-json\/wp\/v2\/pages\/8000\/revisions"}],"predecessor-version":[{"id":8005,"href":"https:\/\/gsgrupo.com\/fr\/wp-json\/wp\/v2\/pages\/8000\/revisions\/8005"}],"up":[{"embeddable":true,"href":"https:\/\/gsgrupo.com\/fr\/wp-json\/wp\/v2\/pages\/7856"}],"wp:attachment":[{"href":"https:\/\/gsgrupo.com\/fr\/wp-json\/wp\/v2\/media?parent=8000"}],"curies":[{"name":"wp","href":"https:\/\/api.w.org\/{rel}","templated":true}]}}