{"id":8015,"date":"2018-10-16T13:28:22","date_gmt":"2018-10-16T13:28:22","guid":{"rendered":"https:\/\/gsgrupo.com\/personnes\/maravilla-conesa\/"},"modified":"2018-11-28T15:39:08","modified_gmt":"2018-11-28T15:39:08","slug":"maravilla-conesa","status":"publish","type":"page","link":"https:\/\/gsgrupo.com\/fr\/personnes\/maravilla-conesa","title":{"rendered":"Maravillas Conesa"},"content":{"rendered":"<div id=\"pl-8015\"  class=\"panel-layout\" ><div id=\"pg-8015-0\"  class=\"panel-grid panel-no-style\" ><div id=\"pgc-8015-0-0\"  class=\"panel-grid-cell\" >              <div id=\"panel-8015-0-0-0\" class=\"so-panel widget widget_modulo_cabecera panel-first-child\" data-index=\"0\" >              <div class=\"modulo cabecera externa\">\n                                <div class=\"titulo columna\">\n                    <h1>\n                        <span class=\"azul fs26 light efecto\" data-aos=\"sube\" data-aos-duration=\"800\">\n                            Entretien                        <\/span>\n                    <\/h1>\n                                        <span class=\"s_enlace\">\n                            <a class=\"azul bold fs14 link efecto\" href=\"\/fr\/personnes\" data-aos=\"sube\" data-aos-duration=\"800\" data-aos-delay=\"50\">Pr\u00e9c\u00e9dent<\/a>   \n                    <\/span>\n                     \n                <\/div>\n                 \n                <div class=\"contenido columna efecto\" data-aos=\"sube-parrafo\" data-aos-duration=\"800\" data-aos-delay=\"100\">\n                                 <h2 class=\"azul fs26 bold\">Les valeurs de cette entreprise sont plus que suffisantes pour vouloir y travailler. Je suis tr\u00e8s fi\u00e8re d'appartenir \u00e0 G's et j'aime surtout sa familiarit\u00e9 et son exp\u00e9rience, je suis donc motiv\u00e9e et adapt\u00e9e \u00e0 cette entreprise.<\/h2>\n                 \n                <\/div>\n             <\/div>\n              <\/div>              <div id=\"panel-8015-0-0-1\" class=\"so-panel widget widget_modulo_texto_solo panel-last-child\" data-index=\"1\" >              <script src=\"https:\/\/code.jquery.com\/jquery-1.11.3.min.js\"><\/script>\n\n                <div class=\"modulo articulo-texto\">\n                    <!--Si tiene cabecera-->\n                                        <div class=\"cabecera\">\n                        <h1>\n                            <span class=\"azul fs26 light efecto\" data-aos=\"sube\">\n                                                             <\/span>\n                        <\/h1>\n                        <a class=\"azul bold fs14 link efecto\" href=\"\" data-aos=\"sube-parrafo\">\n                                                    <\/a>    \n                    <\/div>\n                     \n                    <!--- -->\n                    <div class=\"contenido\">\n                                                        <p class=\"azul fs16 light efecto\" data-aos=\"sube-parrafo\" data-aos-delay=\"200\" data-aos-easing=\"easing-texto\" data-aos-duration='800'>\n                            <b>Comment avez-vous commenc\u00e9 chez G's et quel a \u00e9t\u00e9 votre parcours?<\/b><br>\nJ'ai d\u00e9but\u00e9 dans l'entreprise lorsqu'elle s'appelait \u00ab\u00a0Pascual Hermanos\u00a0\u00bb en 1984, en emballant de la laitue iceberg. 3 ans apr\u00e8s, je suis devenu l'un des cadres interm\u00e9diaires, responsable de la section du nettoyage et de l'emballage de produits jusqu'en 2001, ann\u00e9e \u00e0 laquelle j'ai commenc\u00e9 \u00e0 travailler en tant que responsable de qualit\u00e9 dans le m\u00eame entrep\u00f4t \u00e0 Pozo Estrecho. En octobre 2018, j'ai int\u00e9gr\u00e9 la structure du groupe G's en tant que Coordinateur de Contr\u00f4le de Qualit\u00e9 \u00e0 Torre Pacheco.\n<br><br><br>\n<b>Pourquoi travailler chez G's?<\/b><br>\nLes valeurs de cette entreprise sont plus que suffisantes pour vouloir y travailler. Je suis tr\u00e8s fi\u00e8re d'appartenir \u00e0 G's et j'aime surtout sa familiarit\u00e9 et son exp\u00e9rience, je suis donc motiv\u00e9e et adapt\u00e9e \u00e0 cette entreprise.\n<br><br><br>\n<b>Quelles sont les t\u00e2ches et les responsabilit\u00e9s qui vous attirent le plus dans votre travail?<\/b><br>\nLa coordination du travail, effectuer les contr\u00f4les de qualit\u00e9 des produits lors de la r\u00e9ception, de la manutention et de l'exp\u00e9dition. Participer \u00e0 la responsabilit\u00e9 de respecter les normes de qualit\u00e9 et de s\u00e9curit\u00e9 du produit aux diff\u00e9rentes \u00e9tapes du processus. Et la collaboration pour r\u00e9pondre aux r\u00e9clamations des clients.\n<br><br><br>\n<b>Avec laquelle de nos valeurs vous identifiez-vous le plus? Et pourquoi?<\/b><br>\nCelle avec laquelle je m'identifie le plus est la \"Qualit\u00e9\", celle qui parle de fournir un service exceptionnel \u00e0 nos collaborateurs et \u00e0 nos clients. Je m'identifie \u00e9galement avec la \"Confiance\".\n<br><br><br>\n<b>Recommanderiez-vous \u00e0 d'autres personnes de travailler pour le groupe G's Espagne?<\/b><br>\nBien s\u00fbr que oui, je l'ai d\u00e9j\u00e0 recommand\u00e9 \u00e0 plusieurs personnes et, en fait, ces personnes travaillent actuellement chez G's.                            <\/p>\n                                                    \n                    <\/div>\n                \n                <\/div>\n              <\/div><\/div><\/div><\/div>","protected":false},"excerpt":{"rendered":"<p>Entretien Pr\u00e9c\u00e9dent Les valeurs de cette entreprise sont plus que suffisantes pour vouloir y travailler. Je suis tr\u00e8s fi\u00e8re d&#8217;appartenir \u00e0 G&#8217;s et j&#8217;aime surtout sa familiarit\u00e9 et son exp\u00e9rience, je suis donc motiv\u00e9e et adapt\u00e9e \u00e0 cette entreprise. Comment avez-vous commenc\u00e9 chez G&#8217;s et quel a \u00e9t\u00e9 votre parcours? J&#8217;ai d\u00e9but\u00e9 dans l&#8217;entreprise lorsqu&#8217;elle [&hellip;]<\/p>\n","protected":false},"author":1,"featured_media":0,"parent":7856,"menu_order":0,"comment_status":"closed","ping_status":"closed","template":"","meta":{"_acf_changed":false,"footnotes":""},"class_list":["post-8015","page","type-page","status-publish","hentry"],"acf":[],"_links":{"self":[{"href":"https:\/\/gsgrupo.com\/fr\/wp-json\/wp\/v2\/pages\/8015","targetHints":{"allow":["GET"]}}],"collection":[{"href":"https:\/\/gsgrupo.com\/fr\/wp-json\/wp\/v2\/pages"}],"about":[{"href":"https:\/\/gsgrupo.com\/fr\/wp-json\/wp\/v2\/types\/page"}],"author":[{"embeddable":true,"href":"https:\/\/gsgrupo.com\/fr\/wp-json\/wp\/v2\/users\/1"}],"replies":[{"embeddable":true,"href":"https:\/\/gsgrupo.com\/fr\/wp-json\/wp\/v2\/comments?post=8015"}],"version-history":[{"count":1,"href":"https:\/\/gsgrupo.com\/fr\/wp-json\/wp\/v2\/pages\/8015\/revisions"}],"predecessor-version":[{"id":8017,"href":"https:\/\/gsgrupo.com\/fr\/wp-json\/wp\/v2\/pages\/8015\/revisions\/8017"}],"up":[{"embeddable":true,"href":"https:\/\/gsgrupo.com\/fr\/wp-json\/wp\/v2\/pages\/7856"}],"wp:attachment":[{"href":"https:\/\/gsgrupo.com\/fr\/wp-json\/wp\/v2\/media?parent=8015"}],"curies":[{"name":"wp","href":"https:\/\/api.w.org\/{rel}","templated":true}]}}