{"id":8028,"date":"2018-10-16T13:44:00","date_gmt":"2018-10-16T13:44:00","guid":{"rendered":"https:\/\/gsgrupo.com\/personnes\/entrevista-thomas-pateman\/"},"modified":"2018-11-28T15:51:29","modified_gmt":"2018-11-28T15:51:29","slug":"entretien-thomas-pateman","status":"publish","type":"page","link":"https:\/\/gsgrupo.com\/fr\/personnes\/entretien-thomas-pateman","title":{"rendered":"Entretien Thomas Pateman"},"content":{"rendered":"<div id=\"pl-8028\"  class=\"panel-layout\" ><div id=\"pg-8028-0\"  class=\"panel-grid panel-no-style\" ><div id=\"pgc-8028-0-0\"  class=\"panel-grid-cell\" >              <div id=\"panel-8028-0-0-0\" class=\"so-panel widget widget_modulo_cabecera panel-first-child\" data-index=\"0\" >              <div class=\"modulo cabecera externa\">\n                                <div class=\"titulo columna\">\n                    <h1>\n                        <span class=\"azul fs26 light efecto\" data-aos=\"sube\" data-aos-duration=\"800\">\n                            Entetien                        <\/span>\n                    <\/h1>\n                                        <span class=\"s_enlace\">\n                            <a class=\"azul bold fs14 link efecto\" href=\"\/fr\/personnes\" data-aos=\"sube\" data-aos-duration=\"800\" data-aos-delay=\"50\">Pr\u00e9c\u00e9dent<\/a>   \n                    <\/span>\n                     \n                <\/div>\n                 \n                <div class=\"contenido columna efecto\" data-aos=\"sube-parrafo\" data-aos-duration=\"800\" data-aos-delay=\"100\">\n                                 <h2 class=\"azul fs26 bold\">C\u2019est une entreprise dans laquelle il peut y avoir de nombreuses opportunit\u00e9s, acqu\u00e9rir beaucoup d\u2019exp\u00e9rience pour renforcer ma carri\u00e8re professionnelle.<\/h2>\n                 \n                <\/div>\n             <\/div>\n              <\/div>              <div id=\"panel-8028-0-0-1\" class=\"so-panel widget widget_modulo_texto_solo panel-last-child\" data-index=\"1\" >              <script src=\"https:\/\/code.jquery.com\/jquery-1.11.3.min.js\"><\/script>\n\n                <div class=\"modulo articulo-texto\">\n                    <!--Si tiene cabecera-->\n                                        <div class=\"cabecera\">\n                        <h1>\n                            <span class=\"azul fs26 light efecto\" data-aos=\"sube\">\n                                                             <\/span>\n                        <\/h1>\n                        <a class=\"azul bold fs14 link efecto\" href=\"\" data-aos=\"sube-parrafo\">\n                                                    <\/a>    \n                    <\/div>\n                     \n                    <!--- -->\n                    <div class=\"contenido\">\n                                                        <p class=\"azul fs16 light efecto\" data-aos=\"sube-parrafo\" data-aos-delay=\"200\" data-aos-easing=\"easing-texto\" data-aos-duration='800'>\n                            <b>Comment avez-vous commenc\u00e9 chez G's et quel a \u00e9t\u00e9 votre parcours?<\/b><br>\nJ'ai commenc\u00e9 par un stage en mars 2016, au cours duquel j'ai appris \u00e0 conna\u00eetre le fonctionnement de l'entreprise dans le D\u00e9partement Informatique, toujours en apprenant de nouvelles choses. Un an apr\u00e8s mon stage, j'ai \u00e9t\u00e9 embauch\u00e9 chez G's Espagne avec un contrat \u00e0 dur\u00e9e d\u00e9termin\u00e9e.\n<br><br><br>\n<b>Pourquoi travailler chez G's?<\/b><br>\nC\u2019est l\u2019une des plus grandes entreprises de la r\u00e9gion o\u00f9 peuvent se pr\u00e9senter de nombreuses opportunit\u00e9s.\n<br><br><br>\n<b>Quelles sont les t\u00e2ches et les responsabilit\u00e9s qui vous attirent le plus dans votre travail?<\/b><br>\nTravailler pour les diff\u00e9rents sites, en communiquant et en connaissant tous les employ\u00e9s de l'entreprise. J'aime r\u00e9aliser des projets en \u00e9quipe, \u00eatre capable de capter les besoins et les rendre r\u00e9alit\u00e9.\n<br><br><br>\n<b>Avec laquelle de nos valeurs vous identifiez-vous le plus? Et pourquoi?<\/b><br>\nJe m'identifie au \"Can-do\", puisque c'est la valeur la plus importante pour l'informatique et, nous devons toujours nous adapter et nous am\u00e9liorer. \n<br><br><br>\n<b>Recommanderiez-vous \u00e0 d'autres personnes de travailler pour le groupe G's Espagne?<\/b><br>\nBien s\u00fbr, comme je l\u2019ai indiqu\u00e9 pr\u00e9c\u00e9demment, je pense que c\u2019est une entreprise o\u00f9 de nombreuses opportunit\u00e9s peuvent se pr\u00e9senter, acqu\u00e9rir beaucoup d\u2019exp\u00e9rience pour renforcer ma carri\u00e8re professionnelle.                            <\/p>\n                                                    \n                    <\/div>\n                \n                <\/div>\n              <\/div><\/div><\/div><\/div>","protected":false},"excerpt":{"rendered":"<p>Entetien Pr\u00e9c\u00e9dent C\u2019est une entreprise dans laquelle il peut y avoir de nombreuses opportunit\u00e9s, acqu\u00e9rir beaucoup d\u2019exp\u00e9rience pour renforcer ma carri\u00e8re professionnelle. Comment avez-vous commenc\u00e9 chez G&#8217;s et quel a \u00e9t\u00e9 votre parcours? J&#8217;ai commenc\u00e9 par un stage en mars 2016, au cours duquel j&#8217;ai appris \u00e0 conna\u00eetre le fonctionnement de l&#8217;entreprise dans le D\u00e9partement [&hellip;]<\/p>\n","protected":false},"author":1,"featured_media":0,"parent":7856,"menu_order":0,"comment_status":"closed","ping_status":"closed","template":"","meta":{"_acf_changed":false,"footnotes":""},"class_list":["post-8028","page","type-page","status-publish","hentry"],"acf":[],"_links":{"self":[{"href":"https:\/\/gsgrupo.com\/fr\/wp-json\/wp\/v2\/pages\/8028","targetHints":{"allow":["GET"]}}],"collection":[{"href":"https:\/\/gsgrupo.com\/fr\/wp-json\/wp\/v2\/pages"}],"about":[{"href":"https:\/\/gsgrupo.com\/fr\/wp-json\/wp\/v2\/types\/page"}],"author":[{"embeddable":true,"href":"https:\/\/gsgrupo.com\/fr\/wp-json\/wp\/v2\/users\/1"}],"replies":[{"embeddable":true,"href":"https:\/\/gsgrupo.com\/fr\/wp-json\/wp\/v2\/comments?post=8028"}],"version-history":[{"count":2,"href":"https:\/\/gsgrupo.com\/fr\/wp-json\/wp\/v2\/pages\/8028\/revisions"}],"predecessor-version":[{"id":8030,"href":"https:\/\/gsgrupo.com\/fr\/wp-json\/wp\/v2\/pages\/8028\/revisions\/8030"}],"up":[{"embeddable":true,"href":"https:\/\/gsgrupo.com\/fr\/wp-json\/wp\/v2\/pages\/7856"}],"wp:attachment":[{"href":"https:\/\/gsgrupo.com\/fr\/wp-json\/wp\/v2\/media?parent=8028"}],"curies":[{"name":"wp","href":"https:\/\/api.w.org\/{rel}","templated":true}]}}