{"id":8032,"date":"2018-10-16T13:50:58","date_gmt":"2018-10-16T13:50:58","guid":{"rendered":"https:\/\/gsgrupo.com\/personnes\/entrevista-victor-saura\/"},"modified":"2018-11-28T15:54:29","modified_gmt":"2018-11-28T15:54:29","slug":"entetien-victor-saura","status":"publish","type":"page","link":"https:\/\/gsgrupo.com\/fr\/personnes\/entetien-victor-saura","title":{"rendered":"Entretien Victor Saura"},"content":{"rendered":"<div id=\"pl-8032\"  class=\"panel-layout\" ><div id=\"pg-8032-0\"  class=\"panel-grid panel-no-style\" ><div id=\"pgc-8032-0-0\"  class=\"panel-grid-cell\" >              <div id=\"panel-8032-0-0-0\" class=\"so-panel widget widget_modulo_cabecera panel-first-child\" data-index=\"0\" >              <div class=\"modulo cabecera externa\">\n                                <div class=\"titulo columna\">\n                    <h1>\n                        <span class=\"azul fs26 light efecto\" data-aos=\"sube\" data-aos-duration=\"800\">\n                            Entretien                        <\/span>\n                    <\/h1>\n                                        <span class=\"s_enlace\">\n                            <a class=\"azul bold fs14 link efecto\" href=\"\/fr\/personnes\" data-aos=\"sube\" data-aos-duration=\"800\" data-aos-delay=\"50\">Pr\u00e9c\u00e9dent<\/a>   \n                    <\/span>\n                     \n                <\/div>\n                 \n                <div class=\"contenido columna efecto\" data-aos=\"sube-parrafo\" data-aos-duration=\"800\" data-aos-delay=\"100\">\n                                 <h2 class=\"azul fs26 bold\">Le Groupe G's Espagne m'a fait confiance, en me donnant plus de responsabilit\u00e9s et de projets pour atteindre le poste que j'occupe aujourd'hui. Tout cela est le fruit de beaucoup d'efforts, de travail, de confiance et d'aide.<\/h2>\n                 \n                <\/div>\n             <\/div>\n              <\/div>              <div id=\"panel-8032-0-0-1\" class=\"so-panel widget widget_modulo_texto_solo panel-last-child\" data-index=\"1\" >              <script src=\"https:\/\/code.jquery.com\/jquery-1.11.3.min.js\"><\/script>\n\n                <div class=\"modulo articulo-texto\">\n                    <!--Si tiene cabecera-->\n                                        <div class=\"cabecera\">\n                        <h1>\n                            <span class=\"azul fs26 light efecto\" data-aos=\"sube\">\n                                                             <\/span>\n                        <\/h1>\n                        <a class=\"azul bold fs14 link efecto\" href=\"\" data-aos=\"sube-parrafo\">\n                                                    <\/a>    \n                    <\/div>\n                     \n                    <!--- -->\n                    <div class=\"contenido\">\n                                                        <p class=\"azul fs16 light efecto\" data-aos=\"sube-parrafo\" data-aos-delay=\"200\" data-aos-easing=\"easing-texto\" data-aos-duration='800'>\n                            <b>Comment avez-vous commenc\u00e9 chez G's et quel a \u00e9t\u00e9 votre parcours?<\/b><br>\nJ'ai d\u00e9but\u00e9 mon parcours au d\u00e9partement informatique du Groupe G's Espagne en octobre 2006, en tant que Technicien en Informatique, avec peu d'exp\u00e9rience professionnelle, mais avec une grande envie d'apprendre et de grandir en tant que professionnel. Au cours de ces ann\u00e9es, le Groupe G's Espagne m'a fait confiance, en me donnant plus de responsabilit\u00e9s et de projets pour atteindre le poste que j'occupe aujourd'hui. Tout cela est le fruit de beaucoup d'efforts, de travail, de confiance et d'aide. \n<br><br><br>\n<b>Pourquoi travailler chez G's?<\/b><br>\nC'est une entreprise avec laquelle vous pouvez vous identifier \u00e0 ses valeurs, en plus d'offrir des opportunit\u00e9s d'apprentissage et d'am\u00e9lioration.\n<br><br><br>\n<b>Quelles sont les t\u00e2ches et les responsabilit\u00e9s qui vous attirent le plus dans votre travail?<\/b><br>\nFranchement, je ne sais pas laquelle choisir, j'aime ce que je fais. Mais c\u2019est gr\u00e2ce \u00e0 la bonne ambiance qui r\u00e8gne dans le d\u00e9partement et, \u00e0 la formidable \u00e9quipe que nous sommes en g\u00e9n\u00e9ral.\n<br><br><br>\n<b>Avec laquelle de nos valeurs vous identifiez-vous le plus? Et pourquoi?<\/b><br>\nJe m'identifie \u00e0 toutes les valeurs, mais si je dois en choisir une, c'est le \u00ab\u00a0Can-do\u00a0\u00bb, parce que je crois que tout est possible en ayant une bonne attitude.\n<br><br><br>\n<b>Recommanderiez-vous \u00e0 d'autres personnes de travailler pour le groupe G's Espagne?<\/b><br>\nBien s\u00fbr, comment ne pourrais-je pas recommander de travailler dans une grande entreprise form\u00e9e par un formidable groupe de personnes.                            <\/p>\n                                                    \n                    <\/div>\n                \n                <\/div>\n              <\/div><\/div><\/div><\/div>","protected":false},"excerpt":{"rendered":"<p>Entretien Pr\u00e9c\u00e9dent Le Groupe G&#8217;s Espagne m&#8217;a fait confiance, en me donnant plus de responsabilit\u00e9s et de projets pour atteindre le poste que j&#8217;occupe aujourd&#8217;hui. Tout cela est le fruit de beaucoup d&#8217;efforts, de travail, de confiance et d&#8217;aide. Comment avez-vous commenc\u00e9 chez G&#8217;s et quel a \u00e9t\u00e9 votre parcours? J&#8217;ai d\u00e9but\u00e9 mon parcours au [&hellip;]<\/p>\n","protected":false},"author":1,"featured_media":0,"parent":7856,"menu_order":0,"comment_status":"closed","ping_status":"closed","template":"","meta":{"_acf_changed":false,"footnotes":""},"class_list":["post-8032","page","type-page","status-publish","hentry"],"acf":[],"_links":{"self":[{"href":"https:\/\/gsgrupo.com\/fr\/wp-json\/wp\/v2\/pages\/8032","targetHints":{"allow":["GET"]}}],"collection":[{"href":"https:\/\/gsgrupo.com\/fr\/wp-json\/wp\/v2\/pages"}],"about":[{"href":"https:\/\/gsgrupo.com\/fr\/wp-json\/wp\/v2\/types\/page"}],"author":[{"embeddable":true,"href":"https:\/\/gsgrupo.com\/fr\/wp-json\/wp\/v2\/users\/1"}],"replies":[{"embeddable":true,"href":"https:\/\/gsgrupo.com\/fr\/wp-json\/wp\/v2\/comments?post=8032"}],"version-history":[{"count":2,"href":"https:\/\/gsgrupo.com\/fr\/wp-json\/wp\/v2\/pages\/8032\/revisions"}],"predecessor-version":[{"id":8034,"href":"https:\/\/gsgrupo.com\/fr\/wp-json\/wp\/v2\/pages\/8032\/revisions\/8034"}],"up":[{"embeddable":true,"href":"https:\/\/gsgrupo.com\/fr\/wp-json\/wp\/v2\/pages\/7856"}],"wp:attachment":[{"href":"https:\/\/gsgrupo.com\/fr\/wp-json\/wp\/v2\/media?parent=8032"}],"curies":[{"name":"wp","href":"https:\/\/api.w.org\/{rel}","templated":true}]}}