{"id":8037,"date":"2018-10-02T09:47:52","date_gmt":"2018-10-02T09:47:52","guid":{"rendered":"https:\/\/gsgrupo.com\/cookies-policy\/"},"modified":"2018-12-21T12:44:48","modified_gmt":"2018-12-21T12:44:48","slug":"politique-de-cookies","status":"publish","type":"page","link":"https:\/\/gsgrupo.com\/fr\/politique-de-cookies","title":{"rendered":"Politique de cookies"},"content":{"rendered":"<div id=\"pl-8037\"  class=\"panel-layout\" ><div id=\"pg-8037-0\"  class=\"panel-grid panel-no-style\" ><div id=\"pgc-8037-0-0\"  class=\"panel-grid-cell\" >              <div id=\"panel-8037-0-0-0\" class=\"so-panel widget widget_modulo_texto_solo panel-first-child\" data-index=\"0\" >              <script src=\"https:\/\/code.jquery.com\/jquery-1.11.3.min.js\"><\/script>\n\n                <div class=\"modulo articulo-texto\">\n                    <!--Si tiene cabecera-->\n                                        <div class=\"cabecera\">\n                        <h1>\n                            <span class=\"azul fs26 light efecto\" data-aos=\"sube\">\n                                Politique de cookie                            <\/span>\n                        <\/h1>\n                        <a class=\"azul bold fs14 link efecto\" href=\"\" data-aos=\"sube-parrafo\">\n                                                    <\/a>    \n                    <\/div>\n                     \n                    <!--- -->\n                    <div class=\"contenido\">\n                                                        <p class=\"azul fs16 light efecto\" data-aos=\"sube-parrafo\" data-aos-delay=\"200\" data-aos-easing=\"easing-texto\" data-aos-duration='800'>\n                            Tout comme d\u2019autres sites Web ayant un contenu commercial, notre site Web www.gsgrupo.com (le \u00ab Site Web \u00bb) utilise une technologie appel\u00e9e \u00ab cookies \u00bb, afin de recueillir des informations concernant votre utilisation. \n<br><br>\nNous vous informons que nous pouvons utiliser des cookies dans votre dispositif \u00e0 condition que Vous ayez donn\u00e9 votre accord, sauf dans le cas o\u00f9 les cookies sont n\u00e9cessaires pour naviguer sur le Site Web.\n<br><br>\n\u00c0 cet effet, nous vous informons que l\u2019utilisation des diff\u00e9rents cookies sur notre Site Web nous permet de Vous reconna\u00eetre parmi d\u2019autres utilisateurs, de vous offrir une exp\u00e9rience optimale lors de votre navigation et d\u2019identifier les probl\u00e8mes, afin d\u2019am\u00e9liorer notre Site Web . Dans le cas o\u00f9 Vous donnez votre accord, nous utiliserons des cookies qui nous permettrons d\u2019obtenir plus d'informations au sujet de vos pr\u00e9f\u00e9rences et de personnaliser notre Site Web en fonction de vos int\u00e9r\u00eats personnels. \n<br><br>\nLa pr\u00e9sente politique de cookies (\u00ab Politique de cookies \u00bb), nos mentions l\u00e9gales et notre Politique de confidentialit\u00e9, dans un document distinct, constituent les Conditions g\u00e9n\u00e9rales de notre Site Web.                            <\/p>\n                                                    \n                    <\/div>\n                \n                <\/div>\n              <\/div>              <div id=\"panel-8037-0-0-1\" class=\"so-panel widget widget_modulo_texto_solo\" data-index=\"1\" >              <script src=\"https:\/\/code.jquery.com\/jquery-1.11.3.min.js\"><\/script>\n\n                <div class=\"modulo articulo-texto\">\n                    <!--Si tiene cabecera-->\n                                        <div class=\"cabecera\">\n                        <h1>\n                            <span class=\"azul fs26 light efecto\" data-aos=\"sube\">\n                                Cookies                            <\/span>\n                        <\/h1>\n                        <a class=\"azul bold fs14 link efecto\" href=\"\" data-aos=\"sube-parrafo\">\n                                                    <\/a>    \n                    <\/div>\n                     \n                    <!--- -->\n                    <div class=\"contenido\">\n                                                        <p class=\"azul fs16 light efecto\" data-aos=\"sube-parrafo\" data-aos-delay=\"200\" data-aos-easing=\"easing-texto\" data-aos-duration='800'>\n                            Un cookie est un fichier t\u00e9l\u00e9charg\u00e9 dans votre \u00e9quipement terminal dans le but de stocker des donn\u00e9es qui pourront \u00eatre mises \u00e0 jour et r\u00e9cup\u00e9r\u00e9es par l\u2019entit\u00e9 responsable de son installation.                            <\/p>\n                                                    \n                    <\/div>\n                \n                <\/div>\n              <\/div>              <div id=\"panel-8037-0-0-2\" class=\"so-panel widget widget_modulo_texto_solo\" data-index=\"2\" >              <script src=\"https:\/\/code.jquery.com\/jquery-1.11.3.min.js\"><\/script>\n\n                <div class=\"modulo articulo-texto\">\n                    <!--Si tiene cabecera-->\n                                        <div class=\"cabecera\">\n                        <h1>\n                            <span class=\"azul fs26 light efecto\" data-aos=\"sube\">\n                                Quels types de cookies utilisent le Site Web ?                            <\/span>\n                        <\/h1>\n                        <a class=\"azul bold fs14 link efecto\" href=\"\" data-aos=\"sube-parrafo\">\n                                                    <\/a>    \n                    <\/div>\n                     \n                    <!--- -->\n                    <div class=\"contenido\">\n                                                        <p class=\"azul fs16 light efecto\" data-aos=\"sube-parrafo\" data-aos-delay=\"200\" data-aos-easing=\"easing-texto\" data-aos-duration='800'>\n                            Les cookies se distinguent en fonction de trois crit\u00e8res, (i) la p\u00e9riode de temps durant laquelle ils restent activ\u00e9s, (ii) leur finalit\u00e9 et (iii) l\u2019entit\u00e9 charg\u00e9e de leur gestion. Selon la p\u00e9riode de temps durant laquelle ils restent activ\u00e9s, il est possible de distinguer :                            <\/p>\n                                                    \n                    <\/div>\n                \n                <\/div>\n              <\/div>              <div id=\"panel-8037-0-0-3\" class=\"so-panel widget widget_modulo_texto_solo\" data-index=\"3\" >              <script src=\"https:\/\/code.jquery.com\/jquery-1.11.3.min.js\"><\/script>\n\n                <div class=\"modulo articulo-texto\">\n                    <!--Si tiene cabecera-->\n                                        <div class=\"cabecera\">\n                        <h1>\n                            <span class=\"azul fs26 light efecto\" data-aos=\"sube\">\n                                Cookies de session                            <\/span>\n                        <\/h1>\n                        <a class=\"azul bold fs14 link efecto\" href=\"\" data-aos=\"sube-parrafo\">\n                                                    <\/a>    \n                    <\/div>\n                     \n                    <!--- -->\n                    <div class=\"contenido\">\n                                                        <p class=\"azul fs16 light efecto\" data-aos=\"sube-parrafo\" data-aos-delay=\"200\" data-aos-easing=\"easing-texto\" data-aos-duration='800'>\n                            Les cookies de session sont utilis\u00e9s, afin de recueillir et stocker des donn\u00e9es au moment o\u00f9 l\u2019utilisateur acc\u00e8de \u00e0 notre Site Web.                            <\/p>\n                                                    \n                    <\/div>\n                \n                <\/div>\n              <\/div>              <div id=\"panel-8037-0-0-4\" class=\"so-panel widget widget_modulo_texto_solo\" data-index=\"4\" >              <script src=\"https:\/\/code.jquery.com\/jquery-1.11.3.min.js\"><\/script>\n\n                <div class=\"modulo articulo-texto\">\n                    <!--Si tiene cabecera-->\n                                        <div class=\"cabecera\">\n                        <h1>\n                            <span class=\"azul fs26 light efecto\" data-aos=\"sube\">\n                                Cookies persistants                            <\/span>\n                        <\/h1>\n                        <a class=\"azul bold fs14 link efecto\" href=\"\" data-aos=\"sube-parrafo\">\n                                                    <\/a>    \n                    <\/div>\n                     \n                    <!--- -->\n                    <div class=\"contenido\">\n                                                        <p class=\"azul fs16 light efecto\" data-aos=\"sube-parrafo\" data-aos-delay=\"200\" data-aos-easing=\"easing-texto\" data-aos-duration='800'>\n                            Avec ces cookies, les donn\u00e9es restent stock\u00e9es sur le terminal, elles sont disponibles et peuvent \u00eatre trait\u00e9es pendant une dur\u00e9e d\u00e9finie par le responsable du cookie, qui peut varier de quelques minutes \u00e0 plusieurs ann\u00e9es. \n<br><br>\nSelon la finalit\u00e9 des cookies, il est possible de distinguer:\n\n                            <\/p>\n                                                    \n                    <\/div>\n                \n                <\/div>\n              <\/div>              <div id=\"panel-8037-0-0-5\" class=\"so-panel widget widget_modulo_texto_solo\" data-index=\"5\" >              <script src=\"https:\/\/code.jquery.com\/jquery-1.11.3.min.js\"><\/script>\n\n                <div class=\"modulo articulo-texto\">\n                    <!--Si tiene cabecera-->\n                                        <div class=\"cabecera\">\n                        <h1>\n                            <span class=\"azul fs26 light efecto\" data-aos=\"sube\">\n                                Cookies techniques                            <\/span>\n                        <\/h1>\n                        <a class=\"azul bold fs14 link efecto\" href=\"\" data-aos=\"sube-parrafo\">\n                                                    <\/a>    \n                    <\/div>\n                     \n                    <!--- -->\n                    <div class=\"contenido\">\n                                                        <p class=\"azul fs16 light efecto\" data-aos=\"sube-parrafo\" data-aos-delay=\"200\" data-aos-easing=\"easing-texto\" data-aos-duration='800'>\n                            Ces cookies permettent \u00e0 l\u2019utilisateur de naviguer et d'utiliser les diff\u00e9rentes options ou services existants sur le Site Web, comme identifier la session, se souvenir des \u00e9l\u00e9ments formant une commande, r\u00e9aliser le processus d\u2019achat d\u2019une commande ou partager un contenu via les r\u00e9seaux sociaux.                            <\/p>\n                                                    \n                    <\/div>\n                \n                <\/div>\n              <\/div>              <div id=\"panel-8037-0-0-6\" class=\"so-panel widget widget_modulo_texto_solo\" data-index=\"6\" >              <script src=\"https:\/\/code.jquery.com\/jquery-1.11.3.min.js\"><\/script>\n\n                <div class=\"modulo articulo-texto\">\n                    <!--Si tiene cabecera-->\n                                        <div class=\"cabecera\">\n                        <h1>\n                            <span class=\"azul fs26 light efecto\" data-aos=\"sube\">\n                                Cookies de personnalisation                            <\/span>\n                        <\/h1>\n                        <a class=\"azul bold fs14 link efecto\" href=\"\" data-aos=\"sube-parrafo\">\n                                                    <\/a>    \n                    <\/div>\n                     \n                    <!--- -->\n                    <div class=\"contenido\">\n                                                        <p class=\"azul fs16 light efecto\" data-aos=\"sube-parrafo\" data-aos-delay=\"200\" data-aos-easing=\"easing-texto\" data-aos-duration='800'>\n                            Ces cookies permettent \u00e0 l\u2019utilisateur de naviguer et d'utiliser les diff\u00e9rentes options ou services existants sur le Site Web, comme identifier la session, se souvenir des \u00e9l\u00e9ments formant une commande, r\u00e9aliser le processus d\u2019achat d\u2019une commande ou partager un contenu via les r\u00e9seaux sociaux.                            <\/p>\n                                                    \n                    <\/div>\n                \n                <\/div>\n              <\/div>              <div id=\"panel-8037-0-0-7\" class=\"so-panel widget widget_modulo_texto_solo\" data-index=\"7\" >              <script src=\"https:\/\/code.jquery.com\/jquery-1.11.3.min.js\"><\/script>\n\n                <div class=\"modulo articulo-texto\">\n                    <!--Si tiene cabecera-->\n                                        <div class=\"cabecera\">\n                        <h1>\n                            <span class=\"azul fs26 light efecto\" data-aos=\"sube\">\n                                Cookies analytiques                            <\/span>\n                        <\/h1>\n                        <a class=\"azul bold fs14 link efecto\" href=\"\" data-aos=\"sube-parrafo\">\n                                                    <\/a>    \n                    <\/div>\n                     \n                    <!--- -->\n                    <div class=\"contenido\">\n                                                        <p class=\"azul fs16 light efecto\" data-aos=\"sube-parrafo\" data-aos-delay=\"200\" data-aos-easing=\"easing-texto\" data-aos-duration='800'>\n                            Ces cookies, ainsi que les fichiers journaux du serveur, nous permettent de conna\u00eetre le nombre total de personnes qui consultent le Site Web et les parties de ce dernier qui sont les plus populaires. Gr\u00e2ce \u00e0 ces cookies, nous obtenons des informations qui nous aident \u00e0 am\u00e9liorer la navigation et \u00e0 offrir un meilleur service aux utilisateurs. Finalement, ce type de cookies nous aide \u00e0 am\u00e9liorer l\u2019utilisation et l\u2019exp\u00e9rience d\u2019utilisation de notre Site Web.                            <\/p>\n                                                    \n                    <\/div>\n                \n                <\/div>\n              <\/div>              <div id=\"panel-8037-0-0-8\" class=\"so-panel widget widget_modulo_texto_solo\" data-index=\"8\" >              <script src=\"https:\/\/code.jquery.com\/jquery-1.11.3.min.js\"><\/script>\n\n                <div class=\"modulo articulo-texto\">\n                    <!--Si tiene cabecera-->\n                                        <div class=\"cabecera\">\n                        <h1>\n                            <span class=\"azul fs26 light efecto\" data-aos=\"sube\">\n                                Cookies publicitaires                            <\/span>\n                        <\/h1>\n                        <a class=\"azul bold fs14 link efecto\" href=\"\" data-aos=\"sube-parrafo\">\n                                                    <\/a>    \n                    <\/div>\n                     \n                    <!--- -->\n                    <div class=\"contenido\">\n                                                        <p class=\"azul fs16 light efecto\" data-aos=\"sube-parrafo\" data-aos-delay=\"200\" data-aos-easing=\"easing-texto\" data-aos-duration='800'>\n                            Ces cookies permettent de g\u00e9rer, de la fa\u00e7on la plus efficace possible, l\u2019offre des espaces publicitaires pr\u00e9sents sur la page Web, en adaptant le contenu de la publicit\u00e9 au contenu du service sollicit\u00e9 ou \u00e0 l\u2019utilisation que vous fa\u00eetes d\u2019Internet. Il est ainsi possible d\u2019analyser vos habitudes de navigation sur Internet et de vous proposer des publicit\u00e9s en rapport avec votre profil de navigation.                            <\/p>\n                                                    \n                    <\/div>\n                \n                <\/div>\n              <\/div>              <div id=\"panel-8037-0-0-9\" class=\"so-panel widget widget_modulo_texto_solo\" data-index=\"9\" >              <script src=\"https:\/\/code.jquery.com\/jquery-1.11.3.min.js\"><\/script>\n\n                <div class=\"modulo articulo-texto\">\n                    <!--Si tiene cabecera-->\n                                        <div class=\"cabecera\">\n                        <h1>\n                            <span class=\"azul fs26 light efecto\" data-aos=\"sube\">\n                                Cookies de publicit\u00e9 comportementale                            <\/span>\n                        <\/h1>\n                        <a class=\"azul bold fs14 link efecto\" href=\"\" data-aos=\"sube-parrafo\">\n                                                    <\/a>    \n                    <\/div>\n                     \n                    <!--- -->\n                    <div class=\"contenido\">\n                                                        <p class=\"azul fs16 light efecto\" data-aos=\"sube-parrafo\" data-aos-delay=\"200\" data-aos-easing=\"easing-texto\" data-aos-duration='800'>\n                            Ces cookies permettent de g\u00e9rer, de la fa\u00e7on la plus efficace possible, l\u2019offre des espaces publicitaires pr\u00e9sents sur la page Web, en adaptant le contenu de la publicit\u00e9 au contenu du service sollicit\u00e9 ou \u00e0 l\u2019utilisation que vous fa\u00eetes d\u2019Internet. Il est ainsi possible d\u2019analyser vos habitudes de navigation sur Internet et de vous proposer des publicit\u00e9s en rapport avec votre profil de navigation.                            <\/p>\n                                                    \n                    <\/div>\n                \n                <\/div>\n              <\/div>              <div id=\"panel-8037-0-0-10\" class=\"so-panel widget widget_modulo_texto_solo\" data-index=\"10\" >              <script src=\"https:\/\/code.jquery.com\/jquery-1.11.3.min.js\"><\/script>\n\n                <div class=\"modulo articulo-texto\">\n                    <!--Si tiene cabecera-->\n                                        <div class=\"cabecera\">\n                        <h1>\n                            <span class=\"azul fs26 light efecto\" data-aos=\"sube\">\n                                Cookies propres                            <\/span>\n                        <\/h1>\n                        <a class=\"azul bold fs14 link efecto\" href=\"\" data-aos=\"sube-parrafo\">\n                                                    <\/a>    \n                    <\/div>\n                     \n                    <!--- -->\n                    <div class=\"contenido\">\n                                                        <p class=\"azul fs16 light efecto\" data-aos=\"sube-parrafo\" data-aos-delay=\"200\" data-aos-easing=\"easing-texto\" data-aos-duration='800'>\n                            Domaine\/ Nom \/ Deur\u00e9e par defaut \/ Finalit\u00e9<br>\ngsgrupo.com \/ _ga \/ 2 ans \/ Identifier les utilisateurs<br>\ngsgrupo.com \/ _gid \/ 24 heures \/ Distinguer les utilisateurs<br>\ngsgrupo.com \/ _gat \/ 1 minute \/ Limiter le pourcentage d'utilisateurs                            <\/p>\n                                                    \n                    <\/div>\n                \n                <\/div>\n              <\/div>              <div id=\"panel-8037-0-0-11\" class=\"so-panel widget widget_modulo_texto_solo\" data-index=\"11\" >              <script src=\"https:\/\/code.jquery.com\/jquery-1.11.3.min.js\"><\/script>\n\n                <div class=\"modulo articulo-texto\">\n                    <!--Si tiene cabecera-->\n                                        <div class=\"cabecera\">\n                        <h1>\n                            <span class=\"azul fs26 light efecto\" data-aos=\"sube\">\n                                Consentement                            <\/span>\n                        <\/h1>\n                        <a class=\"azul bold fs14 link efecto\" href=\"\" data-aos=\"sube-parrafo\">\n                                                    <\/a>    \n                    <\/div>\n                     \n                    <!--- -->\n                    <div class=\"contenido\">\n                                                        <p class=\"azul fs16 light efecto\" data-aos=\"sube-parrafo\" data-aos-delay=\"200\" data-aos-easing=\"easing-texto\" data-aos-duration='800'>\n                            Dans le cas o\u00f9 vous continuez \u00e0 naviguer sur le Site Web, vous acceptez l\u2019utilisation des cookies \u00e9nonc\u00e9s ci-dessus, les d\u00e9lais signal\u00e9s et les conditions formul\u00e9es dans la pr\u00e9sente politique.                            <\/p>\n                                                    \n                    <\/div>\n                \n                <\/div>\n              <\/div>              <div id=\"panel-8037-0-0-12\" class=\"so-panel widget widget_modulo_texto_solo panel-last-child\" data-index=\"12\" >              <script src=\"https:\/\/code.jquery.com\/jquery-1.11.3.min.js\"><\/script>\n\n                <div class=\"modulo articulo-texto\">\n                    <!--Si tiene cabecera-->\n                                        <div class=\"cabecera\">\n                        <h1>\n                            <span class=\"azul fs26 light efecto\" data-aos=\"sube\">\n                                Refus des cookies                            <\/span>\n                        <\/h1>\n                        <a class=\"azul bold fs14 link efecto\" href=\"\" data-aos=\"sube-parrafo\">\n                                                    <\/a>    \n                    <\/div>\n                     \n                    <!--- -->\n                    <div class=\"contenido\">\n                                                        <p class=\"azul fs16 light efecto\" data-aos=\"sube-parrafo\" data-aos-delay=\"200\" data-aos-easing=\"easing-texto\" data-aos-duration='800'>\n                            Dans tous les cas, nous vous informons que les cookies ne sont pas n\u00e9cessaires \u00e0 l\u2019utilisation du Site Web. Ainsi, vous pouvez les bloquer en modifiant la configuration de votre navigateur. Cela vous permet de refuser l\u2019installation de tous les cookies ou seulement de certains d\u2019entre eux (plus de d\u00e9tails ci-dessous). Dans la plupart des cas, les navigateurs permettent d\u2019avertir de la pr\u00e9sence de cookies et de les refuser automatiquement. Si vous les refusez, vous pourrez toujours utiliser notre Site Web, bien que l\u2019utilisation de certains de nos services pourra \u00eatre limit\u00e9e. Cependant, il est important de signaler que si vous modifiez la configuration de votre navigateur, afin de bloquer tous les cookies (y compris les cookies fondamentaux), il est possible que vous n\u2019ayez pas acc\u00e8s \u00e0 la totalit\u00e9 ou \u00e0 une partie de notre Site Web.\nVous pourrez \u00e9galement supprimer des cookies \u00e0 tout moment via les configurations de navigation de votre navigateur. \n<br><br>\nEn cas de doute sur la pr\u00e9sente Politique de cookies, vous pouvez contacter G\u2019s Grupo par courrier \u00e9lectronique \u00e0 protecciondedatos@gsgrupo.com\n                            <\/p>\n                                                    \n                    <\/div>\n                \n                <\/div>\n              <\/div><\/div><\/div><\/div>","protected":false},"excerpt":{"rendered":"<p>Politique de cookie Tout comme d\u2019autres sites Web ayant un contenu commercial, notre site Web www.gsgrupo.com (le \u00ab Site Web \u00bb) utilise une technologie appel\u00e9e \u00ab cookies \u00bb, afin de recueillir des informations concernant votre utilisation. Nous vous informons que nous pouvons utiliser des cookies dans votre dispositif \u00e0 condition que Vous ayez donn\u00e9 votre [&hellip;]<\/p>\n","protected":false},"author":1,"featured_media":0,"parent":0,"menu_order":0,"comment_status":"closed","ping_status":"closed","template":"","meta":{"_acf_changed":false,"footnotes":""},"class_list":["post-8037","page","type-page","status-publish","hentry"],"acf":[],"_links":{"self":[{"href":"https:\/\/gsgrupo.com\/fr\/wp-json\/wp\/v2\/pages\/8037","targetHints":{"allow":["GET"]}}],"collection":[{"href":"https:\/\/gsgrupo.com\/fr\/wp-json\/wp\/v2\/pages"}],"about":[{"href":"https:\/\/gsgrupo.com\/fr\/wp-json\/wp\/v2\/types\/page"}],"author":[{"embeddable":true,"href":"https:\/\/gsgrupo.com\/fr\/wp-json\/wp\/v2\/users\/1"}],"replies":[{"embeddable":true,"href":"https:\/\/gsgrupo.com\/fr\/wp-json\/wp\/v2\/comments?post=8037"}],"version-history":[{"count":3,"href":"https:\/\/gsgrupo.com\/fr\/wp-json\/wp\/v2\/pages\/8037\/revisions"}],"predecessor-version":[{"id":8597,"href":"https:\/\/gsgrupo.com\/fr\/wp-json\/wp\/v2\/pages\/8037\/revisions\/8597"}],"wp:attachment":[{"href":"https:\/\/gsgrupo.com\/fr\/wp-json\/wp\/v2\/media?parent=8037"}],"curies":[{"name":"wp","href":"https:\/\/api.w.org\/{rel}","templated":true}]}}