{"id":8040,"date":"2018-10-02T09:18:13","date_gmt":"2018-10-02T09:18:13","guid":{"rendered":"https:\/\/gsgrupo.com\/legal-advice\/"},"modified":"2018-12-21T12:49:57","modified_gmt":"2018-12-21T12:49:57","slug":"avis-juridique","status":"publish","type":"page","link":"https:\/\/gsgrupo.com\/fr\/avis-juridique","title":{"rendered":"Avis Juridique"},"content":{"rendered":"<div id=\"pl-8040\"  class=\"panel-layout\" ><div id=\"pg-8040-0\"  class=\"panel-grid panel-no-style\" ><div id=\"pgc-8040-0-0\"  class=\"panel-grid-cell\" >              <div id=\"panel-8040-0-0-0\" class=\"so-panel widget widget_modulo_texto_solo panel-first-child\" data-index=\"0\" >              <script src=\"https:\/\/code.jquery.com\/jquery-1.11.3.min.js\"><\/script>\n\n                <div class=\"modulo articulo-texto\">\n                    <!--Si tiene cabecera-->\n                                        <div class=\"cabecera\">\n                        <h1>\n                            <span class=\"azul fs26 light efecto\" data-aos=\"sube\">\n                                Mentions l\u00e9gales                            <\/span>\n                        <\/h1>\n                        <a class=\"azul bold fs14 link efecto\" href=\"\" data-aos=\"sube-parrafo\">\n                                                    <\/a>    \n                    <\/div>\n                     \n                    <!--- -->\n                    <div class=\"contenido\">\n                                                        <p class=\"azul fs16 light efecto\" data-aos=\"sube-parrafo\" data-aos-delay=\"200\" data-aos-easing=\"easing-texto\" data-aos-duration='800'>\n                            Conform\u00e9ment \u00e0 la Loi espagnole n\u00b0 34\/2002 du 11 juillet, relative aux services de la soci\u00e9t\u00e9 de l'information et au commerce \u00e9lectronique, nous vous informons que :                            <\/p>\n                                                    \n                    <\/div>\n                \n                <\/div>\n              <\/div>              <div id=\"panel-8040-0-0-1\" class=\"so-panel widget widget_modulo_texto_solo\" data-index=\"1\" >              <script src=\"https:\/\/code.jquery.com\/jquery-1.11.3.min.js\"><\/script>\n\n                <div class=\"modulo articulo-texto\">\n                    <!--Si tiene cabecera-->\n                                        <div class=\"cabecera\">\n                        <h1>\n                            <span class=\"azul fs26 light efecto\" data-aos=\"sube\">\n                                1. Objet                            <\/span>\n                        <\/h1>\n                        <a class=\"azul bold fs14 link efecto\" href=\"\" data-aos=\"sube-parrafo\">\n                                                    <\/a>    \n                    <\/div>\n                     \n                    <!--- -->\n                    <div class=\"contenido\">\n                                                        <p class=\"azul fs16 light efecto\" data-aos=\"sube-parrafo\" data-aos-delay=\"200\" data-aos-easing=\"easing-texto\" data-aos-duration='800'>\n                            Art. 10 LSSI : www.gsgrupo.com est un nom de domaine sur Internet appartenant \u00e0 G\u2019s ESPA\u00d1A HOLDINGS, S.L., dont le si\u00e8ge social se trouve CTRA. EL JIMENADO KM1 30700 TORRE PACHECO (province de MURCIE), et avec le code d\u2019identification fiscale B03012911. La soci\u00e9t\u00e9 est inscrite au registre du commerce de Murcie, tome 2649, folio 58, feuille Mu-32015. \nAux fins du pr\u00e9sent document, le num\u00e9ro de t\u00e9l\u00e9phone \u00e0 contacter est le +34 968188600 et l\u2019adresse de courrier \u00e9lectronique protecciondedatos@gsgrupo.com.\n<br><br>\nLes pr\u00e9sentes Mentions l\u00e9gales r\u00e9gissent l'utilisation dudit domaine. \n<br><br>\nL'utilisation de ce site Web implique l\u2019accord de l\u2019Utilisateur des conditions d'utilisation incluses dans les pr\u00e9sentes Mentions, ainsi que dans nos politiques sur la \u00ab Protection des donn\u00e9es et de la vie priv\u00e9e \u00bb et la \u00ab Politique d\u2019utilisation de cookies \u00bb. Dans le cas o\u00f9 certains services contenus et\/ou outils propos\u00e9s via ce \u00ab Portail \u00bb requi\u00e8rent l\u2019application de conditions sp\u00e9cifiques, ces derni\u00e8res seront mises \u00e0 la disposition de l\u2019Utilisateur. \n<br><br>\nD\u2019autre part, G\u2019s ESPA\u00d1A HOLDINGS, S.L., avertit que les contenus et services de cette page Web, ainsi que les conditions d'utilisation, peuvent \u00eatre modifi\u00e9s sans notification pr\u00e9alable.\n                            <\/p>\n                                                    \n                    <\/div>\n                \n                <\/div>\n              <\/div>              <div id=\"panel-8040-0-0-2\" class=\"so-panel widget widget_modulo_texto_solo\" data-index=\"2\" >              <script src=\"https:\/\/code.jquery.com\/jquery-1.11.3.min.js\"><\/script>\n\n                <div class=\"modulo articulo-texto\">\n                    <!--Si tiene cabecera-->\n                                        <div class=\"cabecera\">\n                        <h1>\n                            <span class=\"azul fs26 light efecto\" data-aos=\"sube\">\n                                2. Conditions d\u2019utilisation                            <\/span>\n                        <\/h1>\n                        <a class=\"azul bold fs14 link efecto\" href=\"\" data-aos=\"sube-parrafo\">\n                                                    <\/a>    \n                    <\/div>\n                     \n                    <!--- -->\n                    <div class=\"contenido\">\n                                                        <p class=\"azul fs16 light efecto\" data-aos=\"sube-parrafo\" data-aos-delay=\"200\" data-aos-easing=\"easing-texto\" data-aos-duration='800'>\n                            L\u2019Utilisateur s\u2019engage \u00e0, dans les rubriques o\u00f9 l'inscription est n\u00e9cessaire pour pouvoir acc\u00e9der \u00e0 ces derni\u00e8res, \u00e0 fournir des donn\u00e9es r\u00e9elles, pr\u00e9cises et compl\u00e8tes \u00e0 propos de son identit\u00e9. De plus, il s\u2019engage \u00e0 tenir \u00e0 jour les donn\u00e9es personnelles pouvant \u00eatre fournies au titulaire du domaine. Par cons\u00e9quent, il est l\u2019unique responsable des fausses d\u00e9clarations ou des donn\u00e9es inexactes qu\u2019il transmet. \n<br><br>\nNous vous informons que si l\u2019Utilisateur est une personne mineure, il devra obtenir l\u2019accord de ses parents, tuteurs ou repr\u00e9sentants l\u00e9gaux pour pouvoir acc\u00e9der aux services propos\u00e9s. La soci\u00e9t\u00e9 G\u2019s ESPA\u00d1A HOLDINGS, S.L. n\u2019est pas tenue responsable dans le cas o\u00f9 les donn\u00e9es \u00e0 ce sujet sont inexactes ou fausses. \n<br><br>\nLe \u00ab portail \u00bb ne peut \u00eatre utilis\u00e9 qu\u2019\u00e0 des fins l\u00e9gitimes, par cons\u00e9quent l\u2019utilisateur s\u2019engage \u00e0 utiliser le portail de fa\u00e7on l\u00e9gale et honn\u00eate et conform\u00e9ment aux pr\u00e9sentes Conditions g\u00e9n\u00e9rales d'utilisation, \u00e0 ne pas utiliser les services du \u00ab portail \u00bb dans le but de r\u00e9aliser des activit\u00e9s contraires \u00e0 la l\u00e9gislation espagnole, \u00e0 la morale et \u00e0 l\u2019ordre public, l'utilisateur assumant ainsi toutes les responsabilit\u00e9s en termes de dommages et de pr\u00e9judices envers le titulaire du domaine ou de tiers qui pourraient d\u00e9couler de pratiques ill\u00e9gales ou non permises, y compris, sans s\u2019y limiter : \n<br><br>\n-R\u00e9aliser, sans l\u2019accord pr\u00e9alable du titulaire du domaine, une quelconque manipulation ou modification de cette page, le titulaire du domaine n\u2019\u00e9tant en aucun cas tenu responsable du r\u00e9sultat d\u00e9coulant de ladite manipulation ou modification par des tiers. \n<br><br>\n-R\u00e9aliser tout acte pouvant endommager, d\u00e9sactiver, surcharger ou d\u00e9t\u00e9riorer le Portail et les services, et\/ou emp\u00eacher le bon fonctionnement et la bonne utilisation par les Utilisateurs. \n<br><br>\n- Introduire et\/ou utiliser des programmes informatiques, des donn\u00e9es, des fichiers d\u00e9fectueux, des virus, des codes malveillants, des \u00e9quipements informatiques ou de t\u00e9l\u00e9communication ou autre, ind\u00e9pendamment de leur nature, qui peuvent endommager le Portail, un quelconque service, un quelconque \u00e9l\u00e9ment actif (physique ou logique) des syst\u00e8me d'information du titulaire du domaine. \n<br><br>\n-Violer les droits de tiers \u00e0 la vie priv\u00e9e, \u00e0 l\u2019image, la protection des donn\u00e9es, au secret de correspondance, \u00e0 la propri\u00e9t\u00e9 intellectuelle et industrielle. \n<br><br>\n-Dissimuler et falsifier l\u2019origine des messages envoy\u00e9s par courrier \u00e9lectronique. \n<br><br>\n-Utiliser de fausses identit\u00e9s, usurper l\u2019identit\u00e9 d\u2019autres personnes lors de l\u2019utilisation du Portail et lors de l\u2019utilisation d\u2019un quelconque de ces services. \n<br><br>\n-Reproduire, distribuer, modifier ou copier le contenu de cette page, sauf si l\u2019Utilisateur dispose de l\u2019autorisation du titulaire du domaine, ou que cela soit autoris\u00e9 l\u00e9galement. \n<br><br>\n-Transmettre \u00e0 des tiers non autoris\u00e9s les noms d\u2019Utilisateur et les cl\u00e9s d\u2019acc\u00e8s. \n<br><br>\nG\u2019s ESPA\u00d1A HOLDINGS, S.L. d\u00e9cline toute responsabilit\u00e9 quant aux Liens (LINKS) vers d\u2019autres pages Web de tiers, et leur existence ne signifie pas que G\u2019s ESPA\u00d1A HOLDINGS, S.L. approuve ou accepte leurs contenus et services. Lesdites autres pages Web ne sont pas contr\u00f4l\u00e9es par G\u2019s ESPA\u00d1A HOLDINGS, S.L., elles ne sont pas non plus couvertes par la pr\u00e9sente Politique de confidentialit\u00e9. Si vous acc\u00e9dez \u00e0 d\u2019autres pages Web au moyen des Links fournis, les op\u00e9rateurs desdits sites Web pourront recueillir vos informations personnelles. Assurez-vous que vous \u00eates d\u2019accord avec les Politiques de confidentialit\u00e9 de ces pages Web tierces avant de fournir un quelconque type d'information personnelle. \n<br><br>\nDe mani\u00e8re g\u00e9n\u00e9rale, le titulaire du domaine se d\u00e9gage de toute responsabilit\u00e9 en termes de dommages et de pr\u00e9judices, d'une quelconque nature, qui peuvent d\u00e9couler de l\u2019utilisation du site Web , ainsi que des dommages et pr\u00e9judices d\u00e9coulant de la violation des droits de propri\u00e9t\u00e9 intellectuelle et industrielle par les utilisateurs, et\/ou de la non v\u00e9racit\u00e9, exactitude et actualisation des contenus. Il ne pourra pas non plus \u00eatre tenu responsable de l\u2019interruption du service, du mauvais fonctionnement ou du non-acc\u00e8s au service. \n<br><br>\nLe titulaire du domaine n\u2019est pas tenu responsable des dommages et pr\u00e9judices caus\u00e9s par la pr\u00e9sence de virus, ou d'un quelconque autre logiciel nuisible, qui pourrait provoquer des alt\u00e9rations dans le syst\u00e8me informatique de l\u2019Utilisateur. \n<br><br>\nLe site Web , y compris, sans s'y limiter, sa programmation, ses dessins, ses logos, son texte et\/ou ses graphiques appartiennent au prestataire ou dispose, le cas \u00e9ch\u00e9ant, de licence ou d\u2019autorisation expresse des auteurs. \n<br><br>\nL\u2019autorisation \u00e9crite pr\u00e9alable du titulaire du domaine est indispensable pour toute reproduction totale ou partielle, toute utilisation, toute exploitation, toute distribution et toute commercialisation. \n<br><br>\nL'Utilisateur s\u2019engage \u00e0 n'accomplir aucun acte contraire aux droits de propri\u00e9t\u00e9 intellectuelle ou industrielle de l\u2019auteur. \n<br><br>\nLe prestataire autorise express\u00e9ment que des tiers puissent se rediriger directement vers des contenus concrets du site Web, devant en tous cas se rediriger vers le site Web principal du prestataire.\n                            <\/p>\n                                                    \n                    <\/div>\n                \n                <\/div>\n              <\/div>              <div id=\"panel-8040-0-0-3\" class=\"so-panel widget widget_modulo_texto_solo\" data-index=\"3\" >              <script src=\"https:\/\/code.jquery.com\/jquery-1.11.3.min.js\"><\/script>\n\n                <div class=\"modulo articulo-texto\">\n                    <!--Si tiene cabecera-->\n                                        <div class=\"cabecera\">\n                        <h1>\n                            <span class=\"azul fs26 light efecto\" data-aos=\"sube\">\n                                3. Protection des donn\u00e9es et utilisation de cookies                            <\/span>\n                        <\/h1>\n                        <a class=\"azul bold fs14 link efecto\" href=\"\" data-aos=\"sube-parrafo\">\n                                                    <\/a>    \n                    <\/div>\n                     \n                    <!--- -->\n                    <div class=\"contenido\">\n                                                        <p class=\"azul fs16 light efecto\" data-aos=\"sube-parrafo\" data-aos-delay=\"200\" data-aos-easing=\"easing-texto\" data-aos-duration='800'>\n                            Cookies Policy.\"&gt;Vous pouvez consulter notre politique relative \u00e0 la protection des donn\u00e9es \u00e0 caract\u00e8re personnel et \u00e0 l\u2019utilisation de cookies en cliquant sur le lien suivant. <a href=\"\/fr\/politique-de-cookies\/\" style=\"color: #0018a8!important;text-decoration:underline;\">Cookies Policy<\/a>.                            <\/p>\n                                                    \n                    <\/div>\n                \n                <\/div>\n              <\/div>              <div id=\"panel-8040-0-0-4\" class=\"so-panel widget widget_modulo_texto_solo panel-last-child\" data-index=\"4\" >              <script src=\"https:\/\/code.jquery.com\/jquery-1.11.3.min.js\"><\/script>\n\n                <div class=\"modulo articulo-texto\">\n                    <!--Si tiene cabecera-->\n                                        <div class=\"cabecera\">\n                        <h1>\n                            <span class=\"azul fs26 light efecto\" data-aos=\"sube\">\n                                4. L\u00e9gislation applicable                            <\/span>\n                        <\/h1>\n                        <a class=\"azul bold fs14 link efecto\" href=\"\" data-aos=\"sube-parrafo\">\n                                                    <\/a>    \n                    <\/div>\n                     \n                    <!--- -->\n                    <div class=\"contenido\">\n                                                        <p class=\"azul fs16 light efecto\" data-aos=\"sube-parrafo\" data-aos-delay=\"200\" data-aos-easing=\"easing-texto\" data-aos-duration='800'>\n                            Les pr\u00e9sentes Conditions sont r\u00e9gies \u00e0 tout moment par les dispositions de la l\u00e9gislation espagnole.                            <\/p>\n                                                    \n                    <\/div>\n                \n                <\/div>\n              <\/div><\/div><\/div><\/div>","protected":false},"excerpt":{"rendered":"<p>Mentions l\u00e9gales Conform\u00e9ment \u00e0 la Loi espagnole n\u00b0 34\/2002 du 11 juillet, relative aux services de la soci\u00e9t\u00e9 de l&#8217;information et au commerce \u00e9lectronique, nous vous informons que : 1. Objet Art. 10 LSSI : www.gsgrupo.com est un nom de domaine sur Internet appartenant \u00e0 G\u2019s ESPA\u00d1A HOLDINGS, S.L., dont le si\u00e8ge social se trouve [&hellip;]<\/p>\n","protected":false},"author":1,"featured_media":0,"parent":0,"menu_order":0,"comment_status":"closed","ping_status":"closed","template":"","meta":{"_acf_changed":false,"footnotes":""},"class_list":["post-8040","page","type-page","status-publish","hentry"],"acf":[],"_links":{"self":[{"href":"https:\/\/gsgrupo.com\/fr\/wp-json\/wp\/v2\/pages\/8040","targetHints":{"allow":["GET"]}}],"collection":[{"href":"https:\/\/gsgrupo.com\/fr\/wp-json\/wp\/v2\/pages"}],"about":[{"href":"https:\/\/gsgrupo.com\/fr\/wp-json\/wp\/v2\/types\/page"}],"author":[{"embeddable":true,"href":"https:\/\/gsgrupo.com\/fr\/wp-json\/wp\/v2\/users\/1"}],"replies":[{"embeddable":true,"href":"https:\/\/gsgrupo.com\/fr\/wp-json\/wp\/v2\/comments?post=8040"}],"version-history":[{"count":4,"href":"https:\/\/gsgrupo.com\/fr\/wp-json\/wp\/v2\/pages\/8040\/revisions"}],"predecessor-version":[{"id":8600,"href":"https:\/\/gsgrupo.com\/fr\/wp-json\/wp\/v2\/pages\/8040\/revisions\/8600"}],"wp:attachment":[{"href":"https:\/\/gsgrupo.com\/fr\/wp-json\/wp\/v2\/media?parent=8040"}],"curies":[{"name":"wp","href":"https:\/\/api.w.org\/{rel}","templated":true}]}}